{"id":5138,"date":"2011-01-17T10:11:49","date_gmt":"2011-01-17T08:11:49","guid":{"rendered":"http:\/\/www.retriiverid.ee\/"},"modified":"2016-01-13T16:44:44","modified_gmt":"2016-01-13T13:44:44","slug":"hoiatuseks-kutsikaostjale","status":"publish","type":"page","link":"https:\/\/www.retriiverid.ee\/ru\/kutsikad\/hoiatuseks-kutsikaostjale\/","title":{"rendered":"\u041f\u0440\u0435\u0434\u0443\u043f\u0440\u0435\u0436\u0434\u0430\u0435\u043c: \u043a\u0430\u043a \u043e\u0431\u043c\u0430\u043d\u044b\u0432\u0430\u044e\u0442 \u043f\u043e\u043a\u0443\u043f\u0430\u0442\u0435\u043b\u0435\u0439 \u0449\u0435\u043d\u043a\u043e\u0432 \u043b\u0430\u0431\u0440\u0430\u0434\u043e\u0440\u0430"},"content":{"rendered":"<p>Aeg-ajalt p\u00f6\u00f6rdub retriiverite t\u00f5u\u00fchingusse, Eesti Kennelliitu ja kasvatajate poole vastseid koeraomanikke, kes suure tuhinaga ja v\u00f5imalikult odavalt (loe: t\u00f5utunnistuseta) on endale kutsika ostnud. <\/p>\n<p>Enamasti saab nende jaoks probleemist probleem\u00a0kui  tekib  huvi koerandusmaailma vastu ehk tahaks osaleda koerten\u00e4itustel, minna t\u00f5ukatsetele-jahikatsetele, jahile, kuulekus-v\u00f5i s\u00f5nakuulelikkusv\u00f5istlustele  aga ei saa, sest k\u00f5ik need eelmainitud  v\u00f5imalused on vaid t\u00f5ukoertele. Millegip\u00e4rast on j\u00e4\u00e4nud n\u00f5ukogude ajast ka arvamus, et k\u00f5ike saab j\u00e4rgi vormistada v\u00f5i iga rahasumma eest osta aga nende kahjuks ei k\u00e4i need asjad  niimoodi&#8230;<\/p>\n<p>Antud lehek\u00fclg on inimesele, keda huvitab, mida ta ostab. Antud juhul keskendume labradori kutsikatele. <\/p>\n<p>J\u00e4rgnevalt toome m\u00f5ned levinumad n\u00e4ited p\u00e4riselust, mis peaksid muutma ostja ettevaatlikuks:<\/p>\n<h3><span style=\"color: #ff0000;\">Vale:<\/span> &#8220;Kutsikatel pole pabereid aga nad on t\u00e4iesti t\u00f5upuhtad&#8221;<\/h3>\n<p><strong>Tegelikkus:<\/strong> T\u00f5utunnistuseta &#8220;labrador&#8221; ei ole labrador. Me ei v\u00e4si imestamast, kuidas t\u00e4iskasvanud inimesed ei m\u00f5ista, miks on vaja vormistada erinevaid pabereid. Samah\u00e4sti v\u00f5iks ka k\u00fcsida, et milleks mulle passi v\u00f5i juhilube vaja on &#8211; ma ju tean kelle laps ma olen v\u00f5i ma ju oskan autoga s\u00f5ita?<\/p>\n<p><img loading=\"lazy\" decoding=\"async\" class=\"alignright size-thumbnail wp-image-4843\" title=\"krantsu\" src=\"\/wp-content\/uploads\/2010\/08\/krantsu-150x150.jpg\" alt=\"\" width=\"150\" height=\"150\" \/>T\u00f5utunnistus t\u00f5endab, et kutsikas on sellest t\u00f5ust  ning just nende vanemate j\u00e4reltulija, mis v\u00e4idetakse. Paberiteta kutsikate m\u00fc\u00fcja ei saa kuidagi t\u00f5endada, et kutsika vanemad on need, keda ta v\u00e4idab olevat. Eesti Kennelliitu kuuluv kasvataja, kes esitab pesakonna kohta valeinfot, j\u00e4\u00e4b aretus\u00f5igustest ilma. <\/p>\n<p><strong>Soovitus 1: <\/strong> Koera ostmisel tuleks alati vormistada kirjalik ostu-m\u00fc\u00fcgileping, kus on kirjas pesakonna vanemate andmed (nimed, registrinumber, ID-number), kasvataja andmed (nimi, elukoht, kontakt) ja lepingu tingimused (mis saab kui kutsikas haigestub m\u00f5nda p\u00e4rilikku haigusesse?). Ilma ostu-m\u00fc\u00fcgilepinguta on teil v\u00e4ga keeruline kui mitte v\u00f5imatu, t\u00f5endada, et ostsite kutsika just sellelt inimeselt ja sellest pesakonnast.<\/p>\n<p><strong>Soovitus 2:<\/strong> Vaktsineerimispass ei ole t\u00f5ugu t\u00f5endav dokument!<\/p>\n<p><strong>Soovitus 3:<\/strong> Kasulik t\u00f6\u00f6riist t\u00e4nap\u00e4eval on internet &#8211; uuri taustinfot.<\/p>\n<h3><span style=\"color: #ff0000;\">Vale:<\/span> &#8220;Kutsikatel pole pabereid, sest paberid maksavad palju&#8230;&#8221;<\/h3>\n<p><strong><strong>Tegelikkus:<\/strong> <\/strong>\u00dche kutsika t\u00f5utunnistuse hind on vaid\u00a0<strong>13 eurot<\/strong>! Miks maksta pea sama suur summa t\u00f5utunnistuseta &#8220;labradori&#8221; eest, kelle puhul pole kindel, et temast ka labrador kasvab? <\/p>\n<p><strong>Soovitus 4:<\/strong> Kui te soovite saada endale lihtsalt perelemmikut (ehk paberid ei ole olulised), siis miks mitte pakkuda kodu m\u00f5nele varjupaiga koerale?<\/p>\n<h3><span style=\"color: #ff0000;\">Vale:<\/span> &quot;Kutsikatel pole pabereid, sest t\u00f5u\u00fching k\u00fcsib pesakonna registreerimise eest vaheltkasu&#8230;&quot;<\/h3>\n<p><strong><strong>Tegelikkus:<\/strong><\/strong> \u00fckski t\u00f5u\u00fching ei tegele t\u00f5utunnistuste v\u00e4ljastamisega ega ole vahel\u00fcliks pesakonna registreerimisel. T\u00f5utunnistusi v\u00e4ljastab Eesti Kennelliit emase koera omaniku avalduse alusel.<\/p>\n<p>Retriiverite t\u00f5u\u00fchingu kodulehel on tasu eest v\u00f5imalik pesakonda reklaamida, kui see pesakond vastab aretusn\u00f5uetele.<\/p>\n<h3><span style=\"color: #ff0000;\">Vale:<\/span> &#8220;Kutsikatel pole pabereid&#8230; sest kutsikate vanematel (v\u00f5i \u00fchel neist) on jahikatse\/ t\u00f5ukatse \/ verej\u00e4lg \/ t\u00f6\u00f6katse\/misiganes katse tegematta.&#8221;<\/h3>\n<p><strong>Tegelikkus: <\/strong>Labradoridel ei ole \u00fckski katse ega test kohustuslik &#8211; tutvu aretusn\u00f5uetega. T\u00f5utunnistusega labradori omamine ei t\u00e4henda, et teil on kohustus temaga hakata jahil v\u00f5i katsetel k\u00e4ima aga alati j\u00e4\u00e4b see v\u00f5imalus. T\u00f5utunnistuseta koertel ei ole lubatud jahist, katsetest ega\u00a0n\u00e4itustest osa v\u00f5tta. <\/p>\n<p>Kui vanematel on m\u00f5ni t\u00f6\u00f6katse v\u00f5i test sooritatud, siis see annab vaid rohkem kindlust, et kutsika iseloom on selline nagu peab.<\/p>\n<h3><span style=\"color: #ff0000;\">Vale:<\/span> &#8220;Kutsikatel pole pabereid&#8230; sest me ei viitsinud n\u00e4itustel k\u00e4ia. &#8220;<\/h3>\n<p><strong><strong>Tegelikkus:<\/strong> <\/strong>Labradoridel on vaja 2 n\u00e4itusehinnet enne aretusse minekut. Mitte midagi \u00fcletamatut. Head n\u00e4itusetulemused annavad kindluse, et vanemad n\u00e4evad v\u00e4lja just sellised nagu peab.<\/p>\n<p>K\u00f5ik \u00fchest t\u00f5ust koerte j\u00e4rglased saavad alati t\u00f5utunnistuse ehk &#8220;paberid&#8221;, sedapuhku lisandub kasvatajale juurde trahv, sest ta rikkus aretusn\u00f5udeid. <\/p>\n<h3><span style=\"color: #ff0000;\">Vale:<\/span> &#8220;Kutsikatel pole pabereid&#8230; sest vanematel ei ole terviseuuringud tehtud aga\u00a0ema ja kutsikad\u00a0on r\u00f5\u00f5msad ja terved, loomaarst kiidab alati meie koeri. Kutsikad vastavad k\u00f5ikidele tervise n\u00f5uetele.&#8221;<\/h3>\n<p><strong><strong>Tegelikkus:<\/strong> <\/strong>k\u00f5ik \u00fchest t\u00f5ust koerte j\u00e4rglased saavad alati t\u00f5utunnistuse ehk &#8220;paberid&#8221; ja ka sedapuhku lisandub kasvatajale juurde trahv n\u00f5uete rikkumise eest.<\/p>\n<p>Labradoridel on vaja enne aretusse minekut uurida puusa-ja k\u00fc\u00fcnarliigesed ning silmad. Seda selleks, et likvideerida need koerad, kelle j\u00e4rglaste seas v\u00f5iks k\u00f5ige t\u00f5en\u00e4olisemalt s\u00fcndida liigese (ei saa valu t\u00f5ttu liikuda; vajab kallist ravi) ja\/v\u00f5i silmaprobleemidega (j\u00e4\u00e4b teatud eas pimedaks) koeri.<\/p>\n<p>Uurimata koerte j\u00e4rglaste soetamine on nagu loterii&#8230;v\u00f5ib saada terve koera aga v\u00f5ib ka mitte. Kui v\u00f5tate endale uurimata labradorilaadse\u00a0koera kutsika, siis probleemide esinedes olete t\u00e4iesti \u00fcksi. Terviseprobleeme esineb loomulikult\u00a0ka t\u00f5utunnistusega koerte seas &#8211; koer on koer &#8211; aga sel juhul on v\u00f5imalik k\u00fcsida abi kasvatajalt\u00a0ning\u00a0p\u00e4rilike vigade\u00a0ilmnemisel on teil\u00a0ostu-m\u00fc\u00fcgilepingu j\u00e4rgi \u00f5igus saada raha tagasi.<\/p>\n<p><strong>Soovitus 4:<\/strong> K\u00fcsige m\u00fc\u00fcjalt, millised uuringud on vanematel tehtud ning k\u00fcsige n\u00e4ha ka uuringute tulemuslehti.<\/p>\n<h3><span style=\"color: #ff0000;\">Vale:<\/span> &#8220;Kutsikal pole pabereid&#8230; sest tal on valehambumus \/ lisavarvas \/ vale v\u00e4rv \/ valed k\u00f5rvad \/ puuduv munand \/ \u00fcks jalg on l\u00fchem kui teine&#8230;&#8221;<\/h3>\n<p><strong>Tegelikkus: <\/strong>Kasvataja kohustus on registreerida k\u00f5ik kutsikad korraga t\u00f5uregistrisse. See kehtib ka v\u00e4rvi v\u00f5i m\u00f5ne muu veaga kutsika kohta. Praakkutsikad kantakse Eesti Kennelliidu MA (mitte aretuse) registrisse ja nad saavad sellegipoolest t\u00f5utunnistuse. Veaga kutsikad m\u00fc\u00fcakse koos t\u00f5utunnistusega ning tavahinnast 1\/3 odavamalt.<\/p>\n<p>Labradoridel pole sellist asja nagu &#8220;vale v\u00e4rv&#8221;, &#8220;valed k\u00f5rvad&#8221; v\u00f5i &#8220;vale kehaosa&#8221;. Puuduv munand on k\u00fcll viga; l\u00f5pliku otsuse selle kohta saab teha alles siis, kui koer on aastane; sama kehtib ka hambumuse kohta. Paarikuuse kutsika kohta on vara v\u00e4ita, et hambumus on vale v\u00f5i munand puudub j\u00e4\u00e4davalt.<\/p>\n<h3><span style=\"color: #ff0000;\">Uuri rohkem:<\/span> &#8220;Kutsikatel on UCI \/ LKA \/ IKA\/ ELK paberid .&#8221;<\/h3>\n<p><strong>P\u00f5hjus:<\/strong> UCI, LKA, ELK ja IKA on alternatiivorganisatsioonid, mida FCI ja FCI-sse kuuluvad organisatsioonid (n\u00e4iteks Eesti Kennelliit) ei tunnusta. See t\u00e4hendab, et nende organisatsioonide paberitega koertel Eesti n\u00e4itustele-v\u00f5istlustele asja ei ole, samuti ei saa nende koerte kutsikad EKL (FCI) t\u00f5utunnistusi.<\/p>\n<p>See ei ole Eesti Kennelliidu ega kellgi ebaviisakus &#8211; see on k\u00f5ikides maades samamoodi. Isikudokumente annab ju meil ka v\u00e4lja ainult kodakondsusamet. M\u00f5istlik ju? Igas riigis on \u00fcks organisatsioon, mida FCI tunnustab. Ja selle organisatsiooni paberid on tunnustatud k\u00f5ikides FCI liikmesmaade organisatsioonides. Kui aga paberid on p\u00e4rit alternatiivorganisatsioonist, siis&#8230; paraku FCI liikmesorganisatsiooni silmis on need v\u00e4\u00e4rtusetud. UCI, LKA, ELK ja IKA korraldavad oma n\u00e4itusi ja neil on oma s\u00fcsteem.<\/p>\n<p><strong>Miks ei tasu osta kutsikat alternatiivklubi paberitega?<\/strong> &#8211; Probleem  seisneb selles, et alternatiivklubis v\u00f5ib kasvataja &#8220;t\u00f5utunnistusele&#8221; kirjutada vanemateks just selliste koerte nimed nagu tahab &#8211; olenemata, kas neil on \u00fcldse mingi seos kutsikatega v\u00f5i mitte; iga kord v\u00f5ib kasvataja v\u00f5tta ka uue &#8220;kennelnime&#8221; v\u00f5i leiutada uue t\u00f5unimetuse&#8230; Alternatiivklubidesse kuuluvad need kasvatajad, kes on FCI-sse kuuluvas organisatsioonis korduvalt reegleid rikkunud ja saanud aretuskeelu ning seet\u00f5ttu v\u00f5tnud n\u00f5uks oma tegevust kuidagimoodi j\u00e4tkata &#8211; ja alternatiivorganisatsioonides on k\u00f5ik lubatud. <\/p>\n<p>Eesti Kennelliidus saab kasvataja aretuskeelu, kui ta on teinud pesakonna lubatust nooremale emasele, j\u00e4tnud t\u00e4itmata t\u00f5u aretusn\u00f5uded (kui need on kehtestatud); teinud emasele uue pesakonna, kui emase eelmine pesakond ei ole v\u00e4hemalt 8-kuu vanune v\u00f5i valetanud kutsikate p\u00f5lnemise kohta v\u00f5i vanemate andmete kohta.<\/p>\n<p><strong>Soovitus 5:<\/strong> Uuri t\u00e4pselt j\u00e4rgi, millise organisatsiooni t\u00f5utunnistuse kutsikas kaasa saab, seda eriti siis kui tood kutsika v\u00e4lismaalt. <\/p>\n<h3><span style=\"color: #ff0000;\">Vale:<\/span> &#8220;Kutsikatel pole pabereid&#8230; sest isa\/ema on liiga noor\/vana&#8230;&#8221;<\/h3>\n<p><strong>Tegelikkus: <\/strong>k\u00f5ik \u00fchest t\u00f5ust koerte j\u00e4rglased saavad alati t\u00f5utunnistuse ehk &#8220;paberid&#8221; ja ka sedapuhku lisandub kasvatajale juurde trahv liiga vana\/noore koera aretuses kasutamise eest.<\/p>\n<p>Aretuses tohib kasutada emaskoeri vanuses 18. elukuust kuni 9-aastaseks saamiseni. Isaskoeri v\u00f5ib aretuses kasutada alates 10. elukuust. Emaskoera v\u00f5ib uuesti paaritada, kui eelmine pesakond on v\u00e4hemalt 8 kuud vana. <\/p>\n<h3><span style=\"color: #ff0000;\">Vale:<\/span> &#8220;Kutsikatel pole pabereid, sest kutsikad on s\u00fcndinud varem kui lubatud &#8211; see on kennelliidu v\u00f5i misiganes klubi n\u00f5ue.&#8221;<\/h3>\n<p><strong>Tegelikkus: <\/strong>V\u00e4ide kuulub kategooriasse piiritu fantaasia. Eesm\u00e4rk on lollitada kergeuslikke.<\/p>\n<h3><span style=\"color: #ff0000;\">Vale:<\/span> &#8220;Enne kui emane pidavat paberitega pesakonna saama peab ta kaks pesakonda paberiteta poegima, kuna muidu ei kasva edukad n\u00e4itusekoerad.&#8221;<\/h3>\n<p><strong>Tegelikkus: <\/strong>see v\u00e4ide kuulub kategooriasse piiritu fantaasia.<\/p>\n<h3><span style=\"color: #ff0000;\">Vale: <\/span>&#8220;Kutsikad on puhtat\u00f5ulised aga paberiteta. Me ei ostnud omale emast koera selleks, et kutsikaid toota, vaid oma pere s\u00f5braks. Meie kutsikas sobib suurep\u00e4raselt teile perelemmikuks, sobib lastega jne.&#8221;<\/h3>\n<p><strong>Tegelikkus: <\/strong>Ka t\u00f5utunnistusega koer on ennek\u00f5ike peres\u00f5ber. Ekslikult arvatakse, et t\u00f5utunnistusega koeraga tuleb pidevalt n\u00e4itustel k\u00e4ia ning tal on selle jaoks &#8220;eriline&#8221; iseloom, mist\u00f5ttu ta ei sobi perelemmikuks. Suur enamus t\u00f5utunnistusega koeri ei ole mitte kunagi \u00fchelgi n\u00e4itusel k\u00e4inud ega saa j\u00e4rglasi. <\/p>\n<h3><span style=\"color: #ff0000;\">Vale:<\/span> &#8220;Iga emane peab kord elus poegima, sest see on tervisele kasulik.&#8221;<\/h3>\n<p><strong>Tegelikkus: <\/strong>Seda v\u00e4idet ei ole suudetud veel t\u00f5estada. Hoopis vastupidi, poegimisega kaasneb palju riske.<\/p>\n<p>Iga emane ei pea ja ei tohikski kutsikaid saada. Looduses s\u00fcnnivad kutsikad vaid alfa-emasel, teised emased koerad k\u00e4ituvad ammede-\u00f5petajatena.<\/p>\n<h3><span style=\"color: #ff0000;\">Vale:<\/span> &#8220;Kutsikatel pole pabereid&#8230; sest kutsikad\/ vanemad ei kuulu kennelisse\/ kennelliitu.&#8221;<\/h3>\n<p><strong>Tegelikkus: <\/strong>Kutsikatel ei saagi t\u00f5utunnistusi olla, kui kutsikate m\u00fc\u00fcja (ehk emase omanik) ei ole neid kennelliidus (rahvusvaheliselt tunnustatud kenneltegevuse keskorganisatsioonis) veel vormistanud.<\/p>\n<p>Kui kutsikate vanemad ei kuulu \u00fchegi riigi kennelliidu registrisse, siis see enamasti t\u00e4hendab, et neil puuduvad p\u00f5lvnemist t\u00f5endavad dokumendid (t\u00f5utunnistus) ja seet\u00f5ttu ei ole v\u00f5imalik kutsikatele t\u00f5utunnistusi vormistada. Sellised kutsikad on suure t\u00f5en\u00e4osusega segaverelised ja n\u00e4evad vaid natuke labradori moodi v\u00e4lja; nende iseloom on etteaimamatu ning t\u00e4iskasvanuna ei pruugi nad enam labradori moodigi olla.<\/p>\n<p>Kui m\u00fc\u00fcjal ei ole registreeritud kennelnime, siis see ei muuda t\u00f5utunnistuse saamisel mitte midagi.<\/p>\n<h3><span style=\"color: #ff0000;\">Vale:<\/span> &#8220;Isased kutsikad maksavad X eurot ja emased Y eurot.&#8221;<\/h3>\n<p><strong>Tegelikkus: <\/strong>\u00dckski normaalne kasvataja ei m\u00e4\u00e4ra hinda vaid soo p\u00f5hjal. Hinnaerinevus v\u00f5ib olla, kui m\u00fc\u00fcakse n\u00e4ituse ja\/v\u00f5i t\u00f6\u00f6potensiaaliga kutsikaid.<\/p>\n<h3><span style=\"color: #ff0000;\">Vale:<\/span> &#8220;Paberiteta kutsikas maksab X eurot, kui tahate pabereid, siis maksab kutsikas Y eurot rohkem.&#8221;<\/h3>\n<p><strong>Tegelikkus: <\/strong>Kasvatajal on kohustus registreerida k\u00f5ik kutsikad \u00fche korraga t\u00f5uregistrisse. Kui m\u00f5tlete \u00fcmber, siis tagantj\u00e4rele ei saa t\u00f5utunnistust enam vormistada.<\/p>\n<p>Kui k\u00f5ik kutsikad on \u00fchesugused, siis miks hinnavahe nii suur on? &#8211; \u00dche kutsika t\u00f5utunnistus maksab vaid\u00a013 eurot. Selliselt &quot;kasvatajalt&quot; ei tohiks kutsikat \u00fcldse osta!<\/p>\n<h3><span style=\"color: #ff0000;\">Vale:<\/span> &#8220;Koerad paaritusid valel ajal.&#8221;<\/h3>\n<p><strong>Tegelikkus: <\/strong>k\u00f5ik \u00fchest t\u00f5ust koerte j\u00e4rglased saavad alati t\u00f5utunnistuse ehk &#8220;paberid&#8221;. V\u00e4ide kuulub kategooriasse t\u00f5eliselt piiritu fantaasia.<\/p>\n<div id=\"attachment_3293\" style=\"width: 160px\" class=\"wp-caption alignright\"><img loading=\"lazy\" decoding=\"async\" aria-describedby=\"caption-attachment-3293\" class=\"size-thumbnail wp-image-3293\" title=\"Wynfaul Tabasco\" src=\"\/wp-content\/uploads\/2010\/08\/wynfaul_tabasco-150x150.jpg\" alt=\"Wynfaul Tabasco\" width=\"150\" height=\"150\" \/><p id=\"caption-attachment-3293\" class=\"wp-caption-text\">Tumekollane labrador<\/p><\/div>\n<h3><span style=\"color: #ff0000;\">Vale:<\/span> &#8220;Kasvataja, kes aretab haruldasi punaseid (fox red) labradore&#8221;<\/h3>\n<p><strong>Tegelikkus: <\/strong>Rebasepunane v\u00f5i punane\u00a0(<em>fox red<\/em>) v\u00e4rvus on k\u00f5ige tumedam kollane v\u00e4rvus, mis kollasel labradoril olla saab. <em>Fox red<\/em> ehk lihtsamalt tumekollane koer ei ole mingi haruldus, neid on k\u00fcll natuke v\u00e4hem.<\/p>\n<h3><span style=\"color: #ff0000;\">Vale:<\/span> &#8220;Labradorid haruldaste v\u00e4rvidega &#8211; tumehallid, \u0161hokolaadikarva ja h\u00f5bedased.&#8221;<\/h3>\n<p><strong>Tegelikkus: <\/strong>T\u00f5ustandardis on kirjas: must, pruun v\u00f5i kollane &#8211; muid v\u00e4rvusi ei ole. <\/p>\n<p><strong>Tumehallid ja h\u00f5bedased<\/strong> koerad s\u00fcnnivad ristamisest teiste t\u00f5ugudega ning nad ei ole puhtat\u00f5ulised labradorid &#8211; neis on samapalju ka teise vanema geene (v\u00e4limus, iseloom). Reklaamitrikk kergeusklike lollitamiseks.<\/p>\n<p> <strong>\u0160hokolaad<\/strong> ehk pruun labrador on v\u00e4ga tavaline.<\/p>\n<h3><span style=\"color: #ff0000;\">Vale:<\/span> &#8220;..haruldased valged, kreemjad, kuldsed labradorid.&#8221;<\/h3>\n<p><strong>Tegelikkus: <\/strong>T\u00f5ustandardis on kirjas: must, pruun v\u00f5i kollane &#8211; muid v\u00e4rvusi ei ole. <\/p>\n<p><strong>Valge<\/strong> t\u00e4hendab kas: a.) v\u00e4ga heledat kollast, mis ei ole haruldane, v\u00f5i b.)\u00a0albiinot. Kui kuulutuses on kirjas &#8220;haruldane valge&#8221; labrador, siis m\u00f5eldakse selle all (hele)kollast v\u00e4rvust ja (hele)kollastes labradorides ei ole mitte midagi haruldast.<\/p>\n<div id=\"attachment_5166\" style=\"width: 160px\" class=\"wp-caption alignright\"><img loading=\"lazy\" decoding=\"async\" aria-describedby=\"caption-attachment-5166\" class=\"size-thumbnail wp-image-5166\" title=\"3 v\u00e4rvi\" src=\"\/wp-content\/uploads\/2011\/01\/3varvi_labrad-150x150.jpg\" alt=\"3 p\u00f5hiv\u00e4rvi\" width=\"150\" height=\"150\" srcset=\"https:\/\/www.retriiverid.ee\/wp-content\/uploads\/2011\/01\/3varvi_labrad-150x150.jpg 150w, https:\/\/www.retriiverid.ee\/wp-content\/uploads\/2011\/01\/3varvi_labrad-330x330.jpg 330w, https:\/\/www.retriiverid.ee\/wp-content\/uploads\/2011\/01\/3varvi_labrad-630x630.jpg 630w, https:\/\/www.retriiverid.ee\/wp-content\/uploads\/2011\/01\/3varvi_labrad.jpg 650w\" sizes=\"auto, (max-width: 150px) 100vw, 150px\" \/><p id=\"caption-attachment-5166\" class=\"wp-caption-text\">3 p\u00f5hiv\u00e4rvi<\/p><\/div>\n<p>Albinism viitab r\u00fchmale geneetilistele defektidele, mis takistavad melaniini (ehk v\u00e4rvuse) teket. Albiino koera\u00a0iseloomulikeks tunnusteks on\u00a0 roosakas, tuhmhall v\u00f5i sinakas silmaiiris ning\u00a0roosa nahk, sageli on nad kurdid.\u00a0Selliseid labradore\u00a0s\u00fcnnib\u00a0v\u00e4ga harva.<\/p>\n<p><strong>Kuldne<\/strong> labrador on t\u00e4iesti tavaline kollane labrador &#8211; mitte segi ajada kuldse retriiveriga, mis on hoopis teine t\u00f5ug. Kui kutsikam\u00fc\u00fcja ei tea, mis v\u00e4rvi v\u00f5i t\u00f5ugu koerad tal on &#8211; n\u00e4iteks osad m\u00fc\u00fcjad on v\u00e4itnud, et neil on kuldne labrador, siis tasuks ka\u00a0ettevaatlik olla, kuna selline kasvataja ei tunne t\u00f5ugu ja ei oska teid tulevikus abistada.\u00a0<\/p>\n<p><strong>Kreem\/bee\u017e<\/strong>\u00a0v\u00e4rvus t\u00e4hendab kollast v\u00e4rvust ja see on v\u00e4ga levinud.<\/p>\n<p>\u00dches pesakonnas v\u00f5ib s\u00fcndida korraga eri v\u00e4rvides (musti, pruune, kollaseid) kutsikaid ning ka \u00fche v\u00e4rvuse piires, enamasti pruuni ja kollase, esineb erinevaid tooni variatsioone.<\/p>\n<div id=\"attachment_5165\" style=\"width: 160px\" class=\"wp-caption alignright\"><img loading=\"lazy\" decoding=\"async\" aria-describedby=\"caption-attachment-5165\" class=\"size-thumbnail wp-image-5165\" title=\"Helekollased labradorid\" src=\"\/wp-content\/uploads\/2011\/01\/valge_labra-150x150.jpg\" alt=\"Helekollased labradorid\" width=\"150\" height=\"150\" \/><p id=\"caption-attachment-5165\" class=\"wp-caption-text\">Helekollased labradorid<\/p><\/div>\n<h3><span style=\"color: #ff0000;\">Vale:<\/span> &#8220;&#8230;.maailma populaarsem t\u00f5ug eriti haruldase v\u00e4rvusega.&#8221;<\/h3>\n<p><strong>Tegelikkus: <\/strong>&#8220;Haruldane&#8221; ja &#8220;ilus&#8221; \u00fches kuulutuses on vaid reklaamiks, et hajutada kahtlusi vanemate t\u00f5u, tervise ja iseloomuprobleemide kohapealt.<\/p>\n<h3><span style=\"color: #ff0000;\">Vale:<\/span> &#8220;&#8230;x v\u00e4rvi labrador ja kuna\u00a0ta on v\u00e4ga haruldane, siis hind on 2 korda k\u00f5rgem.&#8221;<\/h3>\n<p><strong>Tegelikkus: <\/strong>Loe uuesti eelmiseid vastuseid.Kas tasub maksta suur summa t\u00e4iesti tavalise kollase ehk &#8220;haruldase valge&#8221; v\u00f5i hullem albiino labradori eest? Pealgi, \u00fckski normaalne kasvataja ei k\u00fcsi \u00fchegi v\u00e4rvuse eest\u00a0suuremat hinda.<\/p>\n<h3><span style=\"color: #ff0000;\">Vale:<\/span> &#8220;&#8230;haruldased v\u00e4iksed mini-labradorid.&#8221;<\/h3>\n<p><strong>Tegelikkus: <\/strong>Ometigi ideaalne labrador korterisse? &#8211;\u00a0Ei. Peab t\u00f5dema, et miniatuurseid labradore ei ole olemas.<\/p>\n<p>[related-posts]<\/p>\n","protected":false},"excerpt":{"rendered":"<p>Aeg-ajalt p\u00f6\u00f6rdub retriiverite t\u00f5u\u00fchingusse, Eesti Kennelliitu ja kasvatajate poole vastseid koeraomanikke, kes suure tuhinaga ja v\u00f5imalikult odavalt (loe: t\u00f5utunnistuseta) on endale kutsika ostnud. Enamasti saab nende jaoks probleemist probleem\u00a0kui tekib huvi koerandusmaailma vastu ehk tahaks osaleda koerten\u00e4itustel, minna t\u00f5ukatsetele-jahikatsetele, jahile, kuulekus-v\u00f5i s\u00f5nakuulelikkusv\u00f5istlustele aga ei saa, sest k\u00f5ik need eelmainitud v\u00f5imalused on vaid t\u00f5ukoertele. Millegip\u00e4rast on [&hellip;]<\/p>\n","protected":false},"author":19,"featured_media":0,"parent":86,"menu_order":100,"comment_status":"closed","ping_status":"open","template":"","meta":{"footnotes":""},"class_list":["post-5138","page","type-page","status-publish","hentry"],"_links":{"self":[{"href":"https:\/\/www.retriiverid.ee\/ru\/wp-json\/wp\/v2\/pages\/5138","targetHints":{"allow":["GET"]}}],"collection":[{"href":"https:\/\/www.retriiverid.ee\/ru\/wp-json\/wp\/v2\/pages"}],"about":[{"href":"https:\/\/www.retriiverid.ee\/ru\/wp-json\/wp\/v2\/types\/page"}],"author":[{"embeddable":true,"href":"https:\/\/www.retriiverid.ee\/ru\/wp-json\/wp\/v2\/users\/19"}],"replies":[{"embeddable":true,"href":"https:\/\/www.retriiverid.ee\/ru\/wp-json\/wp\/v2\/comments?post=5138"}],"version-history":[{"count":5,"href":"https:\/\/www.retriiverid.ee\/ru\/wp-json\/wp\/v2\/pages\/5138\/revisions"}],"predecessor-version":[{"id":15626,"href":"https:\/\/www.retriiverid.ee\/ru\/wp-json\/wp\/v2\/pages\/5138\/revisions\/15626"}],"up":[{"embeddable":true,"href":"https:\/\/www.retriiverid.ee\/ru\/wp-json\/wp\/v2\/pages\/86"}],"wp:attachment":[{"href":"https:\/\/www.retriiverid.ee\/ru\/wp-json\/wp\/v2\/media?parent=5138"}],"curies":[{"name":"wp","href":"https:\/\/api.w.org\/{rel}","templated":true}]}}