{"id":411,"date":"2010-07-26T19:43:35","date_gmt":"2010-07-26T16:43:35","guid":{"rendered":"http:\/\/retriiverid.ee\/test\/"},"modified":"2014-06-26T15:03:06","modified_gmt":"2014-06-26T12:03:06","slug":"eetikakoodeks","status":"publish","type":"page","link":"https:\/\/www.retriiverid.ee\/ru\/uhing\/eetikakoodeks\/","title":{"rendered":"\u042d\u0442\u0438\u0447\u0435\u0441\u043a\u0438\u0439 \u043a\u043e\u0434\u0435\u043a\u0441"},"content":{"rendered":"<h3>\u042f, \u044f\u0432\u043b\u044f\u044f\u0441\u044c \u0447\u043b\u0435\u043d\u043e\u043c \u042d\u0441\u0442\u043e\u043d\u0441\u043a\u043e\u0433\u043e \u043f\u043e\u0440\u043e\u0434\u043d\u043e\u0433\u043e \u043e\u0431\u0449\u0435\u0441\u0442\u0432\u0430 \u0440\u0435\u0442\u0440\u0438\u0432\u0435\u0440\u043e\u0432, \u043e\u0431\u0435\u0449\u0430\u044e \u0441\u043b\u0435\u0434\u043e\u0432\u0430\u0442\u044c \u0441\u043b\u0435\u0434\u0443\u044e\u0449\u0438\u043c \u044d\u0442\u0438\u0447\u0435\u0441\u043a\u0438\u043c \u043f\u0440\u0438\u043d\u0446\u0438\u043f\u0430\u043c:<\/h3>\n<ol>\n<li>\u041e\u0431\u0435\u0441\u043f\u0435\u0447\u0438\u0432\u0430\u0442\u044c \u0432\u0441\u0435\u043c \u0441\u0432\u043e\u0438\u043c \u0441\u043e\u0431\u0430\u043a\u0430\u043c \u0445\u043e\u0440\u043e\u0448\u0438\u0435 \u0438 \u0441\u043e\u043e\u0442\u0432\u0435\u0442\u0441\u0442\u0432\u0443\u044e\u0449\u0438\u0435 \u043f\u043e\u0440\u043e\u0434\u0435 \u0443\u0441\u043b\u043e\u0432\u0438\u044f \u0441\u043e\u0434\u0435\u0440\u0436\u0430\u043d\u0438\u044f, \u043f\u0438\u0442\u0430\u043d\u0438\u0435 \u0438 \u043f\u0438\u0442\u044c\u0435, \u043d\u0435\u043e\u0431\u0445\u043e\u0434\u0438\u043c\u043e\u0435 \u043e\u0431\u0443\u0447\u0435\u043d\u0438\u0435 \u0438 \u0432\u0435\u0442\u0435\u0440\u0438\u043d\u0430\u0440\u043d\u0443\u044e \u043f\u043e\u043c\u043e\u0449\u044c. \u0417\u0430\u0431\u043e\u0442\u0438\u0442\u044c\u0441\u044f \u043e \u0437\u0434\u043e\u0440\u043e\u0432\u044c\u0435 \u0438 \u0431\u043b\u0430\u0433\u043e\u043f\u043e\u043b\u0443\u0447\u0438\u0438 \u0441\u043e\u0431\u0430\u043a\u0438. \u041d\u0435 \u0443\u0432\u0435\u043b\u0438\u0447\u0438\u0432\u0430\u0442\u044c \u043a\u043e\u043b\u0438\u0447\u0435\u0441\u0442\u0432\u043e \u0441\u043e\u0431\u0430\u043a, \u0435\u0441\u043b\u0438 \u043d\u0435\u0432\u043e\u0437\u043c\u043e\u0436\u043d\u043e \u0431\u0443\u0434\u0435\u0442 \u043e\u0431\u0435\u0441\u043f\u0435\u0447\u0438\u0442\u044c \u0438\u043c \u0432\u0441\u0435 \u0432\u044b\u0448\u0435\u0441\u043a\u0430\u0437\u0430\u043d\u043d\u043e\u0435. \u041e\u0431\u0435\u0441\u043f\u0435\u0447\u0438\u0442\u044c \u0441\u0432\u043e\u0435\u0439 \u0441\u043e\u0431\u0430\u043a\u0435(\u0430\u043c) \u0437\u0434\u043e\u0440\u043e\u0432\u0443\u044e \u0438 \u0441\u0447\u0430\u0441\u0442\u043b\u0438\u0432\u0443\u044e \u0436\u0438\u0437\u043d\u044c \u0438 \u0441\u0442\u0430\u0440\u043e\u0441\u0442\u044c.<\/li>\n<li>\u041d\u0435 \u043f\u043e\u0437\u0432\u043e\u043b\u044f\u0442\u044c \u0441\u0432\u043e\u0435\u0439 \u0441\u043e\u0431\u0430\u043a\u0435(\u0430\u043c) \u0433\u0443\u043b\u044f\u0442\u044c \u0431\u0435\u0437 \u043f\u0440\u0438\u0441\u043c\u043e\u0442\u0440\u0430 \u0438 \u0431\u0435\u0441\u043f\u043e\u043a\u043e\u0438\u0442\u044c \u0434\u0440\u0443\u0433\u0438\u0445 \u043b\u044e\u0434\u0435\u0439 \u0438\u043b\u0438 \u0436\u0438\u0432\u044b\u0445 \u0441\u0443\u0449\u0435\u0441\u0442\u0432.<\/li>\n<li>\u0423\u0431\u0438\u0440\u0430\u0442\u044c \u0437\u0430 \u0441\u0432\u043e\u0435\u0439 \u0441\u043e\u0431\u0430\u043a\u043e\u0439 \u043d\u0430 \u043f\u0440\u043e\u0433\u0443\u043b\u043a\u0430\u0445, \u0432\u044b\u0441\u0442\u0430\u0432\u043a\u0430\u0445 \u0438 \u0434\u0440\u0443\u0433\u0438\u0445 \u043c\u0435\u0440\u043e\u043f\u0440\u0438\u044f\u0442\u0438\u044f\u0445.<\/li>\n<li>\u041d\u0435 \u043f\u0440\u0438\u043c\u0435\u043d\u044f\u0442\u044c \u043d\u0430\u0441\u0438\u043b\u044c\u0441\u0442\u0432\u0435\u043d\u043d\u044b\u0435 \u043c\u0435\u0442\u043e\u0434\u044b \u0434\u0440\u0435\u0441\u0441\u0438\u0440\u043e\u0432\u043a\u0438 \u0438 \u0432\u043e\u0441\u043f\u0438\u0442\u0430\u043d\u0438\u044f \u0441\u043e\u0431\u0430\u043a\u0438.<\/li>\n<li>\u041f\u0440\u0438\u0434\u0435\u0440\u0436\u0438\u0432\u0430\u0442\u044c\u0441\u044f \u043b\u0443\u0447\u0448\u0438\u0445 \u0442\u0440\u0430\u0434\u0438\u0446\u0438\u0439 \u0441\u043e\u0431\u0430\u043a\u043e\u0432\u043e\u0434\u0441\u0442\u0432\u0430; \u0435\u0441\u043b\u0438 \u043f\u0440\u0438\u043d\u0438\u043c\u0430\u0442\u044c \u0443\u0447\u0430\u0441\u0442\u0438\u0435 \u0432 \u0432\u044b\u0441\u0442\u0430\u0432\u043a\u0430\u0445, \u0441\u043e\u0440\u0435\u0432\u043d\u043e\u0432\u0430\u043d\u0438\u044f\u0445 \u0438 \u0438\u0441\u043f\u044b\u0442\u0430\u043d\u0438\u044f\u0445, \u0442\u043e \u0434\u0435\u043b\u0430\u0442\u044c \u044d\u0442\u043e \u0432 \u043f\u043e\u0437\u0438\u0442\u0438\u0432\u043d\u043e\u043c \u0438 \u0441\u043f\u043e\u0440\u0442\u0438\u0432\u043d\u043e\u043c \u043a\u043b\u044e\u0447\u0435, \u043f\u043e\u0434\u0430\u0432\u0430\u044f \u043f\u0440\u0438\u043c\u0435\u0440 \u0434\u0440\u0443\u0433\u0438\u043c \u0441\u043e\u0431\u0430\u043a\u043e\u0432\u043e\u0434\u0430\u043c.<\/li>\n<li>\u0412 \u043f\u043b\u0435\u043c\u0435\u043d\u043d\u043e\u0439 \u0440\u0430\u0431\u043e\u0442\u0435 \u043f\u0440\u0438\u0434\u0435\u0440\u0436\u0438\u0432\u0430\u0442\u044c\u0441\u044f \u043b\u0443\u0447\u0448\u0438\u0445 \u0441\u0442\u0430\u043d\u0434\u0430\u0440\u0442\u043e\u0432 \u043f\u043e \u0437\u0434\u043e\u0440\u043e\u0432\u044c\u044e, \u0442\u0435\u043c\u043f\u0435\u0440\u0430\u043c\u0435\u043d\u0442\u0443 \u0438 \u044d\u043a\u0441\u0442\u0435\u0440\u044c\u0435\u0440\u0443 \u0438 \u0441\u043e\u0431\u043b\u044e\u0434\u0430\u0442\u044c \u0434\u0435\u0439\u0441\u0442\u0432\u0443\u044e\u0449\u0438\u0435 \u0432 \u042d\u0441\u0442\u043e\u043d\u0438\u0438 \u043d\u043e\u0440\u043c\u044b \u043f\u043b\u0435\u043c\u0435\u043d\u043d\u043e\u0439 \u0440\u0430\u0431\u043e\u0442\u044b.<\/li>\n<li>\u0411\u0443\u0434\u0443\u0447\u0438 \u0432\u043b\u0430\u0434\u0435\u043b\u044c\u0446\u0435\u043c \u043a\u043e\u0431\u0435\u043b\u044f, \u043d\u0435 \u043f\u043e\u0437\u0432\u043e\u043b\u044f\u0442\u044c \u0441\u0432\u043e\u0435\u0439 \u0441\u043e\u0431\u0430\u043a\u0435 \u0432\u044f\u0437\u0430\u0442\u044c\u0441\u044f \u0441 \u0441\u0443\u043a\u043e\u0439, \u043a\u043e\u0442\u043e\u0440\u0430\u044f \u043d\u0435 \u0441\u043e\u043e\u0442\u0432\u0435\u0442\u0441\u0442\u0432\u0443\u0435\u0442 \u0441\u043f\u0435\u0446\u0438\u0430\u043b\u044c\u043d\u044b\u043c \u043f\u043b\u0435\u043c\u0435\u043d\u043d\u044b\u043c \u0442\u0440\u0435\u0431\u043e\u0432\u0430\u043d\u0438\u044f\u043c \u043b\u0438\u0431\u043e \u0443 \u043a\u043e\u0442\u043e\u0440\u043e\u0439 \u043d\u0435\u0442 \u0441\u043f\u0435\u0446\u0438\u0430\u043b\u044c\u043d\u043e\u0433\u043e \u0440\u0430\u0437\u0440\u0435\u0448\u0435\u043d\u0438\u044f \u043d\u0430 \u043f\u043e\u043b\u0443\u0447\u0435\u043d\u0438\u0435 \u043f\u043e\u0442\u043e\u043c\u0441\u0442\u0432\u0430 (\u0432 \u0441\u043b\u0443\u0447\u0430\u0435 \u043d\u0435\u0441\u043e\u043e\u0442\u0432\u0435\u0442\u0441\u0442\u0432\u0438\u044f \u043f\u043b\u0435\u043c\u0435\u043d\u043d\u044b\u043c \u0442\u0440\u0435\u0431\u043e\u0432\u0430\u043d\u0438\u044f\u043c), \u0430 \u0442\u0430\u043a\u0436\u0435 \u0441 \u0441\u0443\u043a\u043e\u0439 \u0434\u0440\u0443\u0433\u043e\u0439 \u043f\u043e\u0440\u043e\u0434\u044b \u0438\u043b\u0438 \u0432 \u0441\u043b\u0443\u0447\u0430\u0435, \u0435\u0441\u043b\u0438 \u0432\u043b\u0430\u0434\u0435\u043b\u0435\u0446 \u0441\u0443\u043a\u0438 \u043d\u0435 \u0440\u0430\u0441\u043f\u043e\u043b\u0430\u0433\u0430\u0435\u0442 \u0437\u043d\u0430\u043d\u0438\u044f\u043c\u0438 \u0438 \u0443\u0441\u043b\u043e\u0432\u0438\u044f\u043c\u0438 \u0434\u043b\u044f \u0432\u044b\u0440\u0430\u0449\u0438\u0432\u0430\u043d\u0438\u044f \u043f\u043e\u043c\u0435\u0442\u0430 \u0449\u0435\u043d\u043a\u043e\u0432.<\/li>\n<li>\u041f\u0440\u043e\u0434\u0430\u0432\u0430\u0442\u044c \u0438 \u043e\u0442\u0434\u0430\u0432\u0430\u0442\u044c \u0441\u0432\u043e\u0438\u0445 \u0449\u0435\u043d\u043a\u043e\u0432 \u0438 \u0432\u0437\u0440\u043e\u0441\u043b\u044b\u0445 \u0441\u043e\u0431\u0430\u043a \u0442\u043e\u043b\u044c\u043a\u043e \u043e\u0442\u0432\u0435\u0442\u0441\u0442\u0432\u0435\u043d\u043d\u044b\u043c \u043b\u044e\u0434\u044f\u043c, \u043a\u043e\u0442\u043e\u0440\u044b\u0435 \u0441\u043c\u043e\u0433\u0443\u0442 \u043e\u0431\u0435\u0441\u043f\u0435\u0447\u0438\u0442\u044c \u0436\u0438\u0432\u043e\u0442\u043d\u044b\u043c \u0437\u0434\u043e\u0440\u043e\u0432\u0443\u044e \u0438 \u043f\u043e\u043b\u043d\u043e\u0446\u0435\u043d\u043d\u0443\u044e \u0436\u0438\u0437\u043d\u044c \u0441 \u0443\u0447\u0435\u0442\u043e\u043c \u0442\u0438\u043f\u0430 \u043a\u043e\u043d\u043a\u0440\u0435\u0442\u043d\u043e\u0439 \u0441\u043e\u0431\u0430\u043a\u0438. \u041d\u0438\u043a\u043e\u0433\u0434\u0430 \u043d\u0435 \u043f\u0440\u043e\u0434\u0430\u0432\u0430\u0442\u044c \u0449\u0435\u043d\u043a\u043e\u0432 \u0438 \u0432\u0437\u0440\u043e\u0441\u043b\u044b\u0445 \u0441\u043e\u0431\u0430\u043a \u0432 \u0437\u043e\u043e\u043c\u0430\u0433\u0430\u0437\u0438\u043d\u044b. \u041d\u0435 \u043f\u043e\u043e\u0449\u0440\u044f\u0442\u044c \u0434\u0430\u0440\u0435\u043d\u0438\u0435 \u0449\u0435\u043d\u043a\u043e\u0432 \u043b\u044e\u0434\u044f\u043c, \u043a\u043e\u0442\u043e\u0440\u044b\u0435 \u043d\u0435 \u0438\u0437\u044a\u044f\u0432\u0438\u043b\u0438 \u043f\u0440\u0435\u0434\u0432\u0430\u0440\u0438\u0442\u0435\u043b\u044c\u043d\u043e \u0441\u0432\u043e\u0435\u0433\u043e \u0442\u0432\u0435\u0440\u0434\u043e\u0433\u043e \u0436\u0435\u043b\u0430\u043d\u0438\u044f \u0432\u0437\u044f\u0442\u044c \u0441\u043e\u0431\u0430\u043a\u0443.<\/li>\n<li>\u041e\u0442\u0434\u0430\u0432\u0430\u0442\u044c \u0449\u0435\u043d\u043a\u043e\u0432 \u043d\u043e\u0432\u044b\u043c \u0432\u043b\u0430\u0434\u0435\u043b\u044c\u0446\u0430\u043c \u0432\u043c\u0435\u0441\u0442\u0435 \u0441\u043e \u0432\u0441\u0435\u043c\u0438 \u043d\u0435\u043e\u0431\u0445\u043e\u0434\u0438\u043c\u044b\u043c\u0438 \u0434\u043e\u043a\u0443\u043c\u0435\u043d\u0442\u0430\u043c\u0438: \u0434\u043e\u0433\u043e\u0432\u043e\u0440 \u043a\u0443\u043f\u043b\u0438-\u043f\u0440\u043e\u0434\u0430\u0436\u0438, \u0440\u043e\u0434\u043e\u0441\u043b\u043e\u0432\u043d\u0430\u044f EKL, \u0432\u0435\u0442\u0435\u0440\u0438\u043d\u0430\u0440\u043d\u0430\u044f \u0441\u043f\u0440\u0430\u0432\u043a\u0430 \u043e \u0441\u043e\u0441\u0442\u043e\u044f\u043d\u0438\u0438 \u0437\u0434\u043e\u0440\u043e\u0432\u044c\u044f \u0436\u0438\u0432\u043e\u0442\u043d\u043e\u0433\u043e, \u0432\u0435\u0442\u043f\u0430\u0441\u043f\u043e\u0440\u0442, \u043f\u0438\u0441\u044c\u043c\u0435\u043d\u043d\u044b\u0435 \u0440\u0435\u043a\u043e\u043c\u0435\u043d\u0434\u0430\u0446\u0438\u0438 \u043f\u043e \u0432\u043e\u0441\u043f\u0438\u0442\u0430\u043d\u0438\u044e, \u043e\u0431\u0443\u0447\u0435\u043d\u0438\u044e \u0438 \u0441\u043e\u0434\u0435\u0440\u0436\u0430\u043d\u0438\u044e \u0449\u0435\u043d\u043a\u0430.<\/li>\n<li>\u041f\u043e\u043c\u043e\u0433\u0430\u0442\u044c \u0432\u043b\u0430\u0434\u0435\u043b\u044c\u0446\u0430\u043c \u0441\u0432\u043e\u0438\u0445 \u0449\u0435\u043d\u043a\u043e\u0432 \u0432 \u0432\u043e\u0441\u043f\u0438\u0442\u0430\u043d\u0438\u0438, \u0434\u0430\u0432\u0430\u0442\u044c \u0438\u043c \u043d\u0435\u043e\u0431\u0445\u043e\u0434\u0438\u043c\u0443\u044e \u0438\u043d\u0444\u043e\u0440\u043c\u0430\u0446\u0438\u044e \u043f\u043e \u0443\u0445\u043e\u0434\u0443 \u0437\u0430 \u0441\u043e\u0431\u0430\u043a\u043e\u0439. \u0412 \u0441\u043b\u0443\u0447\u0430\u0435, \u0435\u0441\u043b\u0438 \u043d\u043e\u0432\u044b\u0435 \u0445\u043e\u0437\u044f\u0435\u0432\u0430 \u0449\u0435\u043d\u043a\u043e\u0432 \u0438\u043b\u0438 \u043f\u0440\u043e\u0434\u0430\u043d\u043d\u044b\u0445 \u0432\u0437\u0440\u043e\u0441\u043b\u044b\u0445 \u0441\u043e\u0431\u0430\u043a \u043f\u043e \u043a\u0430\u043a\u0438\u043c-\u0442\u043e \u043f\u0440\u0438\u0447\u0438\u043d\u0430\u043c \u0431\u043e\u043b\u044c\u0448\u0435 \u043d\u0435 \u043c\u043e\u0433\u0443\u0442 \u0438\u0445 \u0441\u043e\u0434\u0435\u0440\u0436\u0430\u0442\u044c, \u043f\u043e\u043c\u043e\u0433\u0430\u0442\u044c \u0438\u043c \u0432 \u043f\u043e\u0438\u0441\u043a\u0435 \u043d\u043e\u0432\u043e\u0433\u043e \u0434\u043e\u043c\u0430 \u0434\u043b\u044f \u0441\u043e\u0431\u0430\u043a.<\/li>\n<li>\u0411\u044b\u0442\u044c \u0447\u0435\u0441\u0442\u043d\u044b\u043c \u043f\u043e \u043e\u0442\u043d\u043e\u0448\u0435\u043d\u0438\u044e \u043a \u0434\u0440\u0443\u0433\u0438\u043c \u0437\u0430\u0432\u043e\u0434\u0447\u0438\u043a\u0430\u043c, \u0441\u043e\u0431\u0430\u043a\u043e\u0432\u043e\u0434\u0430\u043c \u0438 \u0438\u043d\u0442\u0435\u0440\u0435\u0441\u0443\u044e\u0449\u0438\u043c\u0441\u044f \u0449\u0435\u043d\u043a\u0430\u043c\u0438 \u043b\u044e\u0434\u044f\u043c. \u041f\u0440\u0435\u0434\u043e\u0441\u0442\u0430\u0432\u043b\u044f\u0442\u044c \u0434\u043e\u0441\u0442\u043e\u0432\u0435\u0440\u043d\u0443\u044e \u0438\u043d\u0444\u043e\u0440\u043c\u0430\u0446\u0438\u044e \u043e \u0437\u0434\u043e\u0440\u043e\u0432\u044c\u0435, \u0445\u0430\u0440\u0430\u043a\u0442\u0435\u0440\u0435 \u0438 \u043a\u0430\u0447\u0435\u0441\u0442\u0432\u0430\u0445 \u0441\u0432\u043e\u0438\u0445 \u0441\u043e\u0431\u0430\u043a \u0438 \u0438\u0445 \u043f\u043e\u0442\u043e\u043c\u043a\u043e\u0432, \u0430 \u0442\u0430\u043a\u0436\u0435 \u0438\u043d\u0444\u043e\u0440\u043c\u0438\u0440\u043e\u0432\u0430\u0442\u044c \u043e\u0431 \u0438\u043c\u0435\u044e\u0449\u0438\u0445\u0441\u044f \u043f\u043e\u0440\u043e\u043a\u0430\u0445 \u0438 \u043d\u0435\u0434\u043e\u0441\u0442\u0430\u0442\u043a\u0430\u0445.<\/li>\n<li>\u0414\u0435\u043b\u0430\u0442\u044c \u0441\u0432\u043e\u0439 \u0432\u043a\u043b\u0430\u0434 \u0432 \u0440\u0430\u0437\u0432\u0438\u0442\u0438\u0435 \u043f\u043e\u0440\u043e\u0434\u044b \u0438 \u043e\u0437\u043d\u0430\u043a\u043e\u043c\u043b\u0435\u043d\u0438\u0435 \u043e\u0431\u0449\u0435\u0441\u0442\u0432\u0435\u043d\u043d\u043e\u0441\u0442\u0438 \u0441 \u043f\u043e\u0440\u043e\u0434\u0430\u043c\u0438 \u0440\u0435\u0442\u0440\u0438\u0432\u0435\u0440\u043e\u0432.<\/li>\n<li>\u0411\u044b\u0442\u044c \u0432\u0435\u0436\u043b\u0438\u0432\u044b\u043c \u0438 \u0434\u0440\u0443\u0436\u0435\u0441\u0442\u0432\u0435\u043d\u043d\u044b\u043c \u043f\u043e \u043e\u0442\u043d\u043e\u0448\u0435\u043d\u0438\u044e \u043a \u0447\u043b\u0435\u043d\u0430\u043c \u042d\u0441\u0442\u043e\u043d\u0441\u043a\u043e\u0433\u043e \u043f\u043e\u0440\u043e\u0434\u043d\u043e\u0433\u043e \u043e\u0431\u0449\u0435\u0441\u0442\u0432\u0430 \u0440\u0435\u0442\u0440\u0438\u0432\u0435\u0440\u043e\u0432 \u0438 \u043d\u0435 \u0440\u0430\u0441\u043f\u0440\u043e\u0441\u0442\u0440\u0430\u043d\u044f\u0442\u044c \u043d\u0435\u043f\u0440\u043e\u0432\u0435\u0440\u0435\u043d\u043d\u044b\u0435 \u0444\u0430\u043a\u0442\u044b, \u043a\u043b\u0435\u0432\u0435\u0442\u0443 \u0438 \u043b\u043e\u0436\u043d\u0443\u044e \u0438\u043d\u0444\u043e\u0440\u043c\u0430\u0446\u0438\u044e \u043e \u043a\u043e\u043c-\u043b\u0438\u0431\u043e.<\/li>\n<li>\u0421 \u0443\u0432\u0430\u0436\u0435\u043d\u0438\u0435\u043c \u043e\u0442\u043d\u043e\u0441\u0438\u0442\u044c\u0441\u044f \u043a \u042d\u0441\u0442\u043e\u043d\u0441\u043a\u043e\u043c\u0443 \u043f\u043e\u0440\u043e\u0434\u043d\u043e\u043c\u0443 \u043e\u0431\u0449\u0435\u0441\u0442\u0432\u0443 \u0440\u0435\u0442\u0440\u0438\u0432\u0435\u0440\u043e\u0432, \u0441\u043b\u0435\u0434\u043e\u0432\u0430\u0442\u044c \u0435\u0433\u043e \u0443\u043a\u0430\u0437\u0430\u043d\u0438\u044f\u043c \u0438 \u0440\u0435\u0448\u0435\u043d\u0438\u044f\u043c \u0438 \u043d\u0435 \u0434\u0438\u0441\u043a\u0440\u0435\u0434\u0438\u0442\u0438\u0440\u043e\u0432\u0430\u0442\u044c \u0441\u0432\u043e\u0438\u043c\u0438 \u0434\u0435\u0439\u0441\u0442\u0432\u0438\u044f\u043c\u0438 \u0438\u043b\u0438 \u0431\u0435\u0437\u0434\u0435\u0439\u0441\u0442\u0432\u0438\u0435\u043c \u0440\u0435\u043f\u0443\u0442\u0430\u0446\u0438\u044e \u0438 \u0446\u0435\u043b\u0438 \u0434\u0435\u044f\u0442\u0435\u043b\u044c\u043d\u043e\u0441\u0442\u0438 \u043e\u0440\u0433\u0430\u043d\u0438\u0437\u0430\u0446\u0438\u0438.<\/li>\n<li>\u041f\u0435\u0440\u0435\u0434\u0430\u0442\u044c \u043a\u043e\u043f\u0438\u044e \u044d\u0442\u043e\u0433\u043e \u044d\u0442\u0438\u0447\u0435\u0441\u043a\u043e\u0433\u043e \u043a\u043e\u0434\u0435\u043a\u0441\u0430 \u0438 \u0438\u043d\u0444\u043e\u0440\u043c\u0430\u0446\u0438\u044e \u043e\u0431 \u042d\u0441\u0442\u043e\u043d\u0441\u043a\u043e\u043c \u043f\u043e\u0440\u043e\u0434\u043d\u043e\u043c \u043e\u0431\u0449\u0435\u0441\u0442\u0432\u0435 \u0440\u0435\u0442\u0440\u0438\u0432\u0435\u0440\u043e\u0432 \u0438 \u042d\u0441\u0442\u043e\u043d\u0441\u043a\u043e\u043c \u043a\u0438\u043d\u043e\u043b\u043e\u0433\u0438\u0447\u0435\u0441\u043a\u043e\u043c \u0441\u043e\u044e\u0437\u0435 (Eesti Kennelliit) \u043f\u043e\u043a\u0443\u043f\u0430\u0442\u0435\u043b\u044f\u043c \u0441\u0432\u043e\u0438\u0445 \u0449\u0435\u043d\u043a\u043e\u0432.<\/li>\n<\/ol>\n<div id=\"_mcePaste\" class=\"mcePaste\" style=\"position: absolute; left: -10000px; top: 0px; width: 1px; height: 1px; overflow: hidden;\">&lt;h3&gt;ERT\u00dc liikmena luban kinni pidada j\u00e4rgnevatest eetilistest p\u00f5him\u00f5tetest:&lt;\/h3&gt;<br \/>&lt;ol&gt;<br \/> &lt;li&gt;Tagan igale oma koerale head ja t\u00f5uomased pidamistingimused, toidu ja joogi, vajaliku v\u00e4lja\u00f5ppe, veterinaarse abi ning hoolitsen tema tervise ja heaolu eest. Kohustun mitte omama rohkem koeri, kui j\u00f5uan selliselt pidada. Tagan oma koerale\/koertele terve ja \u00f5nneliku elu ning vanadusp\u00f5lve.&lt;\/li&gt;<br \/> &lt;li&gt;Ei v\u00f5imalda oma koeral\/koertel ringi hulkuda ega segada teisi elusolendeid ja inimesi.&lt;\/li&gt;<br \/> &lt;li&gt;Kohustun koristama oma koera j\u00e4relt nii jalutusk\u00e4ikudel, n\u00e4itustel kui ka muudel \u00fcritustel.&lt;\/li&gt;<br \/> &lt;li&gt;Ei kasuta v\u00e4givaldseid meetodeid koera koolitamisel ja kasvatamisel.&lt;\/li&gt;<br \/> &lt;li&gt;Tegutsen parimate koerapidamistavade j\u00e4rgi; n\u00e4itustel, katsetel ja v\u00f5istlustel osalen positiivses ja sportlikus vaimus ning olen eeskujuks teistele koerapidajatele.&lt;\/li&gt;<br \/> &lt;li&gt;T\u00f5uaretuses j\u00e4rgin parimaid tervise, iseloomu ning v\u00e4limiku standardeid ning kohustun t\u00e4itma Eestis kehtivaid aretusnorme.&lt;\/li&gt;<br \/> &lt;li&gt;Isase koera omanikuna ei luba oma koeral viljastada emast, kes ei ole samast t\u00f5ust, ei t\u00e4ida aretuse erin\u00f5udeid v\u00f5i kellel aretustingimustele mittevastamise korral pole n\u00f5uetekohast eriluba pesakonna saamiseks, samuti kui emase omanikul puuduvad eelteadmised ja tingimused pesakonna kasvatamiseks.&lt;\/li&gt;<br \/> &lt;li&gt;M\u00fc\u00fcn ja loovutan oma kutsikaid ja t\u00e4iskasvanud koeri ainult vastutustundlikele isikutele, kes tagavad loomadele terve ning t\u00e4isv\u00e4\u00e4rtusliku elu vastavalt selle koera t\u00fc\u00fcbile. Ma ei m\u00fc\u00fc kutsikaid ja koeri kunagi lemmikloomakaupluste vahendusel ega soosi kutsika kinkimist inimestele, kel puudub eelnev kindel koerav\u00f5tu soov.&lt;\/li&gt;<br \/> &lt;li&gt;Loovutan kutsikad uutele omanikele koos k\u00f5igi vajalike dokumentidega: ostu-m\u00fc\u00fcgi leping, EKL t\u00f5utunnistus, loomaarsti t\u00f5end looma tervisliku seisundi kohta, veterinaarpass, kirjalik juhend kutsika kasvatamiseks, koolituseks ja hooldamiseks.&lt;\/li&gt;<br \/> &lt;li&gt;Abistan oma kutsikate uusi omanikke kutsika kasvatamisel ning annan neile vajalikku infot koera hooldamise kohta. Aitan leida uue kodu oma kasvandikele ja oma m\u00fc\u00fcdud t\u00e4iskasvanud koertele, keda nende endised peremehed ei saa mingil p\u00f5hjusel enam pidada. 11. Olen aus teiste kasvatajate, koeraomanike ja kutsikahuviliste suhtes ning annan t\u00f5est infot oma koerte ja nende j\u00e4rglaste tervise, iseloomu ning omaduste kohta, sh r\u00e4\u00e4gin ka esinevatest vigadest ja puudustest.&lt;\/li&gt;<br \/> &lt;li&gt;Annan oma panuse retriiveri t\u00f5ugude tutvustamisse ja arendamisse.&lt;\/li&gt;<br \/> &lt;li&gt;Olen s\u00f5bralik ja viisakas ERT\u00dc liikmete suhtes ning ei levita kontrollimatuid fakte, laimu ja valeinformatsiooni kellegi suhtes.&lt;\/li&gt;<br \/> &lt;li&gt;Suhtun lugupidavalt Eesti Retriiverite T\u00f5u\u00fchingusse, j\u00e4rgin \u00fchingu juhiseid ja otsuseid ning ei kahjusta oma tegevuse v\u00f5i tegevusetusega selle organisatsiooni mainet ja tegevuseesm\u00e4rke.&lt;\/li&gt;<br \/> &lt;li&gt;Annan eetikakoodeksi koopia retriiverikutsika ostjale koos infoga Eesti Retriiverite T\u00f5u\u00fchingust ja Eesti Kennelliidust.&lt;\/li&gt;<br \/>&lt;\/ol&gt;<\/div>\n","protected":false},"excerpt":{"rendered":"<p>\u042f, \u044f\u0432\u043b\u044f\u044f\u0441\u044c \u0447\u043b\u0435\u043d\u043e\u043c \u042d\u0441\u0442\u043e\u043d\u0441\u043a\u043e\u0433\u043e \u043f\u043e\u0440\u043e\u0434\u043d\u043e\u0433\u043e \u043e\u0431\u0449\u0435\u0441\u0442\u0432\u0430 \u0440\u0435\u0442\u0440\u0438\u0432\u0435\u0440\u043e\u0432, \u043e\u0431\u0435\u0449\u0430\u044e \u0441\u043b\u0435\u0434\u043e\u0432\u0430\u0442\u044c \u0441\u043b\u0435\u0434\u0443\u044e\u0449\u0438\u043c \u044d\u0442\u0438\u0447\u0435\u0441\u043a\u0438\u043c \u043f\u0440\u0438\u043d\u0446\u0438\u043f\u0430\u043c: \u041e\u0431\u0435\u0441\u043f\u0435\u0447\u0438\u0432\u0430\u0442\u044c \u0432\u0441\u0435\u043c \u0441\u0432\u043e\u0438\u043c \u0441\u043e\u0431\u0430\u043a\u0430\u043c \u0445\u043e\u0440\u043e\u0448\u0438\u0435 \u0438 \u0441\u043e\u043e\u0442\u0432\u0435\u0442\u0441\u0442\u0432\u0443\u044e\u0449\u0438\u0435 \u043f\u043e\u0440\u043e\u0434\u0435 \u0443\u0441\u043b\u043e\u0432\u0438\u044f \u0441\u043e\u0434\u0435\u0440\u0436\u0430\u043d\u0438\u044f, \u043f\u0438\u0442\u0430\u043d\u0438\u0435 \u0438 \u043f\u0438\u0442\u044c\u0435, \u043d\u0435\u043e\u0431\u0445\u043e\u0434\u0438\u043c\u043e\u0435 \u043e\u0431\u0443\u0447\u0435\u043d\u0438\u0435 \u0438 \u0432\u0435\u0442\u0435\u0440\u0438\u043d\u0430\u0440\u043d\u0443\u044e \u043f\u043e\u043c\u043e\u0449\u044c. \u0417\u0430\u0431\u043e\u0442\u0438\u0442\u044c\u0441\u044f \u043e \u0437\u0434\u043e\u0440\u043e\u0432\u044c\u0435 \u0438 \u0431\u043b\u0430\u0433\u043e\u043f\u043e\u043b\u0443\u0447\u0438\u0438 \u0441\u043e\u0431\u0430\u043a\u0438. \u041d\u0435 \u0443\u0432\u0435\u043b\u0438\u0447\u0438\u0432\u0430\u0442\u044c \u043a\u043e\u043b\u0438\u0447\u0435\u0441\u0442\u0432\u043e \u0441\u043e\u0431\u0430\u043a, \u0435\u0441\u043b\u0438 \u043d\u0435\u0432\u043e\u0437\u043c\u043e\u0436\u043d\u043e \u0431\u0443\u0434\u0435\u0442 \u043e\u0431\u0435\u0441\u043f\u0435\u0447\u0438\u0442\u044c \u0438\u043c \u0432\u0441\u0435 \u0432\u044b\u0448\u0435\u0441\u043a\u0430\u0437\u0430\u043d\u043d\u043e\u0435. \u041e\u0431\u0435\u0441\u043f\u0435\u0447\u0438\u0442\u044c \u0441\u0432\u043e\u0435\u0439 \u0441\u043e\u0431\u0430\u043a\u0435(\u0430\u043c) \u0437\u0434\u043e\u0440\u043e\u0432\u0443\u044e \u0438 \u0441\u0447\u0430\u0441\u0442\u043b\u0438\u0432\u0443\u044e \u0436\u0438\u0437\u043d\u044c \u0438 [&hellip;]<\/p>\n","protected":false},"author":19,"featured_media":0,"parent":11,"menu_order":6,"comment_status":"closed","ping_status":"open","template":"","meta":{"footnotes":""},"class_list":["post-411","page","type-page","status-publish","hentry"],"_links":{"self":[{"href":"https:\/\/www.retriiverid.ee\/ru\/wp-json\/wp\/v2\/pages\/411","targetHints":{"allow":["GET"]}}],"collection":[{"href":"https:\/\/www.retriiverid.ee\/ru\/wp-json\/wp\/v2\/pages"}],"about":[{"href":"https:\/\/www.retriiverid.ee\/ru\/wp-json\/wp\/v2\/types\/page"}],"author":[{"embeddable":true,"href":"https:\/\/www.retriiverid.ee\/ru\/wp-json\/wp\/v2\/users\/19"}],"replies":[{"embeddable":true,"href":"https:\/\/www.retriiverid.ee\/ru\/wp-json\/wp\/v2\/comments?post=411"}],"version-history":[{"count":0,"href":"https:\/\/www.retriiverid.ee\/ru\/wp-json\/wp\/v2\/pages\/411\/revisions"}],"up":[{"embeddable":true,"href":"https:\/\/www.retriiverid.ee\/ru\/wp-json\/wp\/v2\/pages\/11"}],"wp:attachment":[{"href":"https:\/\/www.retriiverid.ee\/ru\/wp-json\/wp\/v2\/media?parent=411"}],"curies":[{"name":"wp","href":"https:\/\/api.w.org\/{rel}","templated":true}]}}