{"id":408,"date":"2010-07-26T19:39:48","date_gmt":"2010-07-26T16:39:48","guid":{"rendered":"http:\/\/retriiverid.ee\/test\/"},"modified":"2022-10-18T10:52:19","modified_gmt":"2022-10-18T07:52:19","slug":"nouded","status":"publish","type":"page","link":"https:\/\/www.retriiverid.ee\/ru\/aretus\/nouded\/","title":{"rendered":"\u0422\u0440\u0435\u0431\u043e\u0432\u0430\u043d\u0438\u044f \u043a \u043f\u043b\u0435\u043c\u0435\u043d\u043d\u043e\u0439 \u0440\u0430\u0431\u043e\u0442\u0435"},"content":{"rendered":"<ul class=\"siseminemenu\">\n<li><a href=\"\/ru\/aretus\/nouded\/#Yld\" target=\"_blank\">\u041e\u0431\u0449\u0438\u0435 \u0434\u0430\u043d\u043d\u044b\u0435<\/a><\/li>\n<li><a href=\"\/ru\/aretus\/nouded\/#Labrador\" target=\"_blank\">\u041b\u0430\u0431\u0440\u0430\u0434\u043e\u0440\u044b<\/a><\/li>\n<li><a href=\"\/ru\/aretus\/nouded\/#Kuldne\" target=\"_blank\">\u0417\u043e\u043b\u043e\u0442\u0438\u0441\u0442\u044b\u0435 \u0440\u0435\u0442\u0440\u0438\u0432\u0435\u0440\u044b<\/a><\/li>\n<li><a href=\"\/ru\/aretus\/nouded\/#Muud\" target=\"_blank\">\u0414\u0440\u0443\u0433\u0438\u0435 \u043f\u043e\u0440\u043e\u0434\u044b \u0440\u0435\u0442\u0440\u0438\u0432\u0435\u0440\u043e\u0432<\/a><\/li>\n<li>\u041f\u0440\u0435\u0434\u043f\u0438\u0441\u0430\u043d\u0438\u0435 FCI \u043e \u043f\u043b\u0435\u043c\u0435\u043d\u043d\u043e\u0439 \u0440\u0430\u0431\u043e\u0442\u0435<\/li>\n<\/ul>\n<h3>\u041e\u0431\u0449\u0438\u0435 \u0434\u0430\u043d\u043d\u044b\u0435: <a name=\"Yld\"><\/a><\/h3>\n<p>\u0412\u0441\u0435 \u043f\u043e\u0442\u043e\u043c\u043a\u0438 \u0441\u043e\u0431\u0430\u043a \u043e\u0434\u043d\u043e\u0439 \u043f\u043e\u0440\u043e\u0434\u044b, \u0438\u043c\u0435\u044e\u0449\u0438\u0445 \u0440\u043e\u0434\u043e\u0441\u043b\u043e\u0432\u043d\u0443\u044e, \u0412\u0421\u0415\u0413\u0414\u0410 \u043f\u043e\u043b\u0443\u0447\u0430\u044e\u0442 \u0440\u043e\u0434\u043e\u0441\u043b\u043e\u0432\u043d\u0443\u044e.<\/p>\n<ul>\n<li>\u0415\u0441\u043b\u0438 \u0432 \u043f\u043e\u0440\u043e\u0434\u0435 \u0443\u0441\u0442\u0430\u043d\u043e\u0432\u043b\u0435\u043d\u044b \u0442\u0440\u0435\u0431\u043e\u0432\u0430\u043d\u0438\u044f \u043a \u043f\u043b\u0435\u043c\u0435\u043d\u043d\u043e\u0439 \u0440\u0430\u0431\u043e\u0442\u0435 (\u043b\u0430\u0431\u0440\u0430\u0434\u043e\u0440\u044b, \u0437\u043e\u043b\u043e\u0442\u0438\u0441\u0442\u044b\u0435 \u0440\u0435\u0442\u0440\u0438\u0432\u0435\u0440\u044b), \u0442\u043e\u00a0\u0440\u043e\u0434\u043e\u0441\u043b\u043e\u0432\u043d\u0430\u044f \u0431\u0443\u0434\u0435\u0442 \u0441\u0442\u043e\u0438\u0442\u044c <strong>13 \u0435\u0432\u0440\u043e<\/strong>. \u0412\u043f\u0440\u043e\u0447\u0435\u043c,\u00a0\u044d\u0442\u0430 \u0446\u0435\u043d\u0430 \u0434\u0435\u0439\u0441\u0442\u0432\u0438\u0442\u0435\u043b\u044c\u043d\u0430 \u0438 \u0434\u043b\u044f \u0434\u0440\u0443\u0433\u0438\u0445 \u043f\u043e\u0440\u043e\u0434, \u0443 \u043a\u043e\u0442\u043e\u0440\u044b\u0445 \u043d\u0435\u0442 \u0442\u0440\u0435\u0431\u043e\u0432\u0430\u043d\u0438\u0439 \u043a \u043f\u043b\u0435\u043c\u0435\u043d\u043d\u043e\u0439 \u0440\u0430\u0431\u043e\u0442\u0435, &#8211; \u0434\u043b\u044f \u043d\u0438\u0445 \u0434\u0435\u0439\u0441\u0442\u0432\u0443\u044e\u0442 \u043e\u0431\u0449\u0438\u0435 \u0442\u0440\u0435\u0431\u043e\u0432\u0430\u043d\u0438\u044f (\u0441\u043c.\u00a0\u0440\u0430\u0437\u0434\u0435\u043b &#8220;\u0414\u0440\u0443\u0433\u0438\u0435 \u043f\u043e\u0440\u043e\u0434\u044b \u0440\u0435\u0442\u0440\u0438\u0432\u0435\u0440\u043e\u0432&#8221;).<\/li>\n<li>\u0415\u0441\u043b\u0438 \u0442\u0440\u0435\u0431\u043e\u0432\u0430\u043d\u0438\u044f \u043a \u043f\u043b\u0435\u043c\u0435\u043d\u043d\u043e\u0439 \u0440\u0430\u0431\u043e\u0442\u0435 \u043d\u0435 \u0432\u044b\u043f\u043e\u043b\u043d\u0435\u043d\u044b, \u0442\u043e \u0434\u043e\u043f\u043e\u043b\u043d\u0438\u0442\u0435\u043b\u044c\u043d\u043e \u0443\u043f\u043b\u0430\u0447\u0438\u0432\u0430\u0435\u0442\u0441\u044f \u0448\u0442\u0440\u0430\u0444 \u0437\u0430 \u043d\u0430\u0440\u0443\u0448\u0435\u043d\u0438\u0435 \u0442\u0440\u0435\u0431\u043e\u0432\u0430\u043d\u0438\u0439, \u043e\u0434\u043d\u0430\u043a\u043e \u0449\u0435\u043d\u043a\u0438 \u0432\u0441\u0435 \u0440\u0430\u0432\u043d\u043e \u043f\u043e\u043b\u0443\u0447\u0430\u044e\u0442 \u0440\u043e\u0434\u043e\u0441\u043b\u043e\u0432\u043d\u0443\u044e.<\/li>\n<li>\u0420\u043e\u0434\u043e\u0441\u043b\u043e\u0432\u043d\u0430\u044f \u0432\u044b\u0434\u0430\u0435\u0442\u0441\u044f <a title=\"EKL\" href=\"http:\/\/www.kennelliit.ee\" target=\"_blank\">\u042d\u0441\u0442\u043e\u043d\u0441\u043a\u0438\u043c \u043a\u0438\u043d\u043e\u043b\u043e\u0433\u0438\u0447\u0435\u0441\u043a\u0438\u043c \u0441\u043e\u044e\u0437\u043e\u043c<\/a>, \u0430 \u043d\u0435 \u043f\u043e\u0440\u043e\u0434\u043d\u044b\u043c\u0438 \u043e\u0440\u0433\u0430\u043d\u0438\u0437\u0430\u0446\u0438\u044f\u043c\u0438 \u0438\u043b\u0438 \u0437\u0430\u0432\u043e\u0434\u0447\u0438\u043a\u0430\u043c\u0438.<\/li>\n<li>\u0414\u043b\u044f \u043f\u043e\u043b\u0443\u0447\u0435\u043d\u0438\u044f \u0440\u043e\u0434\u043e\u0441\u043b\u043e\u0432\u043d\u043e\u0439 \u0432\u043b\u0430\u0434\u0435\u043b\u0435\u0446 \u0441\u0443\u043a\u0438 (\u0437\u0430\u0432\u043e\u0434\u0447\u0438\u043a) \u0434\u043e\u043b\u0436\u0435\u043d \u043f\u043e\u0434\u0430\u0442\u044c \u0432 \u042d\u0441\u0442\u043e\u043d\u0441\u043a\u0438\u0439 \u043a\u0438\u043d\u043e\u043b\u043e\u0433\u0438\u0447\u0435\u0441\u043a\u0438\u0439 \u0441\u043e\u044e\u0437\u00a0\u0437\u0430\u044f\u0432\u043b\u0435\u043d\u0438\u0435 \u0432\u043c\u0435\u0441\u0442\u0435 \u0441 \u043d\u0435\u043e\u0431\u0445\u043e\u0434\u0438\u043c\u044b\u043c\u0438 \u0434\u043e\u043a\u0443\u043c\u0435\u043d\u0442\u0430\u043c\u0438 \u0432 \u0442\u0435\u0447\u0435\u043d\u0438\u0435 6 \u043c\u0435\u0441\u044f\u0446\u0435\u0432 \u0441\u043e \u0434\u043d\u044f \u0440\u043e\u0436\u0434\u0435\u043d\u0438\u044f \u0449\u0435\u043d\u043a\u043e\u0432. \u0421\u043c. \u043f\u043e\u0434\u0440\u043e\u0431\u043d\u0435\u0435: <a title=\"T\u00f5uraamatum\u00e4\u00e4rus\" href=\"http:\/\/kennelliit.ee\/tervis\/aretusreeglid-ja-eklfci-soovitused\/\" target=\"_blank\">null<\/a><\/li>\n<\/ul>\n<p><strong><span style=\"color: #ff0000;\">\u0412\u043b\u0430\u0434\u0435\u043b\u0435\u0446 \u0449\u0435\u043d\u043a\u0430 \u043d\u0435 \u043c\u043e\u0436\u0435\u0442 \u043e\u0444\u043e\u0440\u043c\u0438\u0442\u044c \u0440\u043e\u0434\u043e\u0441\u043b\u043e\u0432\u043d\u0443\u044e \u0437\u0430\u0434\u043d\u0438\u043c \u0447\u0438\u0441\u043b\u043e\u043c \u043d\u0438 \u043f\u0440\u0438 \u043a\u0430\u043a\u0438\u0445 \u043e\u0431\u0441\u0442\u043e\u044f\u0442\u0435\u043b\u044c\u0441\u0442\u0432\u0430\u0445.\u00a0 <\/span><\/strong><\/p>\n<h3>\u041f\u043b\u0435\u043c\u0435\u043d\u043d\u044b\u0435\u00a0\u0442\u0440\u0435\u0431\u043e\u0432\u0430\u043d\u0438\u044f \u0434\u043b\u044f \u043b\u0430\u0431\u0440\u0430\u0434\u043e\u0440\u043e\u0432\u00a0<a name=\"Labrador\"><\/a><\/h3>\n<p><img decoding=\"async\" class=\"alignright size-full wp-image-3948 noborder\" title=\"labrador retriiver\" src=\"http:\/\/www.retriiverid.ee\/wp-content\/uploads\/2010\/07\/labrador-retriiver2.jpg\" alt=\"labrador retriiver\" height=\"120\" \/>\u041e\u0441\u043d\u043e\u0432\u0430\u043d\u0438\u0435\u043c \u0434\u043b\u044f \u0440\u0435\u0433\u0438\u0441\u0442\u0440\u0430\u0446\u0438\u0438 \u043f\u043e\u043c\u0435\u0442\u0430 \u0432 \u042d\u0441\u0442\u043e\u043d\u0441\u043a\u043e\u043c \u043a\u0438\u043d\u043e\u043b\u043e\u0433\u0438\u0447\u0435\u0441\u043a\u043e\u043c \u0441\u043e\u044e\u0437\u0435 \u044f\u0432\u043b\u044f\u044e\u0442\u0441\u044f \u0441\u043f\u0435\u0446\u0438\u0430\u043b\u044c\u043d\u044b\u0435 \u043f\u043b\u0435\u043c\u0435\u043d\u043d\u044b\u0435\u00a0\u0442\u0440\u0435\u0431\u043e\u0432\u0430\u043d\u0438\u044f \u043a \u0441\u043e\u0431\u0430\u043a\u0430\u043c \u043f\u043e\u0440\u043e\u0434\u044b \u043b\u0430\u0431\u0440\u0430\u0434\u043e\u0440-\u0440\u0435\u0442\u0440\u0438\u0432\u0435\u0440, \u0443\u0441\u0442\u0430\u043d\u043e\u0432\u043b\u0435\u043d\u043d\u044b\u0435 \u042d\u0441\u0442\u043e\u043d\u0441\u043a\u0438\u043c \u043f\u043e\u0440\u043e\u0434\u043d\u044b\u043c \u043e\u0431\u0449\u0435\u0441\u0442\u0432\u043e\u043c \u0440\u0435\u0442\u0440\u0438\u0432\u0435\u0440\u043e\u0432. \u0422\u0440\u0435\u0431\u043e\u0432\u0430\u043d\u0438\u044f \u0434\u0435\u0439\u0441\u0442\u0432\u0443\u044e\u0442 \u0434\u043e 31.12.2014 \u0433. (\u043f\u0440\u043e\u0442\u043e\u043a\u043e\u043b \u0441\u043e\u0432\u0435\u0442\u0430 \u042d\u041a\u0421 \u2116 4 \u043e\u0442 24.05.2009 \u0433.) \u0438 \u044f\u0432\u043b\u044f\u044e\u0442\u0441\u044f \u043e\u0431\u044f\u0437\u0430\u0442\u0435\u043b\u044c\u043d\u044b\u043c\u0438 \u0434\u043b\u044f \u0432\u0441\u0435\u0445 \u0441\u043e\u0431\u0430\u043a \u043f\u043e\u0440\u043e\u0434\u044b \u043b\u0430\u0431\u0440\u0430\u0434\u043e\u0440-\u0440\u0435\u0442\u0440\u0438\u0432\u0435\u0440.<\/p>\n<ul>\n<li>\u0420\u0435\u0437\u0443\u043b\u044c\u0442\u0430\u0442 \u0438\u0441\u0441\u043b\u0435\u0434\u043e\u0432\u0430\u043d\u0438\u044f \u043d\u0430 \u0434\u0438\u0441\u043f\u043b\u0430\u0437\u0438\u044e \u0442\u0430\u0437\u043e\u0431\u0435\u0434\u0440\u0435\u043d\u043d\u044b\u0445 \u0441\u0443\u0441\u0442\u0430\u0432\u043e\u0432: \u0410, \u0412 \u0438\u043b\u0438 \u0421 (\u0441\u043e\u0431\u0430\u043a\u0443 \u0441 \u0440\u0435\u0437\u0443\u043b\u044c\u0442\u0430\u0442\u043e\u043c \u0421 \u043c\u043e\u0436\u043d\u043e \u0432\u044f\u0437\u0430\u0442\u044c \u0442\u043e\u043b\u044c\u043a\u043e \u0441 \u0441\u043e\u0431\u0430\u043a\u043e\u0439 \u0441 \u0440\u0435\u0437\u0443\u043b\u044c\u0442\u0430\u0442\u043e\u043c \u0410).<\/li>\n<li>\u0420\u0435\u0437\u0443\u043b\u044c\u0442\u0430\u0442 \u0438\u0441\u0441\u043b\u0435\u0434\u043e\u0432\u0430\u043d\u0438\u044f \u043d\u0430 \u0434\u0438\u0441\u043f\u043b\u0430\u0437\u0438\u044e \u043b\u043e\u043a\u0442\u0435\u0432\u044b\u0445 \u0441\u0443\u0441\u0442\u0430\u0432\u043e\u0432: 0 \u0438\u043b\u0438 1.<\/li>\n<li>\u0420\u0435\u0437\u0443\u043b\u044c\u0442\u0430\u0442 \u043e\u0444\u0442\u0430\u043b\u044c\u043c\u043e\u043b\u043e\u0433\u0438\u0447\u0435\u0441\u043a\u0438\u0445 \u0438\u0441\u0441\u043b\u0435\u0434\u043e\u0432\u0430\u043d\u0438\u0439: &#8220;\u0447\u0438\u0441\u0442\u043e&#8221;. \u0418\u0441\u0441\u043b\u0435\u0434\u043e\u0432\u0430\u043d\u0438\u0435 \u0434\u043e\u043b\u0436\u043d\u043e \u0431\u044b\u0442\u044c \u043f\u0440\u043e\u0432\u0435\u0434\u0435\u043d\u043e \u043d\u0435 \u0431\u043e\u043b\u0435\u0435 \u0447\u0435\u043c \u0437\u0430 \u043e\u0434\u0438\u043d \u0433\u043e\u0434 \u0434\u043e \u043c\u043e\u043c\u0435\u043d\u0442\u0430 \u0432\u044f\u0437\u043a\u0438.<\/li>\n<li>\u0412\u044b\u0441\u0442\u0430\u0432\u043e\u0447\u043d\u044b\u0435 \u0440\u0435\u0437\u0443\u043b\u044c\u0442\u0430\u0442\u044b \u043e\u0431\u043e\u0438\u0445 \u0440\u043e\u0434\u0438\u0442\u0435\u043b\u0435\u0439: \u043d\u0435 \u043d\u0438\u0436\u0435 \u043e\u0446\u0435\u043d\u043a\u0438 &#8220;\u043e\u0447\u0435\u043d\u044c \u0445\u043e\u0440\u043e\u0448\u043e&#8221; (\u043e\u0442 \u0434\u0432\u0443\u0445 \u0440\u0430\u0437\u043d\u044b\u0445 \u0441\u0443\u0434\u0435\u0439, \u043e\u0434\u043d\u0430 \u0438\u0437 \u043e\u0446\u0435\u043d\u043e\u043a \u0434\u043e\u043b\u0436\u043d\u0430 \u0431\u044b\u0442\u044c \u043f\u043e\u043b\u0443\u0447\u0435\u043d\u0430 \u043d\u0430 \u0441\u043f\u0435\u0446\u0438\u0430\u043b\u0438\u0437\u0438\u0440\u043e\u0432\u0430\u043d\u043d\u043e\u0439 \u0432\u044b\u0441\u0442\u0430\u0432\u043a\u0435 \u043f\u043e\u0440\u043e\u0434\u044b \u043b\u0438\u0431\u043e \u043d\u0430 \u043c\u0435\u0436\u0434\u0443\u043d\u0430\u0440\u043e\u0434\u043d\u043e\u0439 \u0432\u044b\u0441\u0442\u0430\u0432\u043a\u0435). NB! \u041e\u0446\u0435\u043d\u043a\u0438, \u043f\u043e\u043b\u0443\u0447\u0435\u043d\u043d\u044b\u0435 \u0432 \u043a\u043b\u0430\u0441\u0441\u0435 \u0449\u0435\u043d\u043a\u043e\u0432, \u0432 \u0440\u0430\u0441\u0447\u0435\u0442 \u043d\u0435 \u0431\u0435\u0440\u0443\u0442\u0441\u044f.<\/li>\n<\/ul>\n<p>\u0414\u0430\u043d\u043d\u044b\u0435 \u0442\u0440\u0435\u0431\u043e\u0432\u0430\u043d\u0438\u044f \u0434\u043e\u043b\u0436\u043d\u044b \u0431\u044b\u0442\u044c \u0432\u044b\u043f\u043e\u043b\u043d\u0435\u043d\u044b \u0434\u043e \u0432\u044f\u0437\u043a\u0438.<\/p>\n<h3>\u041f\u043b\u0435\u043c\u0435\u043d\u043d\u044b\u0435 \u0442\u0440\u0435\u0431\u043e\u0432\u0430\u043d\u0438\u044f \u0434\u043b\u044f\u00a0\u0437\u043e\u043b\u043e\u0442\u0438\u0441\u0442\u044b\u0445 \u0440\u0435\u0442\u0440\u0438\u0432\u0435\u0440\u043e\u0432\u00a0<a name=\"Kuldne\"><\/a><\/h3>\n<p><img decoding=\"async\" class=\"alignright size-full wp-image-3941 noborder\" title=\"kuldne retriiver\" src=\"http:\/\/www.retriiverid.ee\/wp-content\/uploads\/2010\/07\/kuldne-retriiver.jpg\" alt=\"kuldne retriiver\" height=\"120\" srcset=\"https:\/\/www.retriiverid.ee\/wp-content\/uploads\/2010\/07\/kuldne-retriiver.jpg 482w, https:\/\/www.retriiverid.ee\/wp-content\/uploads\/2010\/07\/kuldne-retriiver-300x214.jpg 300w\" sizes=\"(max-width: 482px) 100vw, 482px\" \/>\u041e\u0441\u043d\u043e\u0432\u0430\u043d\u0438\u0435\u043c \u0434\u043b\u044f \u0440\u0435\u0433\u0438\u0441\u0442\u0440\u0430\u0446\u0438\u0438 \u043f\u043e\u043c\u0435\u0442\u0430 \u0432 \u042d\u0441\u0442\u043e\u043d\u0441\u043a\u043e\u043c \u043a\u0438\u043d\u043e\u043b\u043e\u0433\u0438\u0447\u0435\u0441\u043a\u043e\u043c \u0441\u043e\u044e\u0437\u0435 \u044f\u0432\u043b\u044f\u044e\u0442\u0441\u044f \u0441\u043f\u0435\u0446\u0438\u0430\u043b\u044c\u043d\u044b\u0435 \u043f\u043b\u0435\u043c\u0435\u043d\u043d\u044b\u0435 \u0442\u0440\u0435\u0431\u043e\u0432\u0430\u043d\u0438\u044f \u043a \u0441\u043e\u0431\u0430\u043a\u0430\u043c \u043f\u043e\u0440\u043e\u0434\u044b \u0437\u043e\u043b\u043e\u0442\u0438\u0441\u0442\u044b\u0439 \u0440\u0435\u0442\u0440\u0438\u0432\u0435\u0440, \u0443\u0441\u0442\u0430\u043d\u043e\u0432\u043b\u0435\u043d\u043d\u044b\u0435 \u042d\u0441\u0442\u043e\u043d\u0441\u043a\u0438\u043c \u043f\u043e\u0440\u043e\u0434\u043d\u044b\u043c \u043e\u0431\u0449\u0435\u0441\u0442\u0432\u043e\u043c \u0437\u043e\u043b\u043e\u0442\u0438\u0441\u0442\u044b\u0445 \u0440\u0435\u0442\u0440\u0438\u0432\u0435\u0440\u043e\u0432. \u0422\u0440\u0435\u0431\u043e\u0432\u0430\u043d\u0438\u044f \u0434\u0435\u0439\u0441\u0442\u0432\u0443\u044e\u0442\u00a0\u0441 01.01.2009 \u0433. \u0434\u043e 31.12.2013 \u0433.\u00a0(\u043f\u0440\u043e\u0442\u043e\u043a\u043e\u043b \u0443\u043f\u043e\u043b\u043d\u043e\u043c\u043e\u0447\u0435\u043d\u043d\u043e\u0433\u043e \u0441\u043e\u0432\u0435\u0442\u0430 \u042d\u041a\u0421 \u2116\u00a02 \u043e\u0442 30.11.2008 \u0433.) \u0438 \u044f\u0432\u043b\u044f\u044e\u0442\u0441\u044f \u043e\u0431\u044f\u0437\u0430\u0442\u0435\u043b\u044c\u043d\u044b\u043c\u0438 \u0434\u043b\u044f \u0432\u0441\u0435\u0445 \u0441\u043e\u0431\u0430\u043a \u043f\u043e\u0440\u043e\u0434\u044b \u0437\u043e\u043b\u043e\u0442\u0438\u0441\u0442\u044b\u0439 \u0440\u0435\u0442\u0440\u0438\u0432\u0435\u0440<\/p>\n<ul>\n<li>\u0420\u0435\u0437\u0443\u043b\u044c\u0442\u0430\u0442 \u0438\u0441\u0441\u043b\u0435\u0434\u043e\u0432\u0430\u043d\u0438\u044f \u043d\u0430 \u0434\u0438\u0441\u043f\u043b\u0430\u0437\u0438\u044e \u0442\u0430\u0437\u043e\u0431\u0435\u0434\u0440\u0435\u043d\u043d\u044b\u0445 \u0441\u0443\u0441\u0442\u0430\u0432\u043e\u0432: A, B \u0438\u043b\u0438 C.<\/li>\n<li>\u0420\u0435\u0437\u0443\u043b\u044c\u0442\u0430\u0442 \u0438\u0441\u0441\u043b\u0435\u0434\u043e\u0432\u0430\u043d\u0438\u044f \u043d\u0430 \u0434\u0438\u0441\u043f\u043b\u0430\u0437\u0438\u044e \u043b\u043e\u043a\u0442\u0435\u0432\u044b\u0445 \u0441\u0443\u0441\u0442\u0430\u0432\u043e\u0432: 0 \u0438\u043b\u0438 1.<\/li>\n<li>\u0420\u0435\u0437\u0443\u043b\u044c\u0442\u0430\u0442 \u043e\u0444\u0442\u0430\u043b\u044c\u043c\u043e\u043b\u043e\u0433\u0438\u0447\u0435\u0441\u043a\u0438\u0445 \u0438\u0441\u0441\u043b\u0435\u0434\u043e\u0432\u0430\u043d\u0438\u0439: &#8220;\u0447\u0438\u0441\u0442\u043e (\u043d\u0435\u0442 \u043f\u0440\u0438\u0437\u043d\u0430\u043a\u043e\u0432 PRA, HD, RD)&#8221;. \u0418\u0441\u0441\u043b\u0435\u0434\u043e\u0432\u0430\u043d\u0438\u0435 \u0434\u043e\u043b\u0436\u043d\u043e \u0431\u044b\u0442\u044c \u043f\u0440\u043e\u0432\u0435\u0434\u0435\u043d\u043e \u043d\u0435 \u0431\u043e\u043b\u0435\u0435 \u0447\u0435\u043c \u0437\u0430 \u0434\u0432\u0430 \u0433\u043e\u0434\u0430 \u0434\u043e \u043c\u043e\u043c\u0435\u043d\u0442\u0430 \u0432\u044f\u0437\u043a\u0438.<\/li>\n<li>\u0412\u044b\u0441\u0442\u0430\u0432\u043e\u0447\u043d\u044b\u0435 \u0440\u0435\u0437\u0443\u043b\u044c\u0442\u0430\u0442\u044b \u043e\u0431\u043e\u0438\u0445 \u0440\u043e\u0434\u0438\u0442\u0435\u043b\u0435\u0439: \u043d\u0435 \u043d\u0438\u0436\u0435 \u043e\u0446\u0435\u043d\u043a\u0438 &#8220;\u043e\u0447\u0435\u043d\u044c \u0445\u043e\u0440\u043e\u0448\u043e&#8221; \u043d\u0430 \u0434\u0432\u0443\u0445 \u0432\u044b\u0441\u0442\u0430\u0432\u043a\u0430\u0445.<\/li>\n<\/ul>\n<p>\u0414\u0430\u043d\u043d\u044b\u0435 \u0442\u0440\u0435\u0431\u043e\u0432\u0430\u043d\u0438\u044f \u0434\u043e\u043b\u0436\u043d\u044b \u0431\u044b\u0442\u044c \u0432\u044b\u043f\u043e\u043b\u043d\u0435\u043d\u044b \u0434\u043e \u0432\u044f\u0437\u043a\u0438.<\/p>\n<h3>\u0414\u0440\u0443\u0433\u0438\u0435 \u043f\u043e\u0440\u043e\u0434\u044b \u0440\u0435\u0442\u0440\u0438\u0432\u0435\u0440\u043e\u0432 <a name=\"Muud\"><\/a><\/h3>\n<ul>\n<li>\u0415\u0441\u043b\u0438 \u043a\u043e\u0431\u0435\u043b\u044c \u043d\u0435 \u0443\u0447\u0430\u0441\u0442\u0432\u043e\u0432\u0430\u043b \u0432 \u0432\u044b\u0441\u0442\u0430\u0432\u043a\u0430\u0445, \u0442\u043e \u0442\u0440\u0435\u0431\u0443\u0435\u0442\u0441\u044f \u0441\u043f\u0440\u0430\u0432\u043a\u0430 \u043e\u0442 \u0432\u0435\u0442\u0435\u0440\u0438\u043d\u0430\u0440\u0430, \u043f\u043e\u0434\u0442\u0432\u0435\u0440\u0436\u0434\u0430\u044e\u0449\u0430\u044f \u043d\u043e\u0440\u043c\u0430\u043b\u044c\u043d\u043e\u0435 \u0440\u0430\u0437\u0432\u0438\u0442\u0438\u0435 \u0441\u0435\u043c\u0435\u043d\u043d\u0438\u043a\u043e\u0432.<\/li>\n<li>\u041d\u0430 \u043c\u043e\u043c\u0435\u043d\u0442 \u0432\u044f\u0437\u043a\u0438 \u0441\u0443\u043a\u0430 \u043d\u0435 \u0434\u043e\u043b\u0436\u043d\u0430 \u0431\u044b\u0442\u044c \u043c\u043e\u043b\u043e\u0436\u0435 18 \u043c\u0435\u0441\u044f\u0446\u0435\u0432 \u0438 \u0441\u0442\u0430\u0440\u0448\u0435 8 \u043b\u0435\u0442.<\/li>\n<li>\u041d\u0430 \u043c\u043e\u043c\u0435\u043d\u0442 \u0432\u044f\u0437\u043a\u0438 \u043a\u043e\u0431\u0435\u043b\u044c \u0434\u043e\u043b\u0436\u0435\u043d \u0431\u044b\u0442\u044c \u043d\u0435 \u043c\u043e\u043b\u043e\u0436\u0435 10 \u043c\u0435\u0441\u044f\u0446\u0435\u0432.<\/li>\n<\/ul>\n<p>\u0414\u0430\u043d\u043d\u044b\u0435 \u0442\u0440\u0435\u0431\u043e\u0432\u0430\u043d\u0438\u044f \u0434\u043e\u043b\u0436\u043d\u044b \u0431\u044b\u0442\u044c \u0432\u044b\u043f\u043e\u043b\u043d\u0435\u043d\u044b \u0434\u043e \u0432\u044f\u0437\u043a\u0438.<\/p>\n<p>[related-posts]<\/p>\n","protected":false},"excerpt":{"rendered":"<p>\u041e\u0431\u0449\u0438\u0435 \u0434\u0430\u043d\u043d\u044b\u0435 \u041b\u0430\u0431\u0440\u0430\u0434\u043e\u0440\u044b \u0417\u043e\u043b\u043e\u0442\u0438\u0441\u0442\u044b\u0435 \u0440\u0435\u0442\u0440\u0438\u0432\u0435\u0440\u044b \u0414\u0440\u0443\u0433\u0438\u0435 \u043f\u043e\u0440\u043e\u0434\u044b \u0440\u0435\u0442\u0440\u0438\u0432\u0435\u0440\u043e\u0432 \u041f\u0440\u0435\u0434\u043f\u0438\u0441\u0430\u043d\u0438\u0435 FCI \u043e \u043f\u043b\u0435\u043c\u0435\u043d\u043d\u043e\u0439 \u0440\u0430\u0431\u043e\u0442\u0435 \u041e\u0431\u0449\u0438\u0435 \u0434\u0430\u043d\u043d\u044b\u0435: \u0412\u0441\u0435 \u043f\u043e\u0442\u043e\u043c\u043a\u0438 \u0441\u043e\u0431\u0430\u043a \u043e\u0434\u043d\u043e\u0439 \u043f\u043e\u0440\u043e\u0434\u044b, \u0438\u043c\u0435\u044e\u0449\u0438\u0445 \u0440\u043e\u0434\u043e\u0441\u043b\u043e\u0432\u043d\u0443\u044e, \u0412\u0421\u0415\u0413\u0414\u0410 \u043f\u043e\u043b\u0443\u0447\u0430\u044e\u0442 \u0440\u043e\u0434\u043e\u0441\u043b\u043e\u0432\u043d\u0443\u044e. \u0415\u0441\u043b\u0438 \u0432 \u043f\u043e\u0440\u043e\u0434\u0435 \u0443\u0441\u0442\u0430\u043d\u043e\u0432\u043b\u0435\u043d\u044b \u0442\u0440\u0435\u0431\u043e\u0432\u0430\u043d\u0438\u044f \u043a \u043f\u043b\u0435\u043c\u0435\u043d\u043d\u043e\u0439 \u0440\u0430\u0431\u043e\u0442\u0435 (\u043b\u0430\u0431\u0440\u0430\u0434\u043e\u0440\u044b, \u0437\u043e\u043b\u043e\u0442\u0438\u0441\u0442\u044b\u0435 \u0440\u0435\u0442\u0440\u0438\u0432\u0435\u0440\u044b), \u0442\u043e\u00a0\u0440\u043e\u0434\u043e\u0441\u043b\u043e\u0432\u043d\u0430\u044f \u0431\u0443\u0434\u0435\u0442 \u0441\u0442\u043e\u0438\u0442\u044c 13 \u0435\u0432\u0440\u043e. \u0412\u043f\u0440\u043e\u0447\u0435\u043c,\u00a0\u044d\u0442\u0430 \u0446\u0435\u043d\u0430 \u0434\u0435\u0439\u0441\u0442\u0432\u0438\u0442\u0435\u043b\u044c\u043d\u0430 \u0438 \u0434\u043b\u044f \u0434\u0440\u0443\u0433\u0438\u0445 \u043f\u043e\u0440\u043e\u0434, \u0443 \u043a\u043e\u0442\u043e\u0440\u044b\u0445 \u043d\u0435\u0442 \u0442\u0440\u0435\u0431\u043e\u0432\u0430\u043d\u0438\u0439 \u043a \u043f\u043b\u0435\u043c\u0435\u043d\u043d\u043e\u0439 \u0440\u0430\u0431\u043e\u0442\u0435, [&hellip;]<\/p>\n","protected":false},"author":19,"featured_media":0,"parent":80,"menu_order":0,"comment_status":"closed","ping_status":"open","template":"","meta":{"footnotes":""},"class_list":["post-408","page","type-page","status-publish","hentry"],"_links":{"self":[{"href":"https:\/\/www.retriiverid.ee\/ru\/wp-json\/wp\/v2\/pages\/408","targetHints":{"allow":["GET"]}}],"collection":[{"href":"https:\/\/www.retriiverid.ee\/ru\/wp-json\/wp\/v2\/pages"}],"about":[{"href":"https:\/\/www.retriiverid.ee\/ru\/wp-json\/wp\/v2\/types\/page"}],"author":[{"embeddable":true,"href":"https:\/\/www.retriiverid.ee\/ru\/wp-json\/wp\/v2\/users\/19"}],"replies":[{"embeddable":true,"href":"https:\/\/www.retriiverid.ee\/ru\/wp-json\/wp\/v2\/comments?post=408"}],"version-history":[{"count":12,"href":"https:\/\/www.retriiverid.ee\/ru\/wp-json\/wp\/v2\/pages\/408\/revisions"}],"predecessor-version":[{"id":20390,"href":"https:\/\/www.retriiverid.ee\/ru\/wp-json\/wp\/v2\/pages\/408\/revisions\/20390"}],"up":[{"embeddable":true,"href":"https:\/\/www.retriiverid.ee\/ru\/wp-json\/wp\/v2\/pages\/80"}],"wp:attachment":[{"href":"https:\/\/www.retriiverid.ee\/ru\/wp-json\/wp\/v2\/media?parent=408"}],"curies":[{"name":"wp","href":"https:\/\/api.w.org\/{rel}","templated":true}]}}