{"id":33,"date":"2010-07-22T16:47:50","date_gmt":"2010-07-22T13:47:50","guid":{"rendered":"http:\/\/retriiverid.ee\/test\/"},"modified":"2016-08-03T15:44:13","modified_gmt":"2016-08-03T12:44:13","slug":"kuldne-retriiver","status":"publish","type":"page","link":"https:\/\/www.retriiverid.ee\/ru\/retriiverite-toud\/kuldne-retriiver\/","title":{"rendered":"Kuldne retriiver"},"content":{"rendered":"<p>Lisainfot leiab:\u00a0<a title=\"Eesti Kuldsete Retriiverite T\u00f5u\u00fching\" href=\"http:\/\/www.kuldne.ee\" target=\"_blank\">Eesti Kuldsete Retriiverite T\u00f5u\u00fching<\/a><\/p>\n<p><strong>S\u00fcnnimaa:<\/strong>\u00a0 Inglismaa<img loading=\"lazy\" decoding=\"async\" class=\"alignright wp-image-14772 noborder\" title=\"kuldne-retriiver-seis\" src=\"http:\/\/www.retriiverid.ee\/wp-content\/uploads\/2010\/07\/kuldne-retriiver-seis.png\" alt=\"\" width=\"300\" height=\"201\" srcset=\"https:\/\/www.retriiverid.ee\/wp-content\/uploads\/2010\/07\/kuldne-retriiver-seis.png 510w, https:\/\/www.retriiverid.ee\/wp-content\/uploads\/2010\/07\/kuldne-retriiver-seis-350x234.png 350w\" sizes=\"auto, (max-width: 300px) 100vw, 300px\" \/><\/p>\n<p><strong>Algus:<\/strong>\u00a0 1800ndad<\/p>\n<p><strong>Algne otstarve:\u00a0<\/strong>\u00a0saagi otsija ja k\u00e4ttetooja<\/p>\n<p><strong>T\u00e4nap\u00e4eval:\u00a0<\/strong>\u00a0saagi otsija ja tooja,\u00a0<a href=\"http:\/\/www.retriiverid.ee\/category\/too-ja-koolitus\/jahikatsed\/\">jahikatsed<\/a>\/jaht, agility, teraapiakoer, narkokoer, juhtkoer, abikoer, perelemmik jm<\/p>\n<p><strong>Eluiga:<\/strong>\u00a010-13a.<\/p>\n<p><strong>Energiatase:<\/strong>\u00a0keskmine-k\u00f5rge<\/p>\n<h3>L\u00fchitutvustus<\/h3>\n<p><img loading=\"lazy\" decoding=\"async\" class=\"size-medium wp-image-921 alignleft\" title=\"Kuldne retriiver\" src=\"http:\/\/www.retriiverid.ee\/wp-content\/uploads\/2010\/07\/kuldne20-200x300.jpg\" alt=\"Kuldne retriiver\" width=\"200\" height=\"300\" srcset=\"https:\/\/www.retriiverid.ee\/wp-content\/uploads\/2010\/07\/kuldne20-200x300.jpg 200w, https:\/\/www.retriiverid.ee\/wp-content\/uploads\/2010\/07\/kuldne20.jpg 300w\" sizes=\"auto, (max-width: 200px) 100vw, 200px\" \/><\/p>\n<p>Kuldne retriiver on \u00fcks kuuest retriiveri t\u00f5ust (s\u00f5na <em>retrieve<\/em> t\u00e4hendab inglise keeles \u2018tooma, k\u00e4tte toimetama\u2019).<\/p>\n<p>Kuldne retriiver on jahikoer, kes toob jahimehele k\u00e4tte lastud linnu, j\u00e4nese v\u00f5i m\u00f5ne muu v\u00e4ikese saaklooma. Samuti kasutatakse kuldseid (ja retriivereid \u00fcldse) pommikoertena, narkokoertena ja pimedate juhtkoertena. Oma s\u00f5braliku loomuse t\u00f5ttu elavad nad peremehest lahutamise \u00fcle ja lepivad uue peremehega kergemini kui m\u00f5ni teine t\u00f5ug. Nii saab neid dresseerida ja seej\u00e4rel pimedale omanikule anda.<\/p>\n<p>Kuldne on suurep\u00e4rane perekoer, ta on v\u00e4ga s\u00f5bralik ja heatahtlik, omab suurt t\u00f6\u00f6tahet ja soovi peremehele meele j\u00e4rele olla, mis teeb tema dresseerimise v\u00f5rdlemisi lihtsaks. Ta tahab alati olla oma perega koos ja otsib ka magamiseks paiga, kust saab peres toimuvaga kursis olla. Kui lasta kuldne omap\u00e4i uitama (n\u00e4iteks metsas v\u00f5i piknikul olles) siis k\u00e4ib ta aeg-ajalt kontrollimas, kas pererahvaga on k\u00f5ik ikka korras ja ega keegi \u00e4kki tema \u201cabi\u201d ei vaja.<\/p>\n<p>Kuldsetel, nagu retriiveritel \u00fcldse, on enamasti suur s\u00f6\u00f6giisu. Ta on valmis s\u00f6\u00f6ma \u00fcksk\u00f5ik mida ja \u00fcksk\u00f5ik mis olekus, hoolimata sellest kas tal on k\u00f5ht t\u00fchi v\u00f5i mitte. Muidugi on ka m\u00f5ningaid v\u00e4hese isuga erandeid.<\/p>\n\n<!-- Page-list plugin v.5.7 wordpress.org\/plugins\/page-list\/ -->\n<ul class=\"page-list \">\n<li class=\"page_item page-item-2865\"><a href=\"https:\/\/www.retriiverid.ee\/ru\/retriiverite-toud\/kuldne-retriiver\/kuldse-retriiveri-esitlemine-naitusel\/\">Kuldse retriiveri esitlemine n\u00e4itusel<\/a><\/li>\n<li class=\"page_item page-item-2858\"><a href=\"https:\/\/www.retriiverid.ee\/ru\/retriiverite-toud\/kuldne-retriiver\/kuldse-retriiveri-ettevalmistamine\/\">Kuldse retriiveri n\u00e4ituseks ettevalmistamine<\/a><\/li>\n<li class=\"page_item page-item-3319\"><a href=\"https:\/\/www.retriiverid.ee\/ru\/retriiverite-toud\/kuldne-retriiver\/kuldse-retriiveri-tou-ajalugu\/\">Kuldse retriiveri t\u00f5u ajalugu<\/a><\/li>\n<li class=\"page_item page-item-6353\"><a href=\"https:\/\/www.retriiverid.ee\/ru\/retriiverite-toud\/kuldne-retriiver\/kkk-kuldne-retriiver\/\">FAQ &#8211; \u0437\u043e\u043b\u043e\u0442\u0438\u0441\u0442\u044b\u0439 \u0440\u0435\u0442\u0440\u0438\u0432\u0435\u0440<\/a><\/li>\n\n<\/ul>\n<hr \/>\n<h3>Gruppikuuluvus<\/h3>\n<p>FCI r\u00fchm 8, alar\u00fchm 1, britit\u00f5ug.<br \/>\nTutvu: <a href=\"http:\/\/kennelliit.ee\/wp-content\/uploads\/est_standardid\/microsoft_word_-_111_kuldne_retriiver_et.pdf\" target=\"_blank\">kuldse retriiveri standard<\/a><\/p>\n<h3>\u00dcldine v\u00e4limus<\/h3>\n<p>Proportsioonaalne, aktiivne, j\u00f5ulise ja sujuvate liigutustega koer, s\u00f5bralik ilme ja olek.<\/p>\n<h3>Iseloom<\/h3>\n<p>Tark, intelligentne ja t\u00f5ule omase t\u00f6\u00f6tahtega.<\/p>\n<h3>Temperament<\/h3>\n<p>Heatahtlik, s\u00f5bralik ja usaldav.<\/p>\n<p><object width=\"640\" height=\"385\" classid=\"clsid:d27cdb6e-ae6d-11cf-96b8-444553540000\" codebase=\"http:\/\/download.macromedia.com\/pub\/shockwave\/cabs\/flash\/swflash.cab#version=6,0,40,0\"><param name=\"allowFullScreen\" value=\"true\" \/><param name=\"allowscriptaccess\" value=\"always\" \/><param name=\"src\" value=\"http:\/\/www.youtube.com\/v\/0h2XKmUAz-Q?fs=1&amp;hl=en_US&amp;color1=0x006699&amp;color2=0x54abd6\" \/><param name=\"allowfullscreen\" value=\"true\" \/><embed width=\"640\" height=\"385\" type=\"application\/x-shockwave-flash\" src=\"http:\/\/www.youtube.com\/v\/0h2XKmUAz-Q?fs=1&amp;hl=en_US&amp;color1=0x006699&amp;color2=0x54abd6\" allowfullscreen=\"allowfullscreen\" allowscriptaccess=\"always\" allowfullscreen=\"allowfullscreen\" \/><\/object><\/p>\n<h3>Pea<\/h3>\n<p>Proportsionaalne ja selgepiiriliste joontega pea, mitte j\u00e4meda koljuga, liitub h\u00e4sti kaelaga. Koon j\u00f5uline, lai ja s\u00fcgav. Koon \u00a0 pikkused. Otsaesine selgepiiriline. Nina must.<br \/>\n<strong>Silmad: <\/strong>tumepruunid, \u00fcksteisest lahus asetsevad. Silma\u00e4\u00e4red tumedad.<br \/>\n<strong>K\u00f5rvad: <\/strong>keskmise suurusega, asetsevad silmade k\u00f5rgusel.<br \/>\n<strong>Suu:<\/strong> tugevad l\u00f5uad. T\u00e4iuslik, korrap\u00e4rane hambumus, s.t. alal\u00f5ua esihambad puudutavad kergesti \u00fclal\u00f5ua esihammaste tagapinda.<br \/>\n<strong>Kael:<\/strong> pikk, kuiv ja lihaseline.<\/p>\n<h3>Esiosa<\/h3>\n<p>J\u00f5uline luustik, pikk ja h\u00e4sti tahapoole hoiduv \u00f5lg, pikk \u00f5lavars, sirged esijalad.<\/p>\n<h3>Keha<\/h3>\n<p>Proportsionaalne, tervikliku, s\u00fcgava ja pika rinnakorviga. Ribid pikad ja h\u00e4sti kaardunud. Lameda seljajoonega.<\/p>\n<h3>Tagaosa<\/h3>\n<p>Tugev nimmeosa, hea nurga all lihaliste reitega tagajalad. Madalal asetsevad kannad, tagajalad tagant vaadates paralleelsed, mitte sisse-v\u00f5i v\u00e4ljapoole kaardus.<br \/>\n<strong>K\u00e4pad: <\/strong>\u00dcmarad, sarnased kassik\u00e4ppadele, tugevad.<\/p>\n<h3>Saba<\/h3>\n<p>Ulatub kuni kannaotsteni. Kinnitub seljajoone k\u00f5rgusel ja koer hoiab saba sirgelt seljajoonega. Sabaots ei tohi kaarduda.<\/p>\n<h3>Liikumine<\/h3>\n<p>J\u00f5uline, paralleelne. Samm pikk ja vaba. Esimesed jalad ei t\u00f5use k\u00f5rgele.<\/p>\n<h3>Karvkate<\/h3>\n<p>Sile v\u00f5i lainjas, rohkete rippuvate karvadega. Tihe, vett h\u00fclgav aluskarv.<\/p>\n<h3>V\u00e4rv<\/h3>\n<p>\u00dcksk\u00f5ik milline kulla v\u00f5i koorev\u00e4rv, ei v\u00f5i olla punane ega mahagoni v\u00e4rvi. Lubatud on m\u00f5ned valged karvad rinnaosas.<\/p>\n<h3>Turjak\u00f5rgus<\/h3>\n<p>Isastel 56 &#8211; 61 cm. Emastel 51 &#8211; 56 cm.<\/p>\n<p>[related-posts]<\/p>\n\n\t\t<style type=\"text\/css\">\n\t\t\t#gallery-1 {\n\t\t\t\tmargin: auto;\n\t\t\t}\n\t\t\t#gallery-1 .gallery-item {\n\t\t\t\tfloat: left;\n\t\t\t\tmargin-top: 10px;\n\t\t\t\ttext-align: center;\n\t\t\t\twidth: 33%;\n\t\t\t}\n\t\t\t#gallery-1 img {\n\t\t\t\tborder: 2px solid #cfcfcf;\n\t\t\t}\n\t\t\t#gallery-1 .gallery-caption {\n\t\t\t\tmargin-left: 0;\n\t\t\t}\n\t\t\t\/* see gallery_shortcode() in wp-includes\/media.php *\/\n\t\t<\/style>\n\t\t<div id='gallery-1' class='gallery galleryid-33 gallery-columns-3 gallery-size-thumbnail'><dl class='gallery-item'>\n\t\t\t<dt class='gallery-icon landscape'>\n\t\t\t\t<a href='https:\/\/www.retriiverid.ee\/wp-content\/uploads\/2011\/12\/po-3-630x420.jpg' title=\"\" data-rl_title=\"\" class=\"rl-gallery-link\" data-rl_caption=\"\" data-rel=\"lightbox-gallery-1\"><img loading=\"lazy\" decoding=\"async\" width=\"150\" height=\"150\" src=\"https:\/\/www.retriiverid.ee\/wp-content\/uploads\/2011\/12\/po-3-150x150.jpg\" class=\"attachment-thumbnail size-thumbnail\" alt=\"Parim portree, 3. koht, Tatjana Zamorskaja\" \/><\/a>\n\t\t\t<\/dt><\/dl><dl class='gallery-item'>\n\t\t\t<dt class='gallery-icon landscape'>\n\t\t\t\t<a href='https:\/\/www.retriiverid.ee\/wp-content\/uploads\/2011\/09\/2_grupi_sooritanud-630x410.jpg' title=\"\" data-rl_title=\"\" class=\"rl-gallery-link\" data-rl_caption=\"\" data-rel=\"lightbox-gallery-1\"><img loading=\"lazy\" decoding=\"async\" width=\"150\" height=\"150\" src=\"https:\/\/www.retriiverid.ee\/wp-content\/uploads\/2011\/09\/2_grupi_sooritanud-150x150.jpg\" class=\"attachment-thumbnail size-thumbnail\" alt=\"24.09.2011 - Siimline&#039;s Theodor &amp; Royal Duchess De Boscardini\" \/><\/a>\n\t\t\t<\/dt><\/dl><dl class='gallery-item'>\n\t\t\t<dt class='gallery-icon portrait'>\n\t\t\t\t<a href='https:\/\/www.retriiverid.ee\/wp-content\/uploads\/2010\/07\/kuldne19.jpg' title=\"\" data-rl_title=\"\" class=\"rl-gallery-link\" data-rl_caption=\"\" data-rel=\"lightbox-gallery-1\"><img loading=\"lazy\" decoding=\"async\" width=\"150\" height=\"150\" src=\"https:\/\/www.retriiverid.ee\/wp-content\/uploads\/2010\/07\/kuldne19-150x150.jpg\" class=\"attachment-thumbnail size-thumbnail\" alt=\"Kuldne retriiver\" \/><\/a>\n\t\t\t<\/dt><\/dl><br style=\"clear: both\" \/><dl class='gallery-item'>\n\t\t\t<dt class='gallery-icon landscape'>\n\t\t\t\t<a href='https:\/\/www.retriiverid.ee\/wp-content\/uploads\/2010\/07\/kuldne1.jpg' title=\"\" data-rl_title=\"\" class=\"rl-gallery-link\" data-rl_caption=\"\" data-rel=\"lightbox-gallery-1\"><img loading=\"lazy\" decoding=\"async\" width=\"150\" height=\"150\" src=\"https:\/\/www.retriiverid.ee\/wp-content\/uploads\/2010\/07\/kuldne1-150x150.jpg\" class=\"attachment-thumbnail size-thumbnail\" alt=\"Kuldne retriiver\" \/><\/a>\n\t\t\t<\/dt><\/dl><dl class='gallery-item'>\n\t\t\t<dt class='gallery-icon landscape'>\n\t\t\t\t<a href='https:\/\/www.retriiverid.ee\/wp-content\/uploads\/2010\/07\/kuldne9.jpg' title=\"\" data-rl_title=\"\" class=\"rl-gallery-link\" data-rl_caption=\"\" data-rel=\"lightbox-gallery-1\"><img loading=\"lazy\" decoding=\"async\" width=\"150\" height=\"150\" src=\"https:\/\/www.retriiverid.ee\/wp-content\/uploads\/2010\/07\/kuldne9-150x150.jpg\" class=\"attachment-thumbnail size-thumbnail\" alt=\"Kuldne retriiver\" \/><\/a>\n\t\t\t<\/dt><\/dl><dl class='gallery-item'>\n\t\t\t<dt class='gallery-icon portrait'>\n\t\t\t\t<a href='https:\/\/www.retriiverid.ee\/wp-content\/uploads\/2011\/05\/P_4_por2-472x630.jpg' title=\"\" data-rl_title=\"\" class=\"rl-gallery-link\" data-rl_caption=\"\" data-rel=\"lightbox-gallery-1\"><img loading=\"lazy\" decoding=\"async\" width=\"150\" height=\"150\" src=\"https:\/\/www.retriiverid.ee\/wp-content\/uploads\/2011\/05\/P_4_por2-150x150.jpg\" class=\"attachment-thumbnail size-thumbnail\" alt=\"\" \/><\/a>\n\t\t\t<\/dt><\/dl><br style=\"clear: both\" \/><dl class='gallery-item'>\n\t\t\t<dt class='gallery-icon landscape'>\n\t\t\t\t<a href='https:\/\/www.retriiverid.ee\/wp-content\/uploads\/2010\/08\/meiepere1.jpg' title=\"\" data-rl_title=\"\" class=\"rl-gallery-link\" data-rl_caption=\"\" data-rel=\"lightbox-gallery-1\"><img loading=\"lazy\" decoding=\"async\" width=\"150\" height=\"150\" src=\"https:\/\/www.retriiverid.ee\/wp-content\/uploads\/2010\/08\/meiepere1-150x150.jpg\" class=\"attachment-thumbnail size-thumbnail\" alt=\"Meiepere kenneli koerad\" \/><\/a>\n\t\t\t<\/dt><\/dl><dl class='gallery-item'>\n\t\t\t<dt class='gallery-icon portrait'>\n\t\t\t\t<a href='https:\/\/www.retriiverid.ee\/wp-content\/uploads\/2011\/09\/IMG_3202-484x630.jpg' title=\"\" data-rl_title=\"\" class=\"rl-gallery-link\" data-rl_caption=\"\" data-rel=\"lightbox-gallery-1\"><img loading=\"lazy\" decoding=\"async\" width=\"150\" height=\"150\" src=\"https:\/\/www.retriiverid.ee\/wp-content\/uploads\/2011\/09\/IMG_3202-150x150.jpg\" class=\"attachment-thumbnail size-thumbnail\" alt=\"Siimline&#039;s Theodor j\u00e4nesega\" \/><\/a>\n\t\t\t<\/dt><\/dl><dl class='gallery-item'>\n\t\t\t<dt class='gallery-icon portrait'>\n\t\t\t\t<a href='https:\/\/www.retriiverid.ee\/wp-content\/uploads\/2010\/07\/kuldne20.jpg' title=\"\" data-rl_title=\"\" class=\"rl-gallery-link\" data-rl_caption=\"\" data-rel=\"lightbox-gallery-1\"><img loading=\"lazy\" decoding=\"async\" width=\"150\" height=\"150\" src=\"https:\/\/www.retriiverid.ee\/wp-content\/uploads\/2010\/07\/kuldne20-150x150.jpg\" class=\"attachment-thumbnail size-thumbnail\" alt=\"Kuldne retriiver\" \/><\/a>\n\t\t\t<\/dt><\/dl><br style=\"clear: both\" \/><dl class='gallery-item'>\n\t\t\t<dt class='gallery-icon landscape'>\n\t\t\t\t<a href='https:\/\/www.retriiverid.ee\/wp-content\/uploads\/2010\/07\/sandusky_alain_prost.jpg' title=\"\" data-rl_title=\"\" class=\"rl-gallery-link\" data-rl_caption=\"\" data-rel=\"lightbox-gallery-1\"><img loading=\"lazy\" decoding=\"async\" width=\"150\" height=\"150\" src=\"https:\/\/www.retriiverid.ee\/wp-content\/uploads\/2010\/07\/sandusky_alain_prost-150x150.jpg\" class=\"attachment-thumbnail size-thumbnail\" alt=\"Sandusky Alain Prost\" \/><\/a>\n\t\t\t<\/dt><\/dl><dl class='gallery-item'>\n\t\t\t<dt class='gallery-icon landscape'>\n\t\t\t\t<a href='https:\/\/www.retriiverid.ee\/wp-content\/uploads\/2015\/11\/katse14-660x395.jpg' title=\"\" data-rl_title=\"\" class=\"rl-gallery-link\" data-rl_caption=\"\" data-rel=\"lightbox-gallery-1\"><img loading=\"lazy\" decoding=\"async\" width=\"150\" height=\"150\" src=\"https:\/\/www.retriiverid.ee\/wp-content\/uploads\/2015\/11\/katse14-200x200.jpg\" class=\"attachment-thumbnail size-thumbnail\" alt=\"\" srcset=\"https:\/\/www.retriiverid.ee\/wp-content\/uploads\/2015\/11\/katse14-200x200.jpg 200w, https:\/\/www.retriiverid.ee\/wp-content\/uploads\/2015\/11\/katse14-150x150.jpg 150w\" sizes=\"auto, (max-width: 150px) 100vw, 150px\" \/><\/a>\n\t\t\t<\/dt><\/dl><dl class='gallery-item'>\n\t\t\t<dt class='gallery-icon landscape'>\n\t\t\t\t<a href='https:\/\/www.retriiverid.ee\/wp-content\/uploads\/2011\/02\/eri_varvi_kuldsed.jpg' title=\"\" data-rl_title=\"\" class=\"rl-gallery-link\" data-rl_caption=\"\" data-rel=\"lightbox-gallery-1\"><img loading=\"lazy\" decoding=\"async\" width=\"150\" height=\"150\" src=\"https:\/\/www.retriiverid.ee\/wp-content\/uploads\/2011\/02\/eri_varvi_kuldsed-150x150.jpg\" class=\"attachment-thumbnail size-thumbnail\" alt=\"Eri v\u00e4rvustest kuldsed\" \/><\/a>\n\t\t\t<\/dt><\/dl><br style=\"clear: both\" \/><dl class='gallery-item'>\n\t\t\t<dt class='gallery-icon landscape'>\n\t\t\t\t<a href='https:\/\/www.retriiverid.ee\/wp-content\/uploads\/2015\/02\/jewelhope-jesse-james-2014-800x533.jpg' title=\"\" data-rl_title=\"\" class=\"rl-gallery-link\" data-rl_caption=\"\" data-rel=\"lightbox-gallery-1\"><img loading=\"lazy\" decoding=\"async\" width=\"150\" height=\"150\" src=\"https:\/\/www.retriiverid.ee\/wp-content\/uploads\/2015\/02\/jewelhope-jesse-james-2014-160x160.jpg\" class=\"attachment-thumbnail size-thumbnail\" alt=\"\" \/><\/a>\n\t\t\t<\/dt><\/dl><dl class='gallery-item'>\n\t\t\t<dt class='gallery-icon landscape'>\n\t\t\t\t<a href='https:\/\/www.retriiverid.ee\/wp-content\/uploads\/2011\/06\/tp_vsp_vet_kuldne_retr_eri_4juuni2011-630x420.jpg' title=\"\" data-rl_title=\"\" class=\"rl-gallery-link\" data-rl_caption=\"\" data-rel=\"lightbox-gallery-1\"><img loading=\"lazy\" decoding=\"async\" width=\"150\" height=\"150\" src=\"https:\/\/www.retriiverid.ee\/wp-content\/uploads\/2011\/06\/tp_vsp_vet_kuldne_retr_eri_4juuni2011-150x150.jpg\" class=\"attachment-thumbnail size-thumbnail\" alt=\"\" \/><\/a>\n\t\t\t<\/dt><\/dl><dl class='gallery-item'>\n\t\t\t<dt class='gallery-icon landscape'>\n\t\t\t\t<a href='https:\/\/www.retriiverid.ee\/wp-content\/uploads\/2011\/12\/iga-3-630x469.jpg' title=\"\" data-rl_title=\"\" class=\"rl-gallery-link\" data-rl_caption=\"\" data-rel=\"lightbox-gallery-1\"><img loading=\"lazy\" decoding=\"async\" width=\"150\" height=\"150\" src=\"https:\/\/www.retriiverid.ee\/wp-content\/uploads\/2011\/12\/iga-3-150x150.jpg\" class=\"attachment-thumbnail size-thumbnail\" alt=\"Ealised ise\u00e4rasused, 3. koht, Heili Einasto\" \/><\/a>\n\t\t\t<\/dt><\/dl><br style=\"clear: both\" \/><dl class='gallery-item'>\n\t\t\t<dt class='gallery-icon portrait'>\n\t\t\t\t<a href='https:\/\/www.retriiverid.ee\/wp-content\/uploads\/2010\/07\/kuldne2-548x720.jpg' title=\"\" data-rl_title=\"\" class=\"rl-gallery-link\" data-rl_caption=\"\" data-rel=\"lightbox-gallery-1\"><img loading=\"lazy\" decoding=\"async\" width=\"150\" height=\"150\" src=\"https:\/\/www.retriiverid.ee\/wp-content\/uploads\/2010\/07\/kuldne2-150x150.jpg\" class=\"attachment-thumbnail size-thumbnail\" alt=\"Kuldne retriiver\" \/><\/a>\n\t\t\t<\/dt><\/dl><dl class='gallery-item'>\n\t\t\t<dt class='gallery-icon landscape'>\n\t\t\t\t<a href='https:\/\/www.retriiverid.ee\/wp-content\/uploads\/2011\/12\/iga-1-630x472.jpg' title=\"\" data-rl_title=\"\" class=\"rl-gallery-link\" data-rl_caption=\"\" data-rel=\"lightbox-gallery-1\"><img loading=\"lazy\" decoding=\"async\" width=\"150\" height=\"150\" src=\"https:\/\/www.retriiverid.ee\/wp-content\/uploads\/2011\/12\/iga-1-150x150.jpg\" class=\"attachment-thumbnail size-thumbnail\" alt=\"Ealised ise\u00e4rasused, 1. koht, Kristel V\u00fcrst\" \/><\/a>\n\t\t\t<\/dt><\/dl><dl class='gallery-item'>\n\t\t\t<dt class='gallery-icon landscape'>\n\t\t\t\t<a href='https:\/\/www.retriiverid.ee\/wp-content\/uploads\/2015\/11\/kuldsed-660x495.jpg' title=\"\" data-rl_title=\"\" class=\"rl-gallery-link\" data-rl_caption=\"\" data-rel=\"lightbox-gallery-1\"><img loading=\"lazy\" decoding=\"async\" width=\"150\" height=\"150\" src=\"https:\/\/www.retriiverid.ee\/wp-content\/uploads\/2015\/11\/kuldsed-200x200.jpg\" class=\"attachment-thumbnail size-thumbnail\" alt=\"\" srcset=\"https:\/\/www.retriiverid.ee\/wp-content\/uploads\/2015\/11\/kuldsed-200x200.jpg 200w, https:\/\/www.retriiverid.ee\/wp-content\/uploads\/2015\/11\/kuldsed-150x150.jpg 150w\" sizes=\"auto, (max-width: 150px) 100vw, 150px\" \/><\/a>\n\t\t\t<\/dt><\/dl><br style=\"clear: both\" \/><dl class='gallery-item'>\n\t\t\t<dt class='gallery-icon landscape'>\n\t\t\t\t<a href='https:\/\/www.retriiverid.ee\/wp-content\/uploads\/2015\/10\/tasemekatse-600x600.jpg' title=\"\" data-rl_title=\"\" class=\"rl-gallery-link\" data-rl_caption=\"\" data-rel=\"lightbox-gallery-1\"><img loading=\"lazy\" decoding=\"async\" width=\"150\" height=\"150\" src=\"https:\/\/www.retriiverid.ee\/wp-content\/uploads\/2015\/10\/tasemekatse-200x200.jpg\" class=\"attachment-thumbnail size-thumbnail\" alt=\"\" srcset=\"https:\/\/www.retriiverid.ee\/wp-content\/uploads\/2015\/10\/tasemekatse-200x200.jpg 200w, https:\/\/www.retriiverid.ee\/wp-content\/uploads\/2015\/10\/tasemekatse-350x350.jpg 350w, https:\/\/www.retriiverid.ee\/wp-content\/uploads\/2015\/10\/tasemekatse-600x600.jpg 600w, https:\/\/www.retriiverid.ee\/wp-content\/uploads\/2015\/10\/tasemekatse-144x144.jpg 144w, https:\/\/www.retriiverid.ee\/wp-content\/uploads\/2015\/10\/tasemekatse-150x150.jpg 150w, https:\/\/www.retriiverid.ee\/wp-content\/uploads\/2015\/10\/tasemekatse-900x900.jpg 900w, https:\/\/www.retriiverid.ee\/wp-content\/uploads\/2015\/10\/tasemekatse-e1448632952753.jpg 800w\" sizes=\"auto, (max-width: 150px) 100vw, 150px\" \/><\/a>\n\t\t\t<\/dt><\/dl><dl class='gallery-item'>\n\t\t\t<dt class='gallery-icon landscape'>\n\t\t\t\t<a href='https:\/\/www.retriiverid.ee\/wp-content\/uploads\/2011\/09\/IMG_2743-630x419.jpg' title=\"\" data-rl_title=\"\" class=\"rl-gallery-link\" data-rl_caption=\"\" data-rel=\"lightbox-gallery-1\"><img loading=\"lazy\" decoding=\"async\" width=\"150\" height=\"150\" src=\"https:\/\/www.retriiverid.ee\/wp-content\/uploads\/2011\/09\/IMG_2743-150x150.jpg\" class=\"attachment-thumbnail size-thumbnail\" alt=\"Idavir Star Beauti Of Winter linnuga\" \/><\/a>\n\t\t\t<\/dt><\/dl><dl class='gallery-item'>\n\t\t\t<dt class='gallery-icon portrait'>\n\t\t\t\t<a href='https:\/\/www.retriiverid.ee\/wp-content\/uploads\/2010\/08\/IGP9918.jpg' title=\"\" data-rl_title=\"\" class=\"rl-gallery-link\" data-rl_caption=\"\" data-rel=\"lightbox-gallery-1\"><img loading=\"lazy\" decoding=\"async\" width=\"150\" height=\"150\" src=\"https:\/\/www.retriiverid.ee\/wp-content\/uploads\/2010\/08\/IGP9918-150x150.jpg\" class=\"attachment-thumbnail size-thumbnail\" alt=\"\" \/><\/a>\n\t\t\t<\/dt><\/dl><br style=\"clear: both\" \/>\n\t\t<\/div>\n\n","protected":false},"excerpt":{"rendered":"<p>Lisainfot leiab:\u00a0Eesti Kuldsete Retriiverite T\u00f5u\u00fching S\u00fcnnimaa:\u00a0 Inglismaa Algus:\u00a0 1800ndad Algne otstarve:\u00a0\u00a0saagi otsija ja k\u00e4ttetooja T\u00e4nap\u00e4eval:\u00a0\u00a0saagi otsija ja tooja,\u00a0jahikatsed\/jaht, agility, teraapiakoer, narkokoer, juhtkoer, abikoer, perelemmik jm Eluiga:\u00a010-13a. Energiatase:\u00a0keskmine-k\u00f5rge L\u00fchitutvustus Kuldne retriiver on \u00fcks kuuest retriiveri t\u00f5ust (s\u00f5na retrieve t\u00e4hendab inglise keeles \u2018tooma, k\u00e4tte toimetama\u2019). Kuldne retriiver on jahikoer, kes toob jahimehele k\u00e4tte lastud linnu, j\u00e4nese v\u00f5i [&hellip;]<\/p>\n","protected":false},"author":19,"featured_media":0,"parent":29,"menu_order":4,"comment_status":"closed","ping_status":"open","template":"","meta":{"footnotes":""},"class_list":["post-33","page","type-page","status-publish","hentry"],"_links":{"self":[{"href":"https:\/\/www.retriiverid.ee\/ru\/wp-json\/wp\/v2\/pages\/33","targetHints":{"allow":["GET"]}}],"collection":[{"href":"https:\/\/www.retriiverid.ee\/ru\/wp-json\/wp\/v2\/pages"}],"about":[{"href":"https:\/\/www.retriiverid.ee\/ru\/wp-json\/wp\/v2\/types\/page"}],"author":[{"embeddable":true,"href":"https:\/\/www.retriiverid.ee\/ru\/wp-json\/wp\/v2\/users\/19"}],"replies":[{"embeddable":true,"href":"https:\/\/www.retriiverid.ee\/ru\/wp-json\/wp\/v2\/comments?post=33"}],"version-history":[{"count":2,"href":"https:\/\/www.retriiverid.ee\/ru\/wp-json\/wp\/v2\/pages\/33\/revisions"}],"predecessor-version":[{"id":16739,"href":"https:\/\/www.retriiverid.ee\/ru\/wp-json\/wp\/v2\/pages\/33\/revisions\/16739"}],"up":[{"embeddable":true,"href":"https:\/\/www.retriiverid.ee\/ru\/wp-json\/wp\/v2\/pages\/29"}],"wp:attachment":[{"href":"https:\/\/www.retriiverid.ee\/ru\/wp-json\/wp\/v2\/media?parent=33"}],"curies":[{"name":"wp","href":"https:\/\/api.w.org\/{rel}","templated":true}]}}