{"id":19217,"date":"2019-08-13T22:59:34","date_gmt":"2019-08-13T19:59:34","guid":{"rendered":"http:\/\/www.retriiverid.ee\/?page_id=19217"},"modified":"2022-10-18T10:46:14","modified_gmt":"2022-10-18T07:46:14","slug":"retriiverid-20","status":"publish","type":"page","link":"https:\/\/www.retriiverid.ee\/ru\/uhing\/retriiverid-20\/","title":{"rendered":"Juubeli\u00f5htu &#8211; Eesti Retriiverite T\u00f5u\u00fching ja Eesti Kuldsete Retriiverite T\u00f5u\u00fching 20"},"content":{"rendered":"<p class=\"qtranxs-available-languages-message qtranxs-available-languages-message-ru\">\u0418\u0437\u0432\u0438\u043d\u0438\u0442\u0435, \u044d\u0442\u043e\u0442 \u0442\u0435\u0445\u0442 \u0434\u043e\u0441\u0442\u0443\u043f\u0435\u043d \u0442\u043e\u043b\u044c\u043a\u043e \u0432 \u201c<a href=\"https:\/\/www.retriiverid.ee\/et\/wp-json\/wp\/v2\/pages\/19217\" class=\"qtranxs-available-language-link qtranxs-available-language-link-et\" title=\"Eesti\">Eesti<\/a>\u201d.<\/p>\n","protected":false},"excerpt":{"rendered":"<p>\u0418\u0437\u0432\u0438\u043d\u0438\u0442\u0435, \u044d\u0442\u043e\u0442 \u0442\u0435\u0445\u0442 \u0434\u043e\u0441\u0442\u0443\u043f\u0435\u043d \u0442\u043e\u043b\u044c\u043a\u043e \u0432 \u201cEesti\u201d.<\/p>\n","protected":false},"author":19,"featured_media":0,"parent":11,"menu_order":0,"comment_status":"closed","ping_status":"closed","template":"","meta":{"footnotes":""},"class_list":["post-19217","page","type-page","status-publish","hentry"],"_links":{"self":[{"href":"https:\/\/www.retriiverid.ee\/ru\/wp-json\/wp\/v2\/pages\/19217","targetHints":{"allow":["GET"]}}],"collection":[{"href":"https:\/\/www.retriiverid.ee\/ru\/wp-json\/wp\/v2\/pages"}],"about":[{"href":"https:\/\/www.retriiverid.ee\/ru\/wp-json\/wp\/v2\/types\/page"}],"author":[{"embeddable":true,"href":"https:\/\/www.retriiverid.ee\/ru\/wp-json\/wp\/v2\/users\/19"}],"replies":[{"embeddable":true,"href":"https:\/\/www.retriiverid.ee\/ru\/wp-json\/wp\/v2\/comments?post=19217"}],"version-history":[{"count":11,"href":"https:\/\/www.retriiverid.ee\/ru\/wp-json\/wp\/v2\/pages\/19217\/revisions"}],"predecessor-version":[{"id":20353,"href":"https:\/\/www.retriiverid.ee\/ru\/wp-json\/wp\/v2\/pages\/19217\/revisions\/20353"}],"up":[{"embeddable":true,"href":"https:\/\/www.retriiverid.ee\/ru\/wp-json\/wp\/v2\/pages\/11"}],"wp:attachment":[{"href":"https:\/\/www.retriiverid.ee\/ru\/wp-json\/wp\/v2\/media?parent=19217"}],"curies":[{"name":"wp","href":"https:\/\/api.w.org\/{rel}","templated":true}]}}