{"id":107,"date":"2010-07-25T00:55:11","date_gmt":"2010-07-24T21:55:11","guid":{"rendered":"http:\/\/retriiverid.ee\/test\/"},"modified":"2025-02-03T21:57:28","modified_gmt":"2025-02-03T18:57:28","slug":"kutsikakuulutuse-avaldamine","status":"publish","type":"page","link":"https:\/\/www.retriiverid.ee\/ru\/kutsikad\/kutsikakuulutuse-avaldamine\/","title":{"rendered":"\u0420\u0430\u0437\u043c\u0435\u0449\u0435\u043d\u0438\u0435 \u043e\u0431\u044a\u044f\u0432\u043b\u0435\u043d\u0438\u044f"},"content":{"rendered":"<h3>\u0423\u0441\u043b\u043e\u0432\u0438\u044f:<\/h3>\n<ul>\n<li>\u0420\u043e\u0434\u0438\u0442\u0435\u043b\u0438 \u0449\u0435\u043d\u043a\u043e\u0432 \u043e\u0442\u0432\u0435\u0447\u0430\u044e\u0442 <a href=\"\/aretus\/nouded\/\" target=\"_self\" rel=\"noopener\">\u043f\u043e\u043b\u043e\u0436\u0435\u043d\u0438\u044e \u043e \u043f\u043b\u0435\u043c\u0435\u043d\u043d\u043e\u0439 \u0440\u0430\u0431\u043e\u0442\u0435 <\/a>\u042d\u0441\u0442\u043e\u043d\u0441\u043a\u043e\u0433\u043e \u0441\u043e\u044e\u0437\u0430 \u0441\u043e\u0431\u0430\u043a\u043e\u0432\u043e\u0434\u043e\u0432.<\/li>\n<li>\u0423 \u0449\u0435\u043d\u043a\u043e\u0432 \u0435\u0441\u0442\u044c \u0440\u043e\u0434\u043e\u0441\u043b\u043e\u0432\u043d\u044b\u0435 \u042d\u0441\u0442\u043e\u043d\u0441\u043a\u043e\u0433\u043e \u0441\u043e\u044e\u0437\u0430 \u0441\u043e\u0431\u0430\u043a\u043e\u0432\u043e\u0434\u043e\u0432 \u0438\u043b\u0438 Estonian Kennel Union.<\/li>\n<li>\u0429\u0435\u043d\u043a\u0438 \u043e\u0442\u0434\u0430\u044e\u0442\u0441\u044f \u043d\u0435 \u0440\u0430\u043d\u0435\u0435 7-\u043d\u0435\u0434\u0435\u043b\u044c\u043d\u043e\u0433\u043e \u0432\u043e\u0437\u0440\u0430\u0441\u0442\u0430.<\/li>\n<li>\u041d\u0430 \u0437\u0430\u0432\u043e\u0434\u0447\u0438\u043a\u0430 \u043d\u0435 \u043d\u0430\u043b\u043e\u0436\u0435\u043d \u0437\u0430\u043f\u0440\u0435\u0442 \u043a \u0440\u0430\u0437\u0432\u0435\u0434\u0435\u043d\u0438\u044e.<\/li>\n<\/ul>\n<h3>\u0421\u0442\u043e\u0438\u043c\u043e\u0441\u0442\u044c:<\/h3>\n<p>\u0420\u0430\u0437\u043c\u0435\u0449\u0435\u043d\u0438\u0435 \u043e\u0431\u044a\u044f\u0432\u043b\u0435\u043d\u0438\u0439 \u043e \u043f\u0440\u043e\u0434\u0430\u0436\u0435 \u0440\u043e\u0434\u0438\u0432\u0448\u0438\u0445\u0441\u044f \u0438 \u043f\u043b\u0430\u043d\u0438\u0440\u0443\u044e\u0449\u0438\u0445\u0441\u044f \u0449\u0435\u043d\u043a\u043e\u0432 &#8211; <strong>\u041f\u041b\u0410\u0422\u041d\u0410\u042f <\/strong>\u0443\u0441\u043b\u0443\u0433\u0430. \u0414\u043b\u044f \u0447\u043b\u0435\u043d\u043e\u0432 \u043e\u0431\u0449\u0435\u0441\u0442\u0432\u0430 \u0440\u0430\u0437\u043c\u0435\u0449\u0435\u043d\u0438\u0435 \u043e\u0431\u044a\u044f\u0432\u043b\u0435\u043d\u0438\u044f \u0441\u0442\u043e\u0438\u0442 <strong>6 \u20ac<\/strong>, \u0434\u043b\u044f \u0432\u0441\u0435\u0445 \u043e\u0441\u0442\u0430\u043b\u044c\u043d\u044b\u0445 \u0437\u0430\u0432\u043e\u0434\u0447\u0438\u043a\u043e\u0432 <strong>15 \u20ac<\/strong>. \u0412\u043d\u0435\u0441\u0435\u043d\u0438\u0435 \u0442\u0435\u043a\u0443\u0449\u0438\u0445 \u0438\u0437\u043c\u0435\u043d\u0435\u043d\u0438\u0439 &#8211; \u0431\u0435\u0441\u043f\u043b\u0430\u0442\u043d\u043e.<\/p>\n<p>\u0427\u0442\u043e\u0431\u044b \u043f\u043e\u0434\u0430\u0442\u044c \u043e\u0431\u044a\u044f\u0432\u043b\u0435\u043d\u0438\u0435, \u0437\u0430\u043f\u043e\u043b\u043d\u0438\u0442\u0435 \u0444\u043e\u0440\u043c\u0443 \u0437\u0430\u044f\u0432\u043b\u0435\u043d\u0438\u044f (\u0441\u043c. \u043d\u0438\u0436\u0435), \u043f\u0435\u0440\u0435\u0447\u0438\u0441\u043b\u0438\u0442\u0435 \u043e\u043f\u043b\u0430\u0442\u0443 \u043d\u0430 \u0440\u0430\u0441\u0447\u0435\u0442\u043d\u044b\u0439 \u0441\u0447\u0435\u0442 \u043e\u0431\u0449\u0435\u0441\u0442\u0432\u0430 (\u0440\u0435\u043a\u0432\u0438\u0437\u0438\u0442\u044b: MT\u00dc Eesti Retriiverite T\u00f5u\u00fching,\u00a0SWEDBANK 22 101 417 1209) \u0438 \u0432\u044b\u0448\u043b\u0438\u0442\u0435 \u043a\u043e\u043f\u0438\u044e \u043f\u043b\u0430\u0442\u0435\u0436\u043d\u043e\u0433\u043e \u043f\u043e\u0440\u0443\u0447\u0435\u043d\u0438\u044f \u0440\u0435\u0434\u0430\u043a\u0442\u043e\u0440\u0443 \u0441\u0430\u0439\u0442\u0430: webmaster@retriiverid.ee.<\/p>\n<p>\u041e\u0431\u044a\u044f\u0432\u043b\u0435\u043d\u0438\u0435 \u0440\u0430\u0437\u043c\u0435\u0449\u0430\u0435\u0442\u0441\u044f \u043d\u0430 <strong>4 \u043c\u0435\u0441\u044f\u0446\u0430 <\/strong>\u043b\u0438\u0431\u043e \u043f\u043e \u0434\u043e\u0433\u043e\u0432\u043e\u0440\u0435\u043d\u043d\u043e\u0441\u0442\u0438 \u0441 \u0437\u0430\u0432\u043e\u0434\u0447\u0438\u043a\u043e\u043c.<\/p>\n<p><span style=\"color: #ff0000;\"><strong><span style=\"color: #ff0000;\">NB!<\/span><\/strong> <\/span>\u041f\u0440\u043e\u0441\u0438\u043c \u0432\u0430\u0441 \u0441\u043e\u043e\u0431\u0449\u0430\u0442\u044c \u043d\u0430\u043c,\u00a0\u043a\u043e\u0433\u0434\u0430 \u0432\u0441\u0435 \u0449\u0435\u043d\u043a\u0438 \u043f\u0440\u043e\u0434\u0430\u043d\u044b, \u0447\u0442\u043e\u0431\u044b \u043c\u044b \u043c\u043e\u0433\u043b\u0438 \u0443\u0431\u0440\u0430\u0442\u044c \u0432\u0430\u0448\u0435 \u043e\u0431\u044a\u044f\u0432\u043b\u0435\u043d\u0438\u0435.<\/p>\n<h3>\u0417\u0430\u044f\u0432\u043b\u0435\u043d\u0438\u0435:<\/h3>\n<p>\u041f\u043e\u0436\u0430\u043b\u0443\u0439\u0441\u0442\u0430, \u043d\u0435 \u0438\u0441\u043f\u043e\u043b\u044c\u0437\u0443\u0439\u0442\u0435 CAPS Lock (\u0437\u0430 \u0438\u0441\u043a\u043b\u044e\u0447\u0435\u043d\u0438\u0435\u043c \u0443\u043a\u0430\u0437\u0430\u043d\u0438\u044f \u0442\u0438\u0442\u0443\u043b\u043e\u0432 \u0441\u043e\u0431\u0430\u043a \u0438 \u0441\u043e\u043a\u0440\u0430\u0449\u0435\u043d\u0438\u0439 \u0432 \u0440\u0435\u0437\u0443\u043b\u044c\u0442\u0430\u0442\u0430\u0445 \u043f\u043e\u043a\u0430\u0437\u0430\u0442\u0435\u043b\u0435\u0439 \u043f\u043e \u0437\u0434\u043e\u0440\u043e\u0432\u044c\u044e), \u0442\u0430\u043a\u0430\u044f \u0444\u043e\u0440\u043c\u0430 \u043d\u0435 \u0431\u0443\u0434\u0435\u0442 \u043f\u0440\u0438\u043d\u044f\u0442\u0430.<\/p>\n<h3><a title=\"Online kutsikakuulutuse avaldamise vorm\" href=\"http:\/\/goo.gl\/forms\/Q4b5wZujB1\" target=\"_blank\" rel=\"noopener\">ONLINE<\/a>\u00a0form<\/h3>\n<p><!--cforms name=\"S\u00fcndinud pesakonna teavitus (eng)\"--><\/p>\n","protected":false},"excerpt":{"rendered":"<p>\u0423\u0441\u043b\u043e\u0432\u0438\u044f: \u0420\u043e\u0434\u0438\u0442\u0435\u043b\u0438 \u0449\u0435\u043d\u043a\u043e\u0432 \u043e\u0442\u0432\u0435\u0447\u0430\u044e\u0442 \u043f\u043e\u043b\u043e\u0436\u0435\u043d\u0438\u044e \u043e \u043f\u043b\u0435\u043c\u0435\u043d\u043d\u043e\u0439 \u0440\u0430\u0431\u043e\u0442\u0435 \u042d\u0441\u0442\u043e\u043d\u0441\u043a\u043e\u0433\u043e \u0441\u043e\u044e\u0437\u0430 \u0441\u043e\u0431\u0430\u043a\u043e\u0432\u043e\u0434\u043e\u0432. \u0423 \u0449\u0435\u043d\u043a\u043e\u0432 \u0435\u0441\u0442\u044c \u0440\u043e\u0434\u043e\u0441\u043b\u043e\u0432\u043d\u044b\u0435 \u042d\u0441\u0442\u043e\u043d\u0441\u043a\u043e\u0433\u043e \u0441\u043e\u044e\u0437\u0430 \u0441\u043e\u0431\u0430\u043a\u043e\u0432\u043e\u0434\u043e\u0432 \u0438\u043b\u0438 Estonian Kennel Union. \u0429\u0435\u043d\u043a\u0438 \u043e\u0442\u0434\u0430\u044e\u0442\u0441\u044f \u043d\u0435 \u0440\u0430\u043d\u0435\u0435 7-\u043d\u0435\u0434\u0435\u043b\u044c\u043d\u043e\u0433\u043e \u0432\u043e\u0437\u0440\u0430\u0441\u0442\u0430. \u041d\u0430 \u0437\u0430\u0432\u043e\u0434\u0447\u0438\u043a\u0430 \u043d\u0435 \u043d\u0430\u043b\u043e\u0436\u0435\u043d \u0437\u0430\u043f\u0440\u0435\u0442 \u043a \u0440\u0430\u0437\u0432\u0435\u0434\u0435\u043d\u0438\u044e. \u0421\u0442\u043e\u0438\u043c\u043e\u0441\u0442\u044c: \u0420\u0430\u0437\u043c\u0435\u0449\u0435\u043d\u0438\u0435 \u043e\u0431\u044a\u044f\u0432\u043b\u0435\u043d\u0438\u0439 \u043e \u043f\u0440\u043e\u0434\u0430\u0436\u0435 \u0440\u043e\u0434\u0438\u0432\u0448\u0438\u0445\u0441\u044f \u0438 \u043f\u043b\u0430\u043d\u0438\u0440\u0443\u044e\u0449\u0438\u0445\u0441\u044f \u0449\u0435\u043d\u043a\u043e\u0432 &#8211; \u041f\u041b\u0410\u0422\u041d\u0410\u042f \u0443\u0441\u043b\u0443\u0433\u0430. \u0414\u043b\u044f \u0447\u043b\u0435\u043d\u043e\u0432 \u043e\u0431\u0449\u0435\u0441\u0442\u0432\u0430 \u0440\u0430\u0437\u043c\u0435\u0449\u0435\u043d\u0438\u0435 \u043e\u0431\u044a\u044f\u0432\u043b\u0435\u043d\u0438\u044f \u0441\u0442\u043e\u0438\u0442 6 \u20ac, [&hellip;]<\/p>\n","protected":false},"author":19,"featured_media":0,"parent":86,"menu_order":10,"comment_status":"closed","ping_status":"open","template":"","meta":{"footnotes":""},"class_list":["post-107","page","type-page","status-publish","hentry"],"_links":{"self":[{"href":"https:\/\/www.retriiverid.ee\/ru\/wp-json\/wp\/v2\/pages\/107","targetHints":{"allow":["GET"]}}],"collection":[{"href":"https:\/\/www.retriiverid.ee\/ru\/wp-json\/wp\/v2\/pages"}],"about":[{"href":"https:\/\/www.retriiverid.ee\/ru\/wp-json\/wp\/v2\/types\/page"}],"author":[{"embeddable":true,"href":"https:\/\/www.retriiverid.ee\/ru\/wp-json\/wp\/v2\/users\/19"}],"replies":[{"embeddable":true,"href":"https:\/\/www.retriiverid.ee\/ru\/wp-json\/wp\/v2\/comments?post=107"}],"version-history":[{"count":9,"href":"https:\/\/www.retriiverid.ee\/ru\/wp-json\/wp\/v2\/pages\/107\/revisions"}],"predecessor-version":[{"id":20905,"href":"https:\/\/www.retriiverid.ee\/ru\/wp-json\/wp\/v2\/pages\/107\/revisions\/20905"}],"up":[{"embeddable":true,"href":"https:\/\/www.retriiverid.ee\/ru\/wp-json\/wp\/v2\/pages\/86"}],"wp:attachment":[{"href":"https:\/\/www.retriiverid.ee\/ru\/wp-json\/wp\/v2\/media?parent=107"}],"curies":[{"name":"wp","href":"https:\/\/api.w.org\/{rel}","templated":true}]}}