{"id":69,"date":"2010-07-24T20:17:45","date_gmt":"2010-07-24T17:17:45","guid":{"rendered":"http:\/\/retriiverid.ee\/test\/"},"modified":"2026-02-18T23:00:31","modified_gmt":"2026-02-18T20:00:31","slug":"katsed-koolitus","status":"publish","type":"page","link":"https:\/\/www.retriiverid.ee\/en\/katsed-koolitus\/","title":{"rendered":"Work"},"content":{"rendered":"<p><img decoding=\"async\" class=\"alignright noborder\" title=\"Part\" src=\"http:\/\/www.retriiverid.ee\/wp-content\/uploads\/2010\/07\/part-150x150.jpg\" alt=\"Part\" height=\"90\" \/>A Retriever is very good and practical hunting companion, although working needs some training. ERT\u00dc&#8217;s working dogs and training party is to develop the skills that are common to Retrievers as well as possible.<\/p>\n<h3>Rules (most in Estonian):<\/h3>\n<ul>\n<li><a title=\"T\u00f5ukatsete reeglid\" href=\"http:\/\/www.retriiverid.ee\/wp-content\/uploads\/2019\/05\/retriiverite_touomaste_katsete_reeglid_al2019.pdf\" target=\"_blank\" rel=\"noopener\">Retriiverite t\u00f5ukatsed<\/a><\/li>\n<li><a title=\"Dummykatse reeglid\" href=\"http:\/\/www.retriiverid.ee\/wp-content\/uploads\/2019\/05\/retriiverite_touomaste_katsete_reeglid_al2019.pdf\" target=\"_blank\" rel=\"noopener\">Retriiverite t\u00f5ukatse dummyga<\/a><\/li>\n<li><a title=\"Retriiverite Working Testi reeglid\" href=\"http:\/\/www.retriiverid.ee\/wp-content\/uploads\/2019\/05\/retriiverite_touomaste_katsete_reeglid_al2019.pdf\" target=\"_blank\" rel=\"noopener\">Retriiverite Working Test\u00a0<\/a>(RWT)<\/li>\n<li><a title=\"Tasemekatse reeglid\" href=\"http:\/\/www.retriiverid.ee\/wp-content\/uploads\/2019\/05\/retriiverite_touomaste_katsete_reeglid_al2019.pdf\" target=\"_blank\" rel=\"noopener\">Retriiverite t\u00f5uomane tasemekatse<\/a>\u00a0(RTT)<\/li>\n<\/ul>\n<ul>\n<li><a title=\"Veelinnukatse\" href=\"http:\/\/www.retriiverid.ee\/katsed-koolitus\/jahiomaduste-kindlakstegemine-veelindude-leidmisel\/\" target=\"_self\" rel=\"noopener\">Veelinnukatse<\/a>\u00a0(PA)<\/li>\n<li><a title=\"Metslinnukatse juhend\" href=\"http:\/\/www.retriiverid.ee\/katsed-koolitus\/metslinnu-katse-juhend\/\">Metslinnukatse<\/a>\u00a0(ML)<\/li>\n<li><a title=\"Kunstliku verej\u00e4lje reeglid\" href=\"http:\/\/www.retriiverid.ee\/katsed-koolitus\/kunstlik-verejalg\/\" target=\"_self\" rel=\"noopener\">Kunstlik verej\u00e4lg<\/a>\u00a0(VJ)<\/li>\n<li><a class=\"external external_icon\" title=\"Veep\u00e4\u00e4ste katse\" href=\"https:\/\/kennelliit.ee\/alluksused\/ekl-koerte-koolitust-koordineeriv-kogu\/dokumendid\/\" target=\"_blank\" rel=\"noopener noreferrer nofollow\">Veep\u00e4\u00e4ste eksamid ja v\u00f5istlused<\/a>\u00a0(VP)<\/li>\n<li><a title=\"Retriiverite katsekohtunike statuut\" href=\"http:\/\/www.retriiverid.ee\/wp-content\/uploads\/2014\/07\/lisa_9_Retriiverite-katsekohtunike-statuut.pdf\" target=\"_self\" rel=\"noopener\">Retriiverite katsekohtunike statuut<\/a><\/li>\n<li><a title=\"Retriiverite t\u00f6\u00f6katsete t\u0161empioni statuut\" href=\"http:\/\/www.retriiverid.ee\/wp-content\/uploads\/2013\/05\/retriiverite_tookatsete_ch_statuudi_projekt_2013.pdf\" target=\"_self\" rel=\"noopener\">Retriiverite t\u00f6\u00f6katsete t\u0161empioni statuut (EST RT CH)<\/a><\/li>\n<\/ul>\n<p>* NOU\/NOME\/RWT\/RTT rules are based mainly on Finnish or International rules\u00a0 (with minor changes).<\/p>\n<h3>Upcoming hunting trials &amp;\u00a0tests:<\/h3>\n\n<table id=\"tablepress-23\" class=\"tablepress tablepress-id-23\">\n<thead>\n<tr class=\"row-1\">\n\t<th class=\"column-1\">Aeg<\/th><th class=\"column-2\">Nimetus<\/th><th class=\"column-3\">Kohtunik\/treener<\/th><th class=\"column-4\">Koht<\/th><th class=\"column-5\">Korraldaja<\/th>\n<\/tr>\n<\/thead>\n<tbody class=\"row-striping\">\n<tr class=\"row-2\">\n\t<td class=\"column-1\">11.-15.08.2023<\/td><td class=\"column-2\">BaltRetCamp, Working Test<\/td><td class=\"column-3\">Frank Hermansen (NOR), Anja M\u00f6ller (GER)<\/td><td class=\"column-4\">Kauksi<\/td><td class=\"column-5\">ERT\u00dc<\/td>\n<\/tr>\n<tr class=\"row-3\">\n\t<td class=\"column-1\">15.-17.09.2023<\/td><td class=\"column-2\">T\u00f5ukatse, tasemekatse<\/td><td class=\"column-3\"><\/td><td class=\"column-4\"><\/td><td class=\"column-5\">EKR\u00dc<\/td>\n<\/tr>\n<tr class=\"row-4\">\n\t<td class=\"column-1\">24.09.2023<\/td><td class=\"column-2\">T\u00f5ukatse <\/td><td class=\"column-3\">Riin Kooli-K\u00f5nnussaar<\/td><td class=\"column-4\">J\u00e4rveotsa j\u00e4rv, Ellamaa<\/td><td class=\"column-5\">ERT\u00dc<\/td>\n<\/tr>\n<tr class=\"row-5\">\n\t<td class=\"column-1\">08.10.2023<\/td><td class=\"column-2\">Working Test<\/td><td class=\"column-3\"><\/td><td class=\"column-4\"><\/td><td class=\"column-5\">EKR\u00dc<\/td>\n<\/tr>\n<\/tbody>\n<\/table>\n<!-- #tablepress-23 from cache -->\n","protected":false},"excerpt":{"rendered":"<p>A Retriever is very good and practical hunting companion, although working needs some training. ERT\u00dc&#8217;s working dogs and training party is to develop the skills that are common to Retrievers as well as possible. Rules (most in Estonian): Retriiverite t\u00f5ukatsed Retriiverite t\u00f5ukatse dummyga Retriiverite Working Test\u00a0(RWT) Retriiverite t\u00f5uomane tasemekatse\u00a0(RTT) Veelinnukatse\u00a0(PA) Metslinnukatse\u00a0(ML) Kunstlik verej\u00e4lg\u00a0(VJ) Veep\u00e4\u00e4ste eksamid [&hellip;]<\/p>\n","protected":false},"author":19,"featured_media":0,"parent":0,"menu_order":5,"comment_status":"closed","ping_status":"open","template":"","meta":{"footnotes":""},"class_list":["post-69","page","type-page","status-publish","hentry"],"_links":{"self":[{"href":"https:\/\/www.retriiverid.ee\/en\/wp-json\/wp\/v2\/pages\/69","targetHints":{"allow":["GET"]}}],"collection":[{"href":"https:\/\/www.retriiverid.ee\/en\/wp-json\/wp\/v2\/pages"}],"about":[{"href":"https:\/\/www.retriiverid.ee\/en\/wp-json\/wp\/v2\/types\/page"}],"author":[{"embeddable":true,"href":"https:\/\/www.retriiverid.ee\/en\/wp-json\/wp\/v2\/users\/19"}],"replies":[{"embeddable":true,"href":"https:\/\/www.retriiverid.ee\/en\/wp-json\/wp\/v2\/comments?post=69"}],"version-history":[{"count":14,"href":"https:\/\/www.retriiverid.ee\/en\/wp-json\/wp\/v2\/pages\/69\/revisions"}],"predecessor-version":[{"id":21218,"href":"https:\/\/www.retriiverid.ee\/en\/wp-json\/wp\/v2\/pages\/69\/revisions\/21218"}],"wp:attachment":[{"href":"https:\/\/www.retriiverid.ee\/en\/wp-json\/wp\/v2\/media?parent=69"}],"curies":[{"name":"wp","href":"https:\/\/api.w.org\/{rel}","templated":true}]}}