{"id":6320,"date":"2011-02-09T12:29:53","date_gmt":"2011-02-09T10:29:53","guid":{"rendered":"http:\/\/www.retriiverid.ee\/"},"modified":"2022-10-17T13:08:49","modified_gmt":"2022-10-17T10:08:49","slug":"pohikiri","status":"publish","type":"page","link":"https:\/\/www.retriiverid.ee\/en\/uhing\/pohikiri\/","title":{"rendered":"Eesti Retriiverite T\u00f5u\u00fchingu p\u00f5hikiri"},"content":{"rendered":"<p class=\"qtranxs-available-languages-message qtranxs-available-languages-message-en\">Sorry, this entry is only available in <a href=\"https:\/\/www.retriiverid.ee\/et\/wp-json\/wp\/v2\/pages\/6320\" class=\"qtranxs-available-language-link qtranxs-available-language-link-et\" title=\"Eesti\">Eesti<\/a>.<\/p>\n","protected":false},"excerpt":{"rendered":"<p>Sorry, this entry is only available in Eesti.<\/p>\n","protected":false},"author":19,"featured_media":0,"parent":11,"menu_order":2,"comment_status":"closed","ping_status":"open","template":"","meta":{"footnotes":""},"class_list":["post-6320","page","type-page","status-publish","hentry"],"_links":{"self":[{"href":"https:\/\/www.retriiverid.ee\/en\/wp-json\/wp\/v2\/pages\/6320","targetHints":{"allow":["GET"]}}],"collection":[{"href":"https:\/\/www.retriiverid.ee\/en\/wp-json\/wp\/v2\/pages"}],"about":[{"href":"https:\/\/www.retriiverid.ee\/en\/wp-json\/wp\/v2\/types\/page"}],"author":[{"embeddable":true,"href":"https:\/\/www.retriiverid.ee\/en\/wp-json\/wp\/v2\/users\/19"}],"replies":[{"embeddable":true,"href":"https:\/\/www.retriiverid.ee\/en\/wp-json\/wp\/v2\/comments?post=6320"}],"version-history":[{"count":4,"href":"https:\/\/www.retriiverid.ee\/en\/wp-json\/wp\/v2\/pages\/6320\/revisions"}],"predecessor-version":[{"id":20231,"href":"https:\/\/www.retriiverid.ee\/en\/wp-json\/wp\/v2\/pages\/6320\/revisions\/20231"}],"up":[{"embeddable":true,"href":"https:\/\/www.retriiverid.ee\/en\/wp-json\/wp\/v2\/pages\/11"}],"wp:attachment":[{"href":"https:\/\/www.retriiverid.ee\/en\/wp-json\/wp\/v2\/media?parent=6320"}],"curies":[{"name":"wp","href":"https:\/\/api.w.org\/{rel}","templated":true}]}}