{"id":4589,"date":"2010-12-03T13:16:24","date_gmt":"2010-12-03T11:16:24","guid":{"rendered":"http:\/\/www.retriiverid.ee\/"},"modified":"2011-02-02T12:52:20","modified_gmt":"2011-02-02T10:52:20","slug":"koer-rendilepinguga","status":"publish","type":"page","link":"https:\/\/www.retriiverid.ee\/en\/kutsikad\/koer-rendilepinguga\/","title":{"rendered":"Koer rendilepinguga &#8211; hunnik probleeme v\u00f5i viljakas koost\u00f6\u00f6?"},"content":{"rendered":"<p class=\"qtranxs-available-languages-message qtranxs-available-languages-message-en\">Sorry, this entry is only available in <a href=\"https:\/\/www.retriiverid.ee\/et\/wp-json\/wp\/v2\/pages\/4589\" class=\"qtranxs-available-language-link qtranxs-available-language-link-et\" title=\"Eesti\">Eesti<\/a> and <a href=\"https:\/\/www.retriiverid.ee\/ru\/wp-json\/wp\/v2\/pages\/4589\" class=\"qtranxs-available-language-link qtranxs-available-language-link-ru\" title=\"\u0420\u0443\u0441\u0441\u043a\u0438\u0439\">\u0420\u0443\u0441\u0441\u043a\u0438\u0439<\/a>.<\/p>\n","protected":false},"excerpt":{"rendered":"<p>Sorry, this entry is only available in Eesti and \u0420\u0443\u0441\u0441\u043a\u0438\u0439.<\/p>\n","protected":false},"author":19,"featured_media":0,"parent":86,"menu_order":150,"comment_status":"closed","ping_status":"open","template":"","meta":{"footnotes":""},"class_list":["post-4589","page","type-page","status-publish","hentry"],"_links":{"self":[{"href":"https:\/\/www.retriiverid.ee\/en\/wp-json\/wp\/v2\/pages\/4589","targetHints":{"allow":["GET"]}}],"collection":[{"href":"https:\/\/www.retriiverid.ee\/en\/wp-json\/wp\/v2\/pages"}],"about":[{"href":"https:\/\/www.retriiverid.ee\/en\/wp-json\/wp\/v2\/types\/page"}],"author":[{"embeddable":true,"href":"https:\/\/www.retriiverid.ee\/en\/wp-json\/wp\/v2\/users\/19"}],"replies":[{"embeddable":true,"href":"https:\/\/www.retriiverid.ee\/en\/wp-json\/wp\/v2\/comments?post=4589"}],"version-history":[{"count":0,"href":"https:\/\/www.retriiverid.ee\/en\/wp-json\/wp\/v2\/pages\/4589\/revisions"}],"up":[{"embeddable":true,"href":"https:\/\/www.retriiverid.ee\/en\/wp-json\/wp\/v2\/pages\/86"}],"wp:attachment":[{"href":"https:\/\/www.retriiverid.ee\/en\/wp-json\/wp\/v2\/media?parent=4589"}],"curies":[{"name":"wp","href":"https:\/\/api.w.org\/{rel}","templated":true}]}}