{"id":4514,"date":"2010-12-01T12:20:19","date_gmt":"2010-12-01T09:20:19","guid":{"rendered":"http:\/\/www.retriiverid.ee\/"},"modified":"2017-06-30T23:49:32","modified_gmt":"2017-06-30T20:49:32","slug":"kas-tootavad-labradorid-pardijahile","status":"publish","type":"page","link":"https:\/\/www.retriiverid.ee\/en\/katsed-koolitus\/kas-tootavad-labradorid-pardijahile\/","title":{"rendered":"Kas k\u00f5ik t\u00f6\u00f6tavad labradorid pardijahile?"},"content":{"rendered":"","protected":false},"excerpt":{"rendered":"","protected":false},"author":19,"featured_media":0,"parent":69,"menu_order":120,"comment_status":"closed","ping_status":"open","template":"","meta":{"footnotes":""},"class_list":["post-4514","page","type-page","status-publish","hentry"],"_links":{"self":[{"href":"https:\/\/www.retriiverid.ee\/en\/wp-json\/wp\/v2\/pages\/4514","targetHints":{"allow":["GET"]}}],"collection":[{"href":"https:\/\/www.retriiverid.ee\/en\/wp-json\/wp\/v2\/pages"}],"about":[{"href":"https:\/\/www.retriiverid.ee\/en\/wp-json\/wp\/v2\/types\/page"}],"author":[{"embeddable":true,"href":"https:\/\/www.retriiverid.ee\/en\/wp-json\/wp\/v2\/users\/19"}],"replies":[{"embeddable":true,"href":"https:\/\/www.retriiverid.ee\/en\/wp-json\/wp\/v2\/comments?post=4514"}],"version-history":[{"count":4,"href":"https:\/\/www.retriiverid.ee\/en\/wp-json\/wp\/v2\/pages\/4514\/revisions"}],"predecessor-version":[{"id":17668,"href":"https:\/\/www.retriiverid.ee\/en\/wp-json\/wp\/v2\/pages\/4514\/revisions\/17668"}],"up":[{"embeddable":true,"href":"https:\/\/www.retriiverid.ee\/en\/wp-json\/wp\/v2\/pages\/69"}],"wp:attachment":[{"href":"https:\/\/www.retriiverid.ee\/en\/wp-json\/wp\/v2\/media?parent=4514"}],"curies":[{"name":"wp","href":"https:\/\/api.w.org\/{rel}","templated":true}]}}