{"id":415,"date":"2010-07-26T19:46:57","date_gmt":"2010-07-26T16:46:57","guid":{"rendered":"http:\/\/retriiverid.ee\/test\/"},"modified":"2025-02-06T15:16:05","modified_gmt":"2025-02-06T12:16:05","slug":"kasvatajad","status":"publish","type":"page","link":"https:\/\/www.retriiverid.ee\/en\/aretus\/kasvatajad\/","title":{"rendered":"Retriever breeders in Estonia"},"content":{"rendered":"<ul class=\"siseminemenu\">\n<li><a title=\"Curly Coated Retriever breeders\" href=\"#Kihar\">Curly Coated Retriever<\/a><\/li>\n<li><a title=\"Chesapeake Bay Retriever breeders\" href=\"#Chessi\">Chesapeake Bay Retriever<\/a><\/li>\n<li><a title=\"Nova Scotia Duck Tolling Retriever breeders\" href=\"#Nova\">Nova Scotia\u00a0D.T. Retriever<\/a><\/li>\n<li><a title=\"Flat Coated Retriever breeders\" href=\"#Flat\">Flat Coated Retriever<\/a><\/li>\n<li><a title=\"Labrador Retriever breeders\" href=\"#Lab\">Labrador Retriever<\/a><\/li>\n<li><a title=\"Golden Retriever breeders\" href=\"#Gold\" target=\"_self\" rel=\"noopener\">Golden Retriever<\/a><\/li>\n<\/ul>\n<p>Members of ERT\u00dc:<\/p>\n<h3>Curly Coated Retriever<a name=\"Kihar\"><\/a><\/h3>\n\n<table id=\"tablepress-1\" class=\"tablepress tablepress-id-1\">\n<thead>\n<tr class=\"row-1\">\n\t<th class=\"column-1\">Kennel<\/th><th class=\"column-2\">Omanik\/Owner<\/th><th class=\"column-3\">Kontakt\/Contact<\/th><th class=\"column-4\">Asukoht\/Location<\/th><th class=\"column-5\">Muu\/Other<\/th>\n<\/tr>\n<\/thead>\n<tbody class=\"row-striping\">\n<tr class=\"row-2\">\n\t<td class=\"column-1\">Gypsy's Soul<\/td><td class=\"column-2\">Kalvo Kriisk <\/td><td class=\"column-3\">kalvo(\u00e4t)gypsyssoul.net<br \/>\n+372 504 7699<\/td><td class=\"column-4\">Elva vald,<br \/>\nTartumaa<\/td><td class=\"column-5\"><a href=\"http:\/\/www.gypsyssoul.net\/\" target=\"_blank\">www<\/a><\/td>\n<\/tr>\n<\/tbody>\n<\/table>\n<!-- #tablepress-1 from cache -->\n<h3>Nova Scotia Duck Tolling Retriever<a name=\"Nova\"><\/a><\/h3>\n\n<table id=\"tablepress-2\" class=\"tablepress tablepress-id-2\">\n<thead>\n<tr class=\"row-1\">\n\t<th class=\"column-1\">Kennel<\/th><th class=\"column-2\">Omanik\/Owner<\/th><th class=\"column-3\">Kontakt\/Contact<\/th><th class=\"column-4\">Asukoht\/Location<\/th><th class=\"column-5\">Muu\/Other<\/th>\n<\/tr>\n<\/thead>\n<tbody class=\"row-striping\">\n<tr class=\"row-2\">\n\t<td class=\"column-1\">Irwlend<\/td><td class=\"column-2\">Tiiu Hirv<\/td><td class=\"column-3\">+372 5656 7874<br \/>\n<\/td><td class=\"column-4\">V\u00f5rumaa,<br \/>\nLasva k\u00fcla<\/td><td class=\"column-5\"><a href=\"http:\/\/irwlend.edicypages.com\" target=\"_blank\">www<\/a><br \/>\n<a href=\"https:\/\/www.facebook.com\/tiiu.hirv.7\" target=\"_blank\">Facebook<\/a><\/td>\n<\/tr>\n<\/tbody>\n<\/table>\n<!-- #tablepress-2 from cache -->\n<h3>Labrador Retriever<a name=\"Lab\"><\/a><\/h3>\n\n<table id=\"tablepress-3\" class=\"tablepress tablepress-id-3\">\n<thead>\n<tr class=\"row-1\">\n\t<th class=\"column-1\">Kennel<\/th><th class=\"column-2\">Omanik\/Owner<\/th><th class=\"column-3\">Kontakt\/Contact<\/th><th class=\"column-4\">Asukoht\/Location<\/th><th class=\"column-5\">Muu\/Other<\/th>\n<\/tr>\n<\/thead>\n<tbody class=\"row-striping\">\n<tr class=\"row-2\">\n\t<td class=\"column-1\">Bridgestrella<\/td><td class=\"column-2\">Birgit Truus<br \/>\n<br \/>\n<\/td><td class=\"column-3\">birgit.truus(\u00e4t)mail.ee<br \/>\n+372 558 3883<\/td><td class=\"column-4\">P\u00f5lvamaa<br \/>\nLeevi k\u00fcla<\/td><td class=\"column-5\"><a href=\"http:\/\/bridgestrella.com\/\" target=\"_blank\" rel=\"noopener\">www<\/a><br \/>\n<a href=\"https:\/\/www.facebook.com\/bridgestrella\/\" target=\"_blank\" rel=\"noopener\">Facebook<\/a><\/td>\n<\/tr>\n<tr class=\"row-3\">\n\t<td class=\"column-1\">Bright Galaxy<\/td><td class=\"column-2\">Irina Jeremejeva-Plakan<\/td><td class=\"column-3\">irina-tallinn79@mail.ru<br \/>\n+372 53540823<\/td><td class=\"column-4\">Harjumaa<\/td><td class=\"column-5\"><\/td>\n<\/tr>\n<tr class=\"row-4\">\n\t<td class=\"column-1\">Darkdesire<\/td><td class=\"column-2\">Evelyn Koppel<\/td><td class=\"column-3\">evelynl_84(\u00e4t)hotmail.com<br \/>\n+372 5630 0389<\/td><td class=\"column-4\">Tartumaa<\/td><td class=\"column-5\">-<\/td>\n<\/tr>\n<tr class=\"row-5\">\n\t<td class=\"column-1\">Fiat Amicus<\/td><td class=\"column-2\">Tatjana Vaino<\/td><td class=\"column-3\">tatjana.vaino(\u00e4t)gmail.com<br \/>\n+372 5650 0002<\/td><td class=\"column-4\">Ida-Virumaa\/Narva-J\u00f5esuu<\/td><td class=\"column-5\"><a href=\"https:\/\/www.facebook.com\/profile.php?id=100088788657556\" target=\"_blank\" rel=\"noopener\">Facebook<\/a><\/td>\n<\/tr>\n<tr class=\"row-6\">\n\t<td class=\"column-1\">Forest Fan <\/td><td class=\"column-2\">Maarika Lauringson, <br \/>\nReeli Kuhi-Thalfeldt<\/td><td class=\"column-3\">maarikalauringson(\u00e4t)gmail.com reeli.kuhithalfeldt(\u00e4t)gmail.com<br \/>\n+372 511 5277<br \/>\n<\/td><td class=\"column-4\">Harjumaa<\/td><td class=\"column-5\"><a href=\"https:\/\/kennelforestfan.weebly.com\/\" target=\"_blank\" rel=\"noopener\">www<\/a><br \/>\n<a href=\"https:\/\/www.facebook.com\/kennelforestfan\/\" target=\"_blank\" rel=\"noopener\">Facebook<\/a><\/td>\n<\/tr>\n<tr class=\"row-7\">\n\t<td class=\"column-1\">Fortis Dream<\/td><td class=\"column-2\">Lana Hartsenko<\/td><td class=\"column-3\">+372 5662 6127,<br \/>\nfortisdogs(\u00e4t)gmail.com<\/td><td class=\"column-4\">Tallinn<\/td><td class=\"column-5\"><a href=\"https:\/\/www.facebook.com\/fortisdogs\" target=\"_blank\" rel=\"noopener\">Facebook<\/a><\/td>\n<\/tr>\n<tr class=\"row-8\">\n\t<td class=\"column-1\">Irwlend<\/td><td class=\"column-2\">Tiiu Hirv<\/td><td class=\"column-3\">+372 5656 7874<br \/>\n<\/td><td class=\"column-4\">V\u00f5rumaa,<br \/>\nLasva k\u00fcla<\/td><td class=\"column-5\"><a href=\"http:\/\/irwlend.edicypages.com\/\" target=\"_blank\" rel=\"noopener\">www<\/a><br \/>\n<a href=\"https:\/\/www.facebook.com\/tiiu.hirv.7\" target=\"_blank\" rel=\"noopener\">Facebook<\/a><\/td>\n<\/tr>\n<tr class=\"row-9\">\n\t<td class=\"column-1\">Merrilow<\/td><td class=\"column-2\">Triinu A. M\u00f6lder<\/td><td class=\"column-3\">triinu(\u00e4t)merrilow.ee<\/td><td class=\"column-4\">Tartu<\/td><td class=\"column-5\"><a href=\"http:\/\/www.merrilow.ee\/\" target=\"_blank\" rel=\"noopener\">www<\/a><br \/>\n<a href=\"https:\/\/www.facebook.com\/kennelmerrilow\/\" target=\"_blank\" rel=\"noopener\">Facebook<\/a><\/td>\n<\/tr>\n<tr class=\"row-10\">\n\t<td class=\"column-1\">My Best Berry<\/td><td class=\"column-2\">Gea Leppik<\/td><td class=\"column-3\">+372 564 0746,  gealeppik(\u00e4t)gmail.com<\/td><td class=\"column-4\">P\u00e4rnu<\/td><td class=\"column-5\"><a href=\"https:\/\/www.facebook.com\/mybestberry\/\" target=\"_blank\" rel=\"noopener\">www<\/a><\/td>\n<\/tr>\n<tr class=\"row-11\">\n\t<td class=\"column-1\">My Brand<\/td><td class=\"column-2\">Haita-Maarit Silk<\/td><td class=\"column-3\">+372 504 0116 <\/td><td class=\"column-4\">Suurupi<br \/>\nHarjumaa<\/td><td class=\"column-5\"><a href=\"http:\/\/www.mybrand.ee\/\" target=\"_blank\" rel=\"noopener\">www<\/a><br \/>\n<a href=\"https:\/\/www.facebook.com\/kennelmybrand\" target=\"_blank\" rel=\"noopener\">Facebook<\/a><br \/>\n<a href=\"https:\/\/www.instagram.com\/mybrandlabradors\/\" target=\"_blank\" rel=\"noopener\">Instagram<\/a><\/td>\n<\/tr>\n<tr class=\"row-12\">\n\t<td class=\"column-1\">Perfect Sweet Dream<\/td><td class=\"column-2\">Gredi Pikani<\/td><td class=\"column-3\">gredi.pikani(\u00e4t)gmail.com<br \/>\n+372 552 7000<\/td><td class=\"column-4\">Tartumaa<\/td><td class=\"column-5\"><a href=\"https:\/\/www.facebook.com\/perfectsweetdream\/\" target=\"_blank\" rel=\"noopener\">Facebook<\/a><\/td>\n<\/tr>\n<tr class=\"row-13\">\n\t<td class=\"column-1\">Pramentos<\/td><td class=\"column-2\">Pille-Riin Sepp<\/td><td class=\"column-3\">pilleriin.sepp(\u00e4t)gmail.com<\/td><td class=\"column-4\">Raplamaa, <br \/>\nAespa<\/td><td class=\"column-5\"><a href=\"http:\/\/pramentos.ee\/\" target=\"_blank\" rel=\"noopener\">www<\/a><br \/>\n<a href=\"https:\/\/www.facebook.com\/pramentoslabradors\/\" target=\"_blank\" rel=\"noopener\">Facebook<\/a><br \/>\n<a href=\"https:\/\/www.instagram.com\/pramentoslabradors\/\" target=\"_blank\" rel=\"noopener\">Instagram<\/a><\/td>\n<\/tr>\n<tr class=\"row-14\">\n\t<td class=\"column-1\">Royal Brown<\/td><td class=\"column-2\">Britta Puusepp <\/td><td class=\"column-3\">info(\u00e4t)royalbrown.ee<br \/>\n+372 581 52248<\/td><td class=\"column-4\">Tuulna,<br \/>\nL\u00e4\u00e4ne-Harju<\/td><td class=\"column-5\"><a href=\"http:\/\/www.royalbrown.ee\/\" target=\"_blank\" rel=\"noopener\">www<\/a><br \/>\n<a href=\"https:\/\/www.facebook.com\/kennelroyalbrown\/\" target=\"_blank\" rel=\"noopener\">Facebook<\/a><br \/>\n<br \/>\n<br \/>\n<\/td>\n<\/tr>\n<tr class=\"row-15\">\n\t<td class=\"column-1\">Scandinavian Angel<\/td><td class=\"column-2\">Natalia Tsabak<\/td><td class=\"column-3\">scandinavian.angel.kennel(\u00e4t)gmail.com<\/td><td class=\"column-4\">Tallinn, Harjumaa<\/td><td class=\"column-5\"><a href=\"https:\/\/www.facebook.com\/people\/Scandinavian-Angel-kennel\/100089843413795\/\" target=\"_blank\" rel=\"noopener\">Facebook<\/a><\/td>\n<\/tr>\n<tr class=\"row-16\">\n\t<td class=\"column-1\">Sen Chinyoni<\/td><td class=\"column-2\">Teele Juursalu<\/td><td class=\"column-3\">senchinyoni(\u00e4t)gmail.com<br \/>\n+372 5667 9579<\/td><td class=\"column-4\">Kambja vald, Tartumaa<\/td><td class=\"column-5\"><a href=\"http:\/\/chinyoni.webs.com\/\" target=\"_blank\" rel=\"noopener\">www<\/a><br \/>\n<a href=\"https:\/\/www.facebook.com\/senchinyoni\/\" target=\"_blank\" rel=\"noopener\">Facebook<\/a><br \/>\n<\/td>\n<\/tr>\n<tr class=\"row-17\">\n\t<td class=\"column-1\">Tembuland<\/td><td class=\"column-2\">Taimi Plaado<\/td><td class=\"column-3\">simba.naks@mail.ee<br \/>\n+372 5615 9015<\/td><td class=\"column-4\">V\u00f5rumaa<\/td><td class=\"column-5\"><a href=\"https:\/\/www.facebook.com\/Tembuland\/\" target=\"_blank\" rel=\"noopener\">www<\/a><\/td>\n<\/tr>\n<tr class=\"row-18\">\n\t<td class=\"column-1\">Wizard's Creek<\/td><td class=\"column-2\">Janika Printsmann<\/td><td class=\"column-3\">  janika.printsmann(\u00e4t)gmail.com<br \/>\n+372 566 39 000<\/td><td class=\"column-4\">Harjumaa<\/td><td class=\"column-5\"><a href=\"https:\/\/www.facebook.com\/WizardsCreekLabradors\/\" target=\"_blank\" rel=\"noopener\">Facebook<\/a><br \/>\n<a href=\"https:\/\/www.facebook.com\/janika.printsmann\/\" target=\"_blank\" rel=\"noopener\">Facebook<\/a><br \/>\n<a href=\"http:\/\/www.wizardscreeklabradors.com\" target=\"_blank\" rel=\"noopener\">www<\/a><\/td>\n<\/tr>\n<tr class=\"row-19\">\n\t<td class=\"column-1\">Junimperial<\/td><td class=\"column-2\">Anneli Ilumets<\/td><td class=\"column-3\">ilumets.anneli(\u00e4t)gmail.com<\/td><td class=\"column-4\">Hiiumaa<\/td><td class=\"column-5\"><a href=\"https:\/\/www.facebook.com\/profile.php?id=100083019866215\" rel=\"noopener\" target=\"_blank\">Facebook<\/a><\/td>\n<\/tr>\n<tr class=\"row-20\">\n\t<td class=\"column-1\">Ross&amp;Rose<\/td><td class=\"column-2\">Inna Metsalu<\/td><td class=\"column-3\">+372 53404722<br \/>\nInnametsalu(\u00e4t)hotmail.com<\/td><td class=\"column-4\">P\u00e4rnu linn, P\u00e4rnumaa<\/td><td class=\"column-5\"><a href=\"http:\/\/rossandrose.ee\">www<\/a><br \/>\n<a href=\"https:\/\/www.facebook.com\/innametsalu\">Facebook<\/a><br \/>\n<a href=\"https:\/\/www.instagram.com\/innametsalu\/\">Instagram<\/a><\/td>\n<\/tr>\n<\/tbody>\n<\/table>\n<!-- #tablepress-3 from cache -->\n<h3>Golden Retriever<a name=\"Gold\"><\/a><\/h3>\n<p>\n<table id=\"tablepress-21\" class=\"tablepress tablepress-id-21\">\n<thead>\n<tr class=\"row-1\">\n\t<th class=\"column-1\">Kennel<\/th><th class=\"column-2\">Omanik\/Owner<\/th><th class=\"column-3\">Kontakt\/Contact<\/th><th class=\"column-4\">Asukoht\/Location<\/th><th class=\"column-5\">Muu\/Other<\/th>\n<\/tr>\n<\/thead>\n<tbody class=\"row-striping\">\n<tr class=\"row-2\">\n\t<td class=\"column-1\">Delight Of Sunlight<\/td><td class=\"column-2\">Regina Leitsar<\/td><td class=\"column-3\">regina.leitsar(\u00e4t)gmail.com<br \/>\n+372 5564 6959<br \/>\n<\/td><td class=\"column-4\">Harjumaa, <br \/>\nViimsi vald<\/td><td class=\"column-5\"><a href=\"https:\/\/www.delight.ee\/\" target=\"_blank\">www<\/a><\/td>\n<\/tr>\n<tr class=\"row-3\">\n\t<td class=\"column-1\">Fortis Dream<\/td><td class=\"column-2\">Lana Hartsenko<\/td><td class=\"column-3\">+372 5662 6127,<br \/>\nfortisdogs(\u00e4t)gmail.com<\/td><td class=\"column-4\">Tallinn<\/td><td class=\"column-5\"><a href=\"https:\/\/www.facebook.com\/fortisdogs\" target=\"_blank\">Facebook leht<\/a><\/td>\n<\/tr>\n<tr class=\"row-4\">\n\t<td class=\"column-1\">Gypsy's Soul<\/td><td class=\"column-2\">Kalvo Kriisk<\/td><td class=\"column-3\">kalvo(\u00e4t)gypsyssoul.net<br \/>\n+372 504 7699<\/td><td class=\"column-4\">Tartumaa<br \/>\nElva vald<br \/>\n<\/td><td class=\"column-5\"><a href=\"http:\/\/www.gypsyssoul.net\/\" target=\"_blank\">www<\/a><\/td>\n<\/tr>\n<tr class=\"row-5\">\n\t<td class=\"column-1\">Lakebrook<\/td><td class=\"column-2\">Jaana J\u00e4rveoja<\/td><td class=\"column-3\">Jaana(\u00e4t)stuudioj.com<br \/>\n+372 55560793<\/td><td class=\"column-4\">Tartumaa, <br \/>\nElva<\/td><td class=\"column-5\"><a href=\"http:\/\/www.kennellakebrook.com\/\" target=\"_blank\">www<\/a><br \/>\n<a href=\"https:\/\/www.facebook.com\/lakebrookgoldens\" target=\"_blank\">Facebook<\/a><br \/>\n<a href=\"https:\/\/www.instagram.com\/lakebrookgoldens\/\" target=\"_blank\">Instagram<\/a><\/td>\n<\/tr>\n<tr class=\"row-6\">\n\t<td class=\"column-1\">Laurel Diadem<\/td><td class=\"column-2\">Tatjana Zamorskaja<\/td><td class=\"column-3\">tatjana.zamorskaja (at) gmail.com<\/td><td class=\"column-4\">Ida-Virumaa,<br \/>\nNarva<\/td><td class=\"column-5\"><a href=\"http:\/\/laureldiadem.wix.com\/laureldiadem\" target=\"_blank\">www<\/a><br \/>\n<a href=\"https:\/\/www.facebook.com\/tatjana.zamorskaja\" target=\"_blank\">Facebook<\/a><\/td>\n<\/tr>\n<tr class=\"row-7\">\n\t<td class=\"column-1\">Meiepere<\/td><td class=\"column-2\">Karis Saarniit, <br \/>\nMaria Saarniit<\/td><td class=\"column-3\">info(\u00e4t)meiepere.ee<br \/>\n+372 512 8477<\/td><td class=\"column-4\">P\u00f5lva vald, H\u00e4nnim\u00e4e, <br \/>\nValgesoo k\u00fcla, <\/td><td class=\"column-5\"><a href=\"http:\/\/www.meiepere.ee\/\" target=\"_blank\">www<\/a><br \/>\n<a href=\"https:\/\/www.facebook.com\/meiepere\/\" target=\"_blank\">Facebook<\/a><br \/>\n<a href=\"https:\/\/www.instagram.com\/meieperegoldens\/\" target=\"_blank\">Instagram<\/a><\/td>\n<\/tr>\n<tr class=\"row-8\">\n\t<td class=\"column-1\">Nordicsky<\/td><td class=\"column-2\">Kadri Kont-Kontson<\/td><td class=\"column-3\">kadri(\u00e4t)skydive.ee<\/td><td class=\"column-4\">Rapla maakond, Kohila<\/td><td class=\"column-5\"><a href=\"http:\/\/yyippee.blogspot.com\" target=\"_blank\">www<\/a><br \/>\n<a href=\"https:\/\/www.instagram.com\/nordicskygundogs\/\" target=\"_blank\">Instagram<\/a><\/td>\n<\/tr>\n<tr class=\"row-9\">\n\t<td class=\"column-1\">Ringokris<\/td><td class=\"column-2\">Heili Einasto, <br \/>\nInga Sild<\/td><td class=\"column-3\">ringokris.goldens(\u00e4t)gmail.com<\/td><td class=\"column-4\">Harjumaa, <br \/>\nV\u00e4\u00e4na-J\u00f5esuu<\/td><td class=\"column-5\"><a href=\"http:\/\/ringokrisgoldens.eu\/\" target=\"_blank\">www<\/a><\/td>\n<\/tr>\n<tr class=\"row-10\">\n\t<td class=\"column-1\">Rogerwiek<\/td><td class=\"column-2\">Krista Tooming<\/td><td class=\"column-3\">krista(\u00e4t)rogerwiek.com<br \/>\n+372 510 3128<\/td><td class=\"column-4\">Harjumaa<br \/>\nLaulasmaa<\/td><td class=\"column-5\"><a href=\"http:\/\/www.rogerwiek.com\/\" target=\"_blank\">www<\/a><br \/>\n<a href=\"https:\/\/www.facebook.com\/rogerwiek\/\" target=\"_blank\">Facebook<\/a><\/td>\n<\/tr>\n<\/tbody>\n<\/table>\n<!-- #tablepress-21 from cache --><a name=\"Chessi\"><\/a><\/p>\n<h3>Flat-Coated\u00a0Retriever<a name=\"Flat\"><\/a><\/h3>\n\n<table id=\"tablepress-29\" class=\"tablepress tablepress-id-29\">\n<thead>\n<tr class=\"row-1\">\n\t<th class=\"column-1\">Kennel<\/th><th class=\"column-2\">Omanik\/Owner<\/th><th class=\"column-3\">Kontakt\/Contact<\/th><th class=\"column-4\">Asukoht\/Location<\/th><th class=\"column-5\">Muu<\/th>\n<\/tr>\n<\/thead>\n<tbody class=\"row-striping\">\n<tr class=\"row-2\">\n\t<td class=\"column-1\">Laurel Diadem<\/td><td class=\"column-2\">Tatjana Zamorskaja<\/td><td class=\"column-3\">tatjana.zamorskaja(\u00e4t)gmail.com<\/td><td class=\"column-4\">Ida-Virumaa,<br \/>\nNarva<\/td><td class=\"column-5\"><a href=\"http:\/\/laureldiadem.wix.com\/laureldiadem\" target=\"_blank\">www<\/a><br \/>\n<a href=\"https:\/\/www.facebook.com\/tatjana.zamorskaja\" target=\"_blank\">Facebook<\/a><\/td>\n<\/tr>\n<tr class=\"row-3\">\n\t<td class=\"column-1\">Royal Brown<\/td><td class=\"column-2\">Britta Puusepp<\/td><td class=\"column-3\">brittapuusepp(\u00e4t)gmail.com<br \/>\n+372 502 9384<\/td><td class=\"column-4\">Tuulna,<br \/>\nL\u00e4\u00e4ne-Harju<\/td><td class=\"column-5\"><a href=\"http:\/\/www.royalbrown.ee\/\" target=\"_blank\">www<\/a><br \/>\n<a href=\"https:\/\/www.facebook.com\/kennelroyalbrown\/\" target=\"_blank\">Facebook<\/a><\/td>\n<\/tr>\n<tr class=\"row-4\">\n\t<td class=\"column-1\">Junimperial<\/td><td class=\"column-2\">Anneli Ilumets<\/td><td class=\"column-3\">ilumets.anneli(\u00e4t)gmail.com<\/td><td class=\"column-4\">Hiiumaa<\/td><td class=\"column-5\"><a href=\"https:\/\/www.facebook.com\/profile.php?id=100083019866215\" target=\"_blank\">Facebook<\/a><\/td>\n<\/tr>\n<\/tbody>\n<\/table>\n<!-- #tablepress-29 from cache -->\n<h3>Chesapeake Bay Retriever<a name=\"Chessi\"><\/a><\/h3>\n","protected":false},"excerpt":{"rendered":"<p>Curly Coated Retriever Chesapeake Bay Retriever Nova Scotia\u00a0D.T. Retriever Flat Coated Retriever Labrador Retriever Golden Retriever Members of ERT\u00dc: Curly Coated Retriever Nova Scotia Duck Tolling Retriever Labrador Retriever Golden Retriever Flat-Coated\u00a0Retriever Chesapeake Bay Retriever<\/p>\n","protected":false},"author":19,"featured_media":0,"parent":80,"menu_order":0,"comment_status":"closed","ping_status":"open","template":"","meta":{"footnotes":""},"class_list":["post-415","page","type-page","status-publish","hentry"],"_links":{"self":[{"href":"https:\/\/www.retriiverid.ee\/en\/wp-json\/wp\/v2\/pages\/415","targetHints":{"allow":["GET"]}}],"collection":[{"href":"https:\/\/www.retriiverid.ee\/en\/wp-json\/wp\/v2\/pages"}],"about":[{"href":"https:\/\/www.retriiverid.ee\/en\/wp-json\/wp\/v2\/types\/page"}],"author":[{"embeddable":true,"href":"https:\/\/www.retriiverid.ee\/en\/wp-json\/wp\/v2\/users\/19"}],"replies":[{"embeddable":true,"href":"https:\/\/www.retriiverid.ee\/en\/wp-json\/wp\/v2\/comments?post=415"}],"version-history":[{"count":10,"href":"https:\/\/www.retriiverid.ee\/en\/wp-json\/wp\/v2\/pages\/415\/revisions"}],"predecessor-version":[{"id":20965,"href":"https:\/\/www.retriiverid.ee\/en\/wp-json\/wp\/v2\/pages\/415\/revisions\/20965"}],"up":[{"embeddable":true,"href":"https:\/\/www.retriiverid.ee\/en\/wp-json\/wp\/v2\/pages\/80"}],"wp:attachment":[{"href":"https:\/\/www.retriiverid.ee\/en\/wp-json\/wp\/v2\/media?parent=415"}],"curies":[{"name":"wp","href":"https:\/\/api.w.org\/{rel}","templated":true}]}}