{"id":350,"date":"2010-07-26T18:05:28","date_gmt":"2010-07-26T15:05:28","guid":{"rendered":"http:\/\/retriiverid.ee\/test\/"},"modified":"2017-04-27T22:21:55","modified_gmt":"2017-04-27T19:21:55","slug":"memo","status":"publish","type":"page","link":"https:\/\/www.retriiverid.ee\/en\/kutsikad\/memo\/","title":{"rendered":"Enne kutsika v\u00f5tmist"},"content":{"rendered":"<p>&#8221; src=&#8221;<a href=\"http:\/\/www.retriiverid.ee\/wp-content\/uploads\/2010\/07\/super-kutsikas-e1314790566575-150&#215;150.jpg&#8221;\">http:\/\/www.retriiverid.ee\/wp-content\/uploads\/2010\/07\/super-kutsikas-e1314790566575-150&#215;150.jpg&#8221;<\/a> alt=&#8221;,,Ma ei tea maailmast veel midagi&#8221;&#8221; width=&#8221;150&#8243; height=&#8221;150&#8243; \/>[\/caption]<\/p>\n<p>*\u00a0Retriivereid on\u00a0kuute t\u00f5ugu &#8211; labradori retriiver, kuldne retriiver, kiharakarvaline retriiver, siledakarvaline retriiver, nova scotia retriiver\u00a0ja chesapeake bay retriiver.\u00a0J\u00e4rgnevas tekstis nimetatakse neid koos &#8220;retriiveriteks&#8221;.<\/p>\n<h3>Kas see retriiveri* t\u00f5ug sobib mulle?<\/h3>\n<p>K\u00f5ik retriiverid* on s\u00f5braliku iseloomuga koerad, kes sobivad perekoeraks ja harrastusteks, kuid ei sobi kindlasti inimesele, kes vajab \u00f5uekoera, majavalvurit v\u00f5i kellel pole aega koeraga tegeleda.<\/p>\n<p>Nagu k\u00f5ik saksa lambakoerad pole Komissaar Rexid, pole k\u00f5ik retriiverit\u00f5ugu* ka sellised rahulikud koerad, nagu v\u00f5ibolla naabril v\u00f5i tuttaval. Enamasti on seal taga ka p\u00e4ris palju koolitust ja t\u00f6\u00f6d koeraga.<\/p>\n<h3>Kas see pesakond ja just see kutsikas sobib mulle?<\/h3>\n<p>Kuigi t\u00f5ug* on ikka \u00fcks ja sama, on selles suuri erinevusi kahe koera, nende iseloomu ja v\u00e4limuse vahel. M\u00f5ni koer on rahulik, teine rahutu ja aktiivne, m\u00f5nest koerast saab hea jahikoera, aga mitte s\u00f5pra pension\u00e4ridest vanavanematele.<\/p>\n<h3>Mis minu elus muutub seoses uue pereliikmega?<\/h3>\n<h4>Rahalised kulutused:<\/h4>\n<ul>\n<li>Korralik s\u00f6\u00f6k,<\/li>\n<li>hoolduskulud,<\/li>\n<li>vaktsineerimised,<\/li>\n<li>ussikuurid,<\/li>\n<li>koolitus.<\/li>\n<\/ul>\n<p>T\u00e4iskasvanud retriiveri* peale kulub keskmiselt 60 eurot kuus.<\/p>\n<h4>Ajalised kulutused:<\/h4>\n<p>Retriiverit\u00f5ugu* koer elab Sinu k\u00f5rval 12-14 aastat ja vajab algkoolitust, regulaarseid jalutusk\u00e4ike, sotsialiseerimist ja kasvatamist, et temast saaks \u00fchiskonna hea liige.<\/p>\n<p style=\"text-align: center;\"><span style=\"color: #ff0000;\"><strong><span style=\"color: #ff0000;\">AJAPUUDUS = K\u00c4ITUMISH\u00c4IRED = PROBLEEMKOER!<\/span><\/strong><\/span><\/p>\n<h4>Vastutus:<\/h4>\n<p>Koeraomanik vastutab oma koera eest k\u00f5ikides olukordades.<\/p>\n<p>Kui sinu koer k\u00e4itub halvasti, rikub oma k\u00e4itumisega teiste rahu v\u00f5i on halvasti sotsialiseeritud, on see sinu, mitte koera v\u00f5i naabrite probleem. Tutvu oma kodukoha koerte pidamise eeskirjaga.<\/p>\n<h3>Miks on t\u00f5ukoerte kutsikad kallid?<\/h3>\n<p>\u00dche kutsika hind kujuneb tavaliselt pesakonna s\u00fcnnile eelnenud ja j\u00e4rgnenud kulutuste j\u00e4rgi. Koertekasvatamine on ennek\u00f5ike hobi ja sealjuures suht kallis hobi.<\/p>\n<p>Labradori retriiverite\u00a0keskmine hind Eestis hetkel on 500-800 eurot. Kuldsetel retriiveritel, Nova Scoti\u00a0ja kiharakarvalistel retriiveritel 500-1200 eurot. \u00dclej\u00e4\u00e4nud retriiverite t\u00f5ugude kutsikaid pole Eestis veel m\u00fc\u00fcdud.<\/p>\n<p>Tavaliselt ei s\u00f5ltu kutsika hind sellest, kas ta v\u00f5etakse n\u00e4itusekoeraks v\u00f5i m\u00f5ne muu harrastuse jaoks. Ka edukas n\u00e4itusekoer on ju ennek\u00f5ike kellegi perekoer. \u00dcheksa inimest k\u00fcmnest v\u00f5tab koera s\u00f5nadega <em>\u201coi, ega me n\u00e4itustel k\u00e4ima ei hakka\u201d<\/em> ja pooltega neist kohtume me ikka kunagi hiljem n\u00e4ituse- v\u00f5i treeningplatsil, sest neil tekkis tahtmine ikka kord j\u00e4rgi proovida, mis seal tehakse.<\/p>\n<h3>Kas paberitega v\u00f5i ilma?<\/h3>\n<p>&#8220;Paberid&#8221; ehk registreerimistunnistus on koerale isikut t\u00f5endav dokument. See on dokument, mis kinnitab, et sinu kutsika vanemad on samast t\u00f5ust, neil on tehtud terviseuuringud ja nad n\u00e4evad v\u00e4lja nagu see t\u00f5ug v\u00e4lja n\u00e4gema peab.<\/p>\n<blockquote>\n<p>T\u00f5utunnistuse olemasolu EI T\u00c4HENDA, et pead koeraga n\u00e4itustel k\u00e4ima v\u00f5i teda aretama hakkama. \u00dche kutsika t\u00f5utunnistus maksab Eesti Kennelliidus 13 eurot, kui vanematel on aretusn\u00f5uded t\u00e4idetud).<\/p>\n<\/blockquote>\n<p>M\u00fc\u00fcti <em>&#8220;paberid on kallid&#8221;<\/em> levitavad need kutsikam\u00fc\u00fcjad, kes kasvatavad koeri raha p\u00e4rast ja ei vaevu oma koertele tegema terviseuuringuid ja aretavad neid hoolimata sellest, kas nad on terved v\u00f5i kannavad p\u00e4rilikke haigusi. Selline kasvataja ei pruugi teid aidata enam siis, kui kutsikal peaks ilmnema p\u00e4rilikke haigusi.<\/p>\n<p><strong>Hoiatuseks ostjale:<\/strong> <a href=\"\/kutsikad\/hoiatuseks-kutsikaostjale\/\" target=\"_self\">levinumad pettasaamise v\u00f5imalused ostes labradori kutsikat<\/a>.<\/p>\n<h3>Emane v\u00f5i isane?<\/h3>\n<table class=\"NoBorder\">\n<tbody>\n<tr>\n<th>Emase plussid:<\/th>\n<th>Isase plussid:<\/th>\n<\/tr>\n<tr>\n<td>\n<ul>\n<li>Enamasti rahulikum,<\/li>\n<li>kodu hoidvam,<\/li>\n<li>ei taha minema joosta<\/li>\n<\/ul>\n<\/td>\n<td>\n<ul>\n<li>Ei ole &#8220;tilkuvat&#8221; jooksuaega,<\/li>\n<li>\n<p>suuremat kasvu.<\/p>\n<\/li>\n<\/ul>\n<\/td>\n<\/tr>\n<tr>\n<th>Emase miinused:<\/th>\n<th>Isase miinused:<\/th>\n<\/tr>\n<tr>\n<td>\n<ul>\n<li>Kaks korda aastas jooksuaeg,<\/li>\n<li>v\u00e4iksemat kasvu.<\/li>\n<\/ul>\n<\/td>\n<td>\n<ul>\n<li>V\u00f5ib esineda 365-p\u00e4evast jooksuaega (tahab &#8220;pulma&#8221;),<\/li>\n<li>vajab rohkem koolitust,<\/li>\n<li>enamasti energilisem ja raskem kasvatada.<\/li>\n<\/ul>\n<\/td>\n<\/tr>\n<\/tbody>\n<\/table>\n<p>Millegip\u00e4rast on levinud eksiarvamus, nagu isastega oleks lihtsam. Tegelikkuses on tihtipeale vastupidi ja peredele, kellel pole varem koera olnud v\u00f5i kellele on v\u00e4ikeseid lapsi, soovitan pigem v\u00f5tta emast koera. Igaks juhuks lisan siia m\u00f5ned argumendid, mida peaks teadma, enne kui teete valiku, kas emane v\u00f5i isane.<\/p>\n<p>Kui emastel on 2x aastas jooksuaeg, millest &#8220;ohtlik&#8221; aeg on \u00fcks n\u00e4dal (sel ajal peaks koeraga k\u00e4ima rihma otsas), siis ISASTEL V\u00d5IB ESINEDA JOOKSUAEGA 365 p\u00e4eva aastas, mil ta tahab &#8220;pulma&#8221; joosta, muutub &#8220;kurdiks&#8221;, s\u00f5nakuulmatuks ning dominantseks ja t\u00fclinorivaks teiste koertega. Seda v\u00f5ib juhtuda iga kord, kui kuskil 3 km raadiuses on m\u00f5ni jooksuajane emane. Hullematel juhtudel v\u00f5ib v\u00e4ljenduda see n\u00e4dalatepikkuses ulgumises, s\u00f6\u00f6misest keeldumises, isegi uste-akende-r\u00f5dude l\u00f5hkumises.<\/p>\n<blockquote>\n<p><strong>Iga emane EI PEA ja EI TOHIKS saada kutsikaid.<\/strong> Hundikarjas saab kutsikaid vaid alfa-emane, teised toimivad ammedena-\u00f5petajatena. Kutsikate saamine ei ole tervislikel p\u00f5hjustel kasulik.<\/p>\n<\/blockquote>\n<p>Vastupidi, vahel aktiviseerib see emase koera hormoontegevuse, millele v\u00f5ivad j\u00e4rgneda libatiinused, emakap\u00f5letikud, rasked jooksuajad ja probleemid. Koer ei tunne enamasti &#8220;ematundeid&#8221;, vaid tegutseb p\u00f5hiliselt instinktide alusel ja need v\u00f5ivad teda panna ka tegema meie m\u00f5istes ekstreemsusi nagu oma kutsikate tapmine, s\u00f6\u00f6mine v\u00f5i h\u00fclgamine.<img loading=\"lazy\" decoding=\"async\" class=\"alignleft size-thumbnail wp-image-5081\" title=\"Kutsikad\" src=\"http:\/\/www.retriiverid.ee\/wp-content\/uploads\/2010\/08\/IMG_0053-150x150.jpg\" alt=\"Kutsikad\" width=\"150\" height=\"150\" \/><\/p>\n<p>Kui emasele ei soovita pesakonda, v\u00f5ib ta kohe peale esimest jooksuaega steriliseerida, mis aitab v\u00e4ltida hormoonprobleeme ja p\u00f5letikke. Nii ei ole tal kunagi enam jooksuaega ega t\u00f5en\u00e4osust saada soovimatuid kutsikaid. See on lihtne protseduur, mis v\u00f5tab aega paar tundi ja millest koer toibub kiiresti. Emased on kodu hoidvamad, leebemad, rahulikumad ja kergemini koolitatavamad. Kui esimene jooksuaeg v\u00e4ja arvata, siis ei esine emastel oluliselt h\u00e4irivad murdeiga, mis isastel v\u00f5ib kesta hullemal juhul 6-12 kuud.<\/p>\n<p>Retriiverit\u00f5ugu* isased koerad on aktiivsed ja tugevad (40-45 kilo) ja nendega on raske toime tulla, kui on tekkinud k\u00e4itumisprobleeme (\u00fcliseksuaalsus, dominantsus vms). Seet\u00f5ttu soovitame valida isase koera vaid juhul, kui on olemas varasem koerapidamise kogemus ja kogemus koera koolitamisel.<\/p>\n<h3>Kas retriiver* vajab oma maja v\u00f5i sobib ka korterisse?<\/h3>\n<p>Kuigi f\u00fc\u00fcsiline aktiivsus on v\u00e4ga oluline, ei s\u00f5ltu retriiveri heaolu ruutmeetrite arvust v\u00f5i \u00f5ue suurusest. See s\u00f5ltub sellest, kui palju teda omanik aktiviseerib ja sotsialiseerib. Ka oma \u00f5uega koer vajab igap\u00e4evaseid jalutusk\u00e4ike v\u00e4ljaspool oma aeda ja sotsialiseerimist teiste koertega, et olla ps\u00fc\u00fchiliselt tasakaalus.<\/p>\n<blockquote>\n<p>Piltlikult \u00fcteldes s\u00f5idavad korterikoerte omanikud oma koeraga n\u00e4dalavahetusel metsa, aga majaomanikud peaks oma koera pistma autosse ja viima ta linna sotsialiseeruma.<\/p>\n<\/blockquote>\n<p>Enamikule retriiverite t\u00f5ugudest (va. Chesapeake Bay retriiver) EI SOBI pidev \u00f5uekoera elu, see viib enamasti halbade kommeteni (haukumine, kaevamine) ja koera ps\u00fc\u00fchikah\u00e4ireteni. Tegemist on t\u00f5ugudega, mis on keskmiselt enam orienteeritud inimesele ja seet\u00f5ttu ei naudi nad enamasti \u00fcksi \u00f5ue peal luusimist ja otsivad endale ise tegevust, mis v\u00f5ib l\u00f5ppeda omanikule kuuluva h\u00e4vitamisega ja naabrite h\u00e4irimisega. Ka korterikoer vajab tegevust, muidu on tulemus sama.<\/p>\n<p>Peale igap\u00e4evaste jalutusk\u00e4ikude vajab koer harjutamist uute olukordade, teiste koerte, inimeste ja olenditega (trammid-trollid, suusatajad, jalgratturid) ja koolitust, kuidas igas olukorras kuulata omaniku s\u00f5na. Aktiviseerimiseks sobivad m\u00f5tte- ja nina\u00fclesanded, j\u00e4lje ajamine ja asjade otsimine ning ka n\u00e4iteks tasakaaluharjutused.<\/p>\n<h3>Mida ma pean teadma kutsika vanemate kohta enne ostu?<\/h3>\n<p>Retriiveri pesakonna vanematel peavad olema uuritud puusad, k\u00fc\u00fcnarliigesed ja silmad. Paaritada v\u00f5ib ainult terveid koeri. Vanematel peab olema olemas v\u00e4hemalt kaks n\u00e4itusehinnet <em>&#8220;v\u00e4ga hea&#8221;,<\/em> et tagada, et nad n\u00e4evad v\u00e4lja nagu nende t\u00f5ug peaks n\u00e4gema ja nende iseloom on vastav t\u00f5ule.<\/p>\n<h3>Kui oled otsustanud kutsika\u00a0 kasuks:<\/h3>\n<p><img loading=\"lazy\" decoding=\"async\" class=\"alignright size-thumbnail wp-image-4109 noborder\" title=\"Kuldse retriiveri kutsikad\" src=\"\/wp-content\/uploads\/2010\/10\/kuldsete_kutsikad-150x141.jpg\" alt=\"\" width=\"150\" height=\"141\" \/>V\u00f5ta \u00fchendust kasvatajatega, tutvusta ennast, r\u00e4\u00e4gi, millist koera tahad ja kindlasti maini \u00e4ra, kui sul on koeraga mingeid harrastusplaane: s\u00f5nakuulelikkuse v\u00f5istlused, jahil k\u00e4imine, agility, pimedate juhtkoera v\u00f5i abikoera \u00f5petamine, n\u00e4itustel k\u00e4imine v\u00f5i ehk kunagi kutsikate planeerimine?<\/p>\n<p>Pesakonna on erinevad ja kutsikatel on erinevad eeldused nii v\u00e4limuse kui iseloomu poolest. N\u00e4iteks: kui soovid endale jahikoera, siis saab kasvataja hakata juba enne, kui kutsikad on loovutusealised, hakata valima sulle pesakonnast kutsikat, kellel on k\u00f5ige paremad jahiinstinktid ja paremad eeldused. Sama kehtib ka n\u00e4itusekoera ja aretuskoera kohta.<\/p>\n<p>Arvesta, et hea kutsika saamine v\u00f5ib t\u00e4hendada ka seda, et pead m\u00f5nda aega ootama.<\/p>\n<p>[related-posts]<\/p>\n","protected":false},"excerpt":{"rendered":"<p>&#8221; src=&#8221;<a href=\"http:\/\/www.retriiverid.ee\/wp-content\/uploads\/2010\/07\/super-kutsikas-e1314790566575-150&#215;150.jpg&#8221;\">http:\/\/www.retriiverid.ee\/wp-content\/uploads\/2010\/07\/super-kutsikas-e1314790566575-150&#215;150.jpg&#8221;<\/a> alt=&#8221;,,Ma ei tea maailmast veel midagi&#8221;&#8221; width=&#8221;150&#8243; height=&#8221;150&#8243; \/>[\/caption] *\u00a0Retriivereid on\u00a0kuute t\u00f5ugu &#8211; labradori retriiver, kuldne retriiver, kiharakarvaline retriiver, siledakarvaline retriiver, nova scotia retriiver\u00a0ja chesapeake bay retriiver.\u00a0J\u00e4rgnevas tekstis nimetatakse neid koos &#8220;retriiveriteks&#8221;. Kas see retriiveri* t\u00f5ug sobib mulle? K\u00f5ik retriiverid* on s\u00f5braliku iseloomuga koerad, kes sobivad perekoeraks ja harrastusteks, kuid ei sobi kindlasti [&hellip;]<\/p>\n","protected":false},"author":19,"featured_media":0,"parent":86,"menu_order":20,"comment_status":"closed","ping_status":"open","template":"","meta":{"footnotes":""},"class_list":["post-350","page","type-page","status-publish","hentry"],"_links":{"self":[{"href":"https:\/\/www.retriiverid.ee\/en\/wp-json\/wp\/v2\/pages\/350","targetHints":{"allow":["GET"]}}],"collection":[{"href":"https:\/\/www.retriiverid.ee\/en\/wp-json\/wp\/v2\/pages"}],"about":[{"href":"https:\/\/www.retriiverid.ee\/en\/wp-json\/wp\/v2\/types\/page"}],"author":[{"embeddable":true,"href":"https:\/\/www.retriiverid.ee\/en\/wp-json\/wp\/v2\/users\/19"}],"replies":[{"embeddable":true,"href":"https:\/\/www.retriiverid.ee\/en\/wp-json\/wp\/v2\/comments?post=350"}],"version-history":[{"count":10,"href":"https:\/\/www.retriiverid.ee\/en\/wp-json\/wp\/v2\/pages\/350\/revisions"}],"predecessor-version":[{"id":17404,"href":"https:\/\/www.retriiverid.ee\/en\/wp-json\/wp\/v2\/pages\/350\/revisions\/17404"}],"up":[{"embeddable":true,"href":"https:\/\/www.retriiverid.ee\/en\/wp-json\/wp\/v2\/pages\/86"}],"wp:attachment":[{"href":"https:\/\/www.retriiverid.ee\/en\/wp-json\/wp\/v2\/media?parent=350"}],"curies":[{"name":"wp","href":"https:\/\/api.w.org\/{rel}","templated":true}]}}