{"id":19217,"date":"2019-08-13T22:59:34","date_gmt":"2019-08-13T19:59:34","guid":{"rendered":"http:\/\/www.retriiverid.ee\/?page_id=19217"},"modified":"2022-10-18T10:46:14","modified_gmt":"2022-10-18T07:46:14","slug":"retriiverid-20","status":"publish","type":"page","link":"https:\/\/www.retriiverid.ee\/en\/uhing\/retriiverid-20\/","title":{"rendered":"Juubeli\u00f5htu &#8211; Eesti Retriiverite T\u00f5u\u00fching ja Eesti Kuldsete Retriiverite T\u00f5u\u00fching 20"},"content":{"rendered":"<p class=\"qtranxs-available-languages-message qtranxs-available-languages-message-en\">Sorry, this entry is only available in <a href=\"https:\/\/www.retriiverid.ee\/et\/wp-json\/wp\/v2\/pages\/19217\" class=\"qtranxs-available-language-link qtranxs-available-language-link-et\" title=\"Eesti\">Eesti<\/a>.<\/p>\n","protected":false},"excerpt":{"rendered":"<p>Sorry, this entry is only available in Eesti.<\/p>\n","protected":false},"author":19,"featured_media":0,"parent":11,"menu_order":0,"comment_status":"closed","ping_status":"closed","template":"","meta":{"footnotes":""},"class_list":["post-19217","page","type-page","status-publish","hentry"],"_links":{"self":[{"href":"https:\/\/www.retriiverid.ee\/en\/wp-json\/wp\/v2\/pages\/19217","targetHints":{"allow":["GET"]}}],"collection":[{"href":"https:\/\/www.retriiverid.ee\/en\/wp-json\/wp\/v2\/pages"}],"about":[{"href":"https:\/\/www.retriiverid.ee\/en\/wp-json\/wp\/v2\/types\/page"}],"author":[{"embeddable":true,"href":"https:\/\/www.retriiverid.ee\/en\/wp-json\/wp\/v2\/users\/19"}],"replies":[{"embeddable":true,"href":"https:\/\/www.retriiverid.ee\/en\/wp-json\/wp\/v2\/comments?post=19217"}],"version-history":[{"count":11,"href":"https:\/\/www.retriiverid.ee\/en\/wp-json\/wp\/v2\/pages\/19217\/revisions"}],"predecessor-version":[{"id":20353,"href":"https:\/\/www.retriiverid.ee\/en\/wp-json\/wp\/v2\/pages\/19217\/revisions\/20353"}],"up":[{"embeddable":true,"href":"https:\/\/www.retriiverid.ee\/en\/wp-json\/wp\/v2\/pages\/11"}],"wp:attachment":[{"href":"https:\/\/www.retriiverid.ee\/en\/wp-json\/wp\/v2\/media?parent=19217"}],"curies":[{"name":"wp","href":"https:\/\/api.w.org\/{rel}","templated":true}]}}