{"id":17935,"date":"2017-12-06T11:24:56","date_gmt":"2017-12-06T08:24:56","guid":{"rendered":"http:\/\/www.retriiverid.ee\/?page_id=17935"},"modified":"2017-12-06T11:29:31","modified_gmt":"2017-12-06T08:29:31","slug":"2016-tulemused","status":"publish","type":"page","link":"https:\/\/www.retriiverid.ee\/en\/uhing\/aasta-retriiver\/2016-tulemused\/","title":{"rendered":"Results of \u201cRetriever of Year 2016\u2033"},"content":{"rendered":"<p>ERT\u00dc valis Aasta N\u00e4ituse Retriiveri, Aasta Koolituse Retriiveri, Aasta Jahi Retriiveri ning koondarvestuses Aasta Retriiveri. Arvesse l\u00e4ks koeraomaniku valikul maksimaalselt 7 n\u00e4ituse, koolituse ja jahitulemust.<\/p>\n<p><strong>Aunimetus Aasta Retriiver 2016:<\/strong> omistatakse koerale, kes on saanud enim punkte katsetel, koolitusel ja n\u00e4itustel, kuid igas kategoorias ei ole tulemused vajalikud kui koondpunktid on k\u00f5rged.<br \/>\n<strong>Aunimetus Aasta N\u00e4ituseretriiver 2016:<\/strong> omistatakse koerale, kes on saanud enim punkte n\u00e4itustel.<br \/>\n<strong>Aunimetus Aasta Koolitusretriiver 2016<\/strong>: omistatakse koerale, kes on saanud enim punkte katsetel ja koolitusaladel.<br \/>\n<strong>Aunimetus Aasta T\u00f6\u00f6retriiver 2016:<\/strong> omistatakse koerale, kes on saanud enim punkte jahi- ja retriiverikatsetel.<\/p>\n<ul>\n<li>Konkursi tingimused leiad\u00a0<a title=\"Aasta retriiver 2014\" href=\"http:\/\/www.retriiverid.ee\/uhing\/aasta-retriiver\/\" rel=\"nofollow\">SIIT<\/a> ning alade punktitabeli <a href=\"http:\/\/www.retriiverid.ee\/wp-content\/uploads\/2016\/12\/aastakoer_tabel_2016.xls\" target=\"_blank\" rel=\"noopener\">SIIT<\/a>.<\/li>\n<\/ul>\n<hr \/>\n<h3>Aasta Retriiver 2016:<\/h3>\n<p><img loading=\"lazy\" decoding=\"async\" class=\"wp-image-17307 aligncenter\" src=\"http:\/\/www.retriiverid.ee\/wp-content\/uploads\/2017\/02\/aasta-retriiver-2016.jpg\" alt=\"\" width=\"432\" height=\"288\" srcset=\"https:\/\/www.retriiverid.ee\/wp-content\/uploads\/2017\/02\/aasta-retriiver-2016.jpg 720w, https:\/\/www.retriiverid.ee\/wp-content\/uploads\/2017\/02\/aasta-retriiver-2016-350x233.jpg 350w, https:\/\/www.retriiverid.ee\/wp-content\/uploads\/2017\/02\/aasta-retriiver-2016-660x440.jpg 660w, https:\/\/www.retriiverid.ee\/wp-content\/uploads\/2017\/02\/aasta-retriiver-2016-600x400.jpg 600w, https:\/\/www.retriiverid.ee\/wp-content\/uploads\/2017\/02\/aasta-retriiver-2016-30x20.jpg 30w\" sizes=\"auto, (max-width: 432px) 100vw, 432px\" \/><\/p>\n<table>\n<tbody>\n<tr>\n<th align=\"CENTER\" valign=\"BOTTOM\" width=\"43\" height=\"20\"><\/th>\n<th align=\"CENTER\" valign=\"BOTTOM\" width=\"272\">koera nimi<\/th>\n<th align=\"CENTER\" valign=\"BOTTOM\" width=\"201\">t\u00f5ug<\/th>\n<th align=\"CENTER\" valign=\"BOTTOM\" width=\"245\">omanik<\/th>\n<th align=\"CENTER\" valign=\"BOTTOM\" width=\"124\">punktid<\/th>\n<\/tr>\n<tr>\n<td align=\"CENTER\" valign=\"BOTTOM\" height=\"20\"><strong>1<\/strong><\/td>\n<td align=\"LEFT\" valign=\"BOTTOM\"><strong>Dutch Consolidation Quadrille<\/strong><\/td>\n<td align=\"LEFT\" valign=\"BOTTOM\"><strong>kuldne retriiver<\/strong><\/td>\n<td align=\"LEFT\" valign=\"BOTTOM\"><strong>Tatjana Zamorskaja<\/strong><\/td>\n<td align=\"CENTER\" valign=\"BOTTOM\"><strong>118p<\/strong><\/td>\n<\/tr>\n<tr class=\"odd\">\n<td align=\"CENTER\" valign=\"BOTTOM\" height=\"20\"><strong>2<\/strong><\/td>\n<td align=\"LEFT\" valign=\"BOTTOM\"><strong>Tsunami Bella Mare<\/strong><\/td>\n<td align=\"LEFT\" valign=\"BOTTOM\"><strong>labradori retriiver<\/strong><\/td>\n<td align=\"LEFT\" valign=\"BOTTOM\"><strong>Pille-Riin Sepp<\/strong><\/td>\n<td align=\"CENTER\" valign=\"BOTTOM\"><strong>90,5p<\/strong><\/td>\n<\/tr>\n<tr>\n<td align=\"CENTER\" valign=\"BOTTOM\" height=\"20\"><strong>3<\/strong><\/td>\n<td align=\"LEFT\" valign=\"BOTTOM\"><strong>Gypsy&#8217;s Soul Heartbreaker<\/strong><\/td>\n<td align=\"LEFT\" valign=\"BOTTOM\"><strong>kiharakarvaline retriiver<\/strong><\/td>\n<td align=\"LEFT\" valign=\"BOTTOM\"><strong>Kalvo Kriisk<\/strong><\/td>\n<td align=\"CENTER\" valign=\"BOTTOM\"><strong>78,1p<\/strong><\/td>\n<\/tr>\n<tr class=\"odd\">\n<td align=\"CENTER\" valign=\"BOTTOM\" height=\"20\">4<\/td>\n<td align=\"LEFT\" valign=\"BOTTOM\">Gypsy&#8217;s Soul Rambutan<\/td>\n<td align=\"LEFT\" valign=\"BOTTOM\">kuldne retriiver<\/td>\n<td align=\"LEFT\" valign=\"BOTTOM\">K\u00fclli Vunk &amp; Kalvo Kriisk<\/td>\n<td align=\"CENTER\" valign=\"BOTTOM\">73,6p<\/td>\n<\/tr>\n<tr>\n<td align=\"CENTER\" valign=\"BOTTOM\" height=\"20\">5<\/td>\n<td align=\"LEFT\" valign=\"BOTTOM\">Blue-Blooded Captain Basteta<\/td>\n<td align=\"LEFT\" valign=\"BOTTOM\">siledakarvaline retriiver<\/td>\n<td align=\"LEFT\" valign=\"BOTTOM\">Tatjana Zamorskaja<\/td>\n<td align=\"CENTER\" valign=\"BOTTOM\">72,9p<\/td>\n<\/tr>\n<tr class=\"odd\">\n<td align=\"CENTER\" valign=\"BOTTOM\" height=\"20\">6<\/td>\n<td align=\"LEFT\" valign=\"BOTTOM\">Royal Brown Cooper<\/td>\n<td align=\"LEFT\" valign=\"BOTTOM\">labradori retriiver<\/td>\n<td align=\"LEFT\" valign=\"BOTTOM\">Anneli Ilumets &amp; Britta Puusepp<\/td>\n<td align=\"CENTER\" valign=\"BOTTOM\">51p<\/td>\n<\/tr>\n<tr>\n<td align=\"CENTER\" valign=\"BOTTOM\" height=\"20\">7<\/td>\n<td align=\"LEFT\" valign=\"BOTTOM\">Merrilow Damaskus<\/td>\n<td align=\"LEFT\" valign=\"BOTTOM\">labradori retriiver<\/td>\n<td align=\"LEFT\" valign=\"BOTTOM\">Pille-Riin Sepp<\/td>\n<td align=\"CENTER\" valign=\"BOTTOM\">46p<\/td>\n<\/tr>\n<tr class=\"odd\">\n<td align=\"CENTER\" valign=\"BOTTOM\" height=\"20\">8<\/td>\n<td align=\"LEFT\" valign=\"BOTTOM\">Norbon Hill Bell Olive Nuare<\/td>\n<td align=\"LEFT\" valign=\"BOTTOM\">labradori retriiver<\/td>\n<td align=\"LEFT\" valign=\"BOTTOM\">Aili Kivinurm<\/td>\n<td align=\"CENTER\" valign=\"BOTTOM\">43p<\/td>\n<\/tr>\n<tr>\n<td align=\"CENTER\" valign=\"BOTTOM\" height=\"20\">9<\/td>\n<td align=\"LEFT\" valign=\"BOTTOM\">Gypsy&#8217;s Soul Osbert<\/td>\n<td align=\"LEFT\" valign=\"BOTTOM\">kiharakarvaline retriiver<\/td>\n<td align=\"LEFT\" valign=\"BOTTOM\">Kalvo Kriisk<\/td>\n<td align=\"CENTER\" valign=\"BOTTOM\">42,3p<\/td>\n<\/tr>\n<tr class=\"odd\">\n<td align=\"CENTER\" valign=\"BOTTOM\" height=\"20\">10<\/td>\n<td align=\"LEFT\" valign=\"BOTTOM\">Irwlend Calvin Chocolate<\/td>\n<td align=\"LEFT\" valign=\"BOTTOM\">labradori retriiver<\/td>\n<td align=\"LEFT\" valign=\"BOTTOM\">Sirja Hass<\/td>\n<td align=\"CENTER\" valign=\"BOTTOM\">41,8p<\/td>\n<\/tr>\n<tr>\n<td align=\"CENTER\" valign=\"BOTTOM\" height=\"20\">11<\/td>\n<td align=\"LEFT\" valign=\"BOTTOM\">Double Flame Jamie Shine<\/td>\n<td align=\"LEFT\" valign=\"BOTTOM\">kuldne retriiver<\/td>\n<td align=\"LEFT\" valign=\"BOTTOM\">Kaidi Kobar<\/td>\n<td align=\"CENTER\" valign=\"BOTTOM\">11p<\/td>\n<\/tr>\n<\/tbody>\n<\/table>\n<p>&nbsp;<\/p>\n<hr \/>\n<h3>Aasta N\u00e4ituseretriiver 2016:<\/h3>\n<p><img loading=\"lazy\" decoding=\"async\" class=\"wp-image-17306 aligncenter\" src=\"http:\/\/www.retriiverid.ee\/wp-content\/uploads\/2017\/02\/aasta-naituseretriiver-2016.jpg\" alt=\"\" width=\"423\" height=\"282\" srcset=\"https:\/\/www.retriiverid.ee\/wp-content\/uploads\/2017\/02\/aasta-naituseretriiver-2016.jpg 720w, https:\/\/www.retriiverid.ee\/wp-content\/uploads\/2017\/02\/aasta-naituseretriiver-2016-350x233.jpg 350w, https:\/\/www.retriiverid.ee\/wp-content\/uploads\/2017\/02\/aasta-naituseretriiver-2016-660x440.jpg 660w, https:\/\/www.retriiverid.ee\/wp-content\/uploads\/2017\/02\/aasta-naituseretriiver-2016-600x400.jpg 600w, https:\/\/www.retriiverid.ee\/wp-content\/uploads\/2017\/02\/aasta-naituseretriiver-2016-30x20.jpg 30w\" sizes=\"auto, (max-width: 423px) 100vw, 423px\" \/><\/p>\n<table>\n<tbody>\n<tr>\n<th align=\"CENTER\" valign=\"BOTTOM\" width=\"43\" height=\"20\"><\/th>\n<th align=\"CENTER\" valign=\"BOTTOM\" width=\"272\">koera nimi<\/th>\n<th align=\"CENTER\" valign=\"BOTTOM\" width=\"201\">t\u00f5ug<\/th>\n<th align=\"CENTER\" valign=\"BOTTOM\" width=\"245\">omanik<\/th>\n<th align=\"CENTER\" valign=\"BOTTOM\" width=\"124\">punktid<\/th>\n<\/tr>\n<tr>\n<td align=\"CENTER\" valign=\"BOTTOM\" height=\"20\"><strong>1<\/strong><\/td>\n<td align=\"LEFT\" valign=\"BOTTOM\"><strong>Tsunami Bella Mare<\/strong><\/td>\n<td align=\"LEFT\" valign=\"BOTTOM\"><strong>labradori retriiver<\/strong><\/td>\n<td align=\"LEFT\" valign=\"BOTTOM\"><strong>Pille-Riin Sepp<\/strong><\/td>\n<td align=\"CENTER\" valign=\"BOTTOM\"><strong>90,5p<\/strong><\/td>\n<\/tr>\n<tr class=\"odd\">\n<td align=\"CENTER\" valign=\"BOTTOM\" height=\"20\"><strong>2<\/strong><\/td>\n<td align=\"LEFT\" valign=\"BOTTOM\"><strong>Dutch Consolidation Quadrille<\/strong><\/td>\n<td align=\"LEFT\" valign=\"BOTTOM\"><strong>kuldne retriiver<\/strong><\/td>\n<td align=\"LEFT\" valign=\"BOTTOM\"><strong>Tatjana Zamorskaja<\/strong><\/td>\n<td align=\"CENTER\" valign=\"BOTTOM\"><strong>85p<\/strong><\/td>\n<\/tr>\n<tr>\n<td align=\"CENTER\" valign=\"BOTTOM\" height=\"20\"><strong>3<\/strong><\/td>\n<td align=\"LEFT\" valign=\"BOTTOM\"><strong>Gypsy&#8217;s Soul Heartbreaker<\/strong><\/td>\n<td align=\"LEFT\" valign=\"BOTTOM\"><strong>kiharakarvaline retriiver<\/strong><\/td>\n<td align=\"LEFT\" valign=\"BOTTOM\"><strong>Kalvo Kriisk<\/strong><\/td>\n<td align=\"CENTER\" valign=\"BOTTOM\"><strong>78,1p<\/strong><\/td>\n<\/tr>\n<tr class=\"odd\">\n<td align=\"CENTER\" valign=\"BOTTOM\" height=\"20\">4<\/td>\n<td align=\"LEFT\" valign=\"BOTTOM\">Gypsy&#8217;s Soul Rambutan<\/td>\n<td align=\"LEFT\" valign=\"BOTTOM\">kuldne retriiver<\/td>\n<td align=\"LEFT\" valign=\"BOTTOM\">K\u00fclli Vunk &amp; Kalvo Kriisk<\/td>\n<td align=\"CENTER\" valign=\"BOTTOM\">59,6p<\/td>\n<\/tr>\n<tr>\n<td align=\"CENTER\" valign=\"BOTTOM\" height=\"20\">5<\/td>\n<td align=\"LEFT\" valign=\"BOTTOM\">Merrilow Damaskus<\/td>\n<td align=\"LEFT\" valign=\"BOTTOM\">labradori retriiver<\/td>\n<td align=\"LEFT\" valign=\"BOTTOM\">Pille-Riin Sepp<\/td>\n<td align=\"CENTER\" valign=\"BOTTOM\">46p<\/td>\n<\/tr>\n<tr class=\"odd\">\n<td align=\"CENTER\" valign=\"BOTTOM\" height=\"20\">6<\/td>\n<td align=\"LEFT\" valign=\"BOTTOM\">Gypsy&#8217;s Soul Osbert<\/td>\n<td align=\"LEFT\" valign=\"BOTTOM\">kiharakarvaline retriiver<\/td>\n<td align=\"LEFT\" valign=\"BOTTOM\">Kalvo Kriisk<\/td>\n<td align=\"CENTER\" valign=\"BOTTOM\">42,3p<\/td>\n<\/tr>\n<tr>\n<td align=\"CENTER\" valign=\"BOTTOM\" height=\"20\">7<\/td>\n<td align=\"LEFT\" valign=\"BOTTOM\">Irwlend Calvin Chocolate<\/td>\n<td align=\"LEFT\" valign=\"BOTTOM\">labradori retriiver<\/td>\n<td align=\"LEFT\" valign=\"BOTTOM\">Sirja Hass<\/td>\n<td align=\"CENTER\" valign=\"BOTTOM\">41,8p<\/td>\n<\/tr>\n<tr class=\"odd\">\n<td align=\"CENTER\" valign=\"BOTTOM\" height=\"20\">8<\/td>\n<td align=\"LEFT\" valign=\"BOTTOM\">Blue-Blooded Captain Basteta<\/td>\n<td align=\"LEFT\" valign=\"BOTTOM\">siledakarvaline retriiver<\/td>\n<td align=\"LEFT\" valign=\"BOTTOM\">Tatjana Zamorskaja<\/td>\n<td align=\"CENTER\" valign=\"BOTTOM\">31,9p<\/td>\n<\/tr>\n<tr>\n<td align=\"CENTER\" valign=\"BOTTOM\" height=\"20\">9<\/td>\n<td align=\"LEFT\" valign=\"BOTTOM\">Royal Brown Cooper<\/td>\n<td align=\"LEFT\" valign=\"BOTTOM\">labradori retriiver<\/td>\n<td align=\"LEFT\" valign=\"BOTTOM\">Anneli Ilumets &amp; Britta Puusepp<\/td>\n<td align=\"CENTER\" valign=\"BOTTOM\">18p<\/td>\n<\/tr>\n<\/tbody>\n<\/table>\n<hr \/>\n<h3>Aasta T\u00f6\u00f6retriiver 2016<\/h3>\n<p><img loading=\"lazy\" decoding=\"async\" class=\"wp-image-17308 aligncenter\" src=\"http:\/\/www.retriiverid.ee\/wp-content\/uploads\/2017\/02\/aasta-tooretriiver-2016.jpg\" alt=\"\" width=\"222\" height=\"333\" srcset=\"https:\/\/www.retriiverid.ee\/wp-content\/uploads\/2017\/02\/aasta-tooretriiver-2016.jpg 480w, https:\/\/www.retriiverid.ee\/wp-content\/uploads\/2017\/02\/aasta-tooretriiver-2016-233x350.jpg 233w, https:\/\/www.retriiverid.ee\/wp-content\/uploads\/2017\/02\/aasta-tooretriiver-2016-400x600.jpg 400w, https:\/\/www.retriiverid.ee\/wp-content\/uploads\/2017\/02\/aasta-tooretriiver-2016-20x30.jpg 20w\" sizes=\"auto, (max-width: 222px) 100vw, 222px\" \/><\/p>\n<table>\n<tbody>\n<tr>\n<th align=\"CENTER\" valign=\"BOTTOM\" width=\"43\" height=\"20\"><\/th>\n<th align=\"CENTER\" valign=\"BOTTOM\" width=\"272\">koera nimi<\/th>\n<th align=\"CENTER\" valign=\"BOTTOM\" width=\"201\">t\u00f5ug<\/th>\n<th align=\"CENTER\" valign=\"BOTTOM\" width=\"245\">omanik<\/th>\n<th align=\"CENTER\" valign=\"BOTTOM\" width=\"124\">punktid<\/th>\n<\/tr>\n<tr>\n<td align=\"CENTER\" valign=\"BOTTOM\" height=\"20\"><strong>1<\/strong><\/td>\n<td align=\"LEFT\" valign=\"BOTTOM\"><strong>Blue-Blooded Captain Basteta<\/strong><\/td>\n<td align=\"LEFT\" valign=\"BOTTOM\"><strong>siledakarvaline retriiver<\/strong><\/td>\n<td align=\"LEFT\" valign=\"BOTTOM\"><strong>Tatjana Zamorskaja<\/strong><\/td>\n<td align=\"CENTER\" valign=\"BOTTOM\"><strong>45p<\/strong><\/td>\n<\/tr>\n<tr class=\"odd\">\n<td align=\"CENTER\" valign=\"BOTTOM\" height=\"20\"><strong>2<\/strong><\/td>\n<td align=\"LEFT\" valign=\"BOTTOM\"><strong>Dutch Consolidation Quadrille<\/strong><\/td>\n<td align=\"LEFT\" valign=\"BOTTOM\"><strong>kuldne retriiver<\/strong><\/td>\n<td align=\"LEFT\" valign=\"BOTTOM\"><strong>Tatjana Zamorskaja<\/strong><\/td>\n<td align=\"CENTER\" valign=\"BOTTOM\"><strong>37p<\/strong><\/td>\n<\/tr>\n<tr>\n<td align=\"CENTER\" valign=\"BOTTOM\" height=\"20\"><strong>3<\/strong><\/td>\n<td align=\"LEFT\" valign=\"BOTTOM\"><strong>Royal Brown Cooper<\/strong><\/td>\n<td align=\"LEFT\" valign=\"BOTTOM\"><strong>labradori retriiver<\/strong><\/td>\n<td align=\"LEFT\" valign=\"BOTTOM\"><strong>Anneli Ilumets &amp; Britta Puusepp<\/strong><\/td>\n<td align=\"CENTER\" valign=\"BOTTOM\"><strong>26p<\/strong><\/td>\n<\/tr>\n<tr class=\"odd\">\n<td align=\"CENTER\" valign=\"BOTTOM\" height=\"20\">4<\/td>\n<td align=\"LEFT\" valign=\"BOTTOM\">Gypsy&#8217;s Soul Rambutan<\/td>\n<td align=\"LEFT\" valign=\"BOTTOM\">kuldne retriiver<\/td>\n<td align=\"LEFT\" valign=\"BOTTOM\">K\u00fclli Vunk &amp; Kalvo Kriisk<\/td>\n<td align=\"CENTER\" valign=\"BOTTOM\">24p<\/td>\n<\/tr>\n<\/tbody>\n<\/table>\n<hr \/>\n<h3>Aasta Koolitusretriiver 2016<\/h3>\n<p><img loading=\"lazy\" decoding=\"async\" class=\"size-medium wp-image-17305 aligncenter\" src=\"http:\/\/www.retriiverid.ee\/wp-content\/uploads\/2017\/02\/aasta-koolitusretriiver-2016-233x350.jpg\" alt=\"\" width=\"233\" height=\"350\" srcset=\"https:\/\/www.retriiverid.ee\/wp-content\/uploads\/2017\/02\/aasta-koolitusretriiver-2016-233x350.jpg 233w, https:\/\/www.retriiverid.ee\/wp-content\/uploads\/2017\/02\/aasta-koolitusretriiver-2016-400x600.jpg 400w, https:\/\/www.retriiverid.ee\/wp-content\/uploads\/2017\/02\/aasta-koolitusretriiver-2016-20x30.jpg 20w, https:\/\/www.retriiverid.ee\/wp-content\/uploads\/2017\/02\/aasta-koolitusretriiver-2016.jpg 480w\" sizes=\"auto, (max-width: 233px) 100vw, 233px\" \/><\/p>\n<table>\n<tbody>\n<tr>\n<th align=\"CENTER\" valign=\"BOTTOM\" width=\"43\" height=\"20\"><\/th>\n<th align=\"CENTER\" valign=\"BOTTOM\" width=\"272\">koera nimi<\/th>\n<th align=\"CENTER\" valign=\"BOTTOM\" width=\"201\">t\u00f5ug<\/th>\n<th align=\"CENTER\" valign=\"BOTTOM\" width=\"245\">omanik<\/th>\n<th align=\"CENTER\" valign=\"BOTTOM\" width=\"124\">punktid<\/th>\n<\/tr>\n<tr>\n<td align=\"CENTER\" valign=\"BOTTOM\" height=\"20\"><strong>1<\/strong><\/td>\n<td align=\"LEFT\" valign=\"BOTTOM\"><strong>Norbon Hill Bell Olive Nuare<\/strong><\/td>\n<td align=\"LEFT\" valign=\"BOTTOM\"><strong>labradori retriiver<\/strong><\/td>\n<td align=\"LEFT\" valign=\"BOTTOM\"><strong>Aili Kivinurm<\/strong><\/td>\n<td align=\"CENTER\" valign=\"BOTTOM\"><strong>43p<\/strong><\/td>\n<\/tr>\n<tr class=\"odd\">\n<td align=\"CENTER\" valign=\"BOTTOM\" height=\"20\"><strong>2<\/strong><\/td>\n<td align=\"LEFT\" valign=\"BOTTOM\"><strong>Royal Brown Cooper<\/strong><\/td>\n<td align=\"LEFT\" valign=\"BOTTOM\"><strong>labradori retriiver<\/strong><\/td>\n<td align=\"LEFT\" valign=\"BOTTOM\"><strong>Anneli Ilumets &amp; Britta Puusepp<\/strong><\/td>\n<td align=\"CENTER\" valign=\"BOTTOM\"><strong>27p<\/strong><\/td>\n<\/tr>\n<tr>\n<td align=\"CENTER\" valign=\"BOTTOM\" height=\"20\"><strong>3-4<\/strong><\/td>\n<td align=\"LEFT\" valign=\"BOTTOM\"><strong>Dutch Consolidation Quadrille<\/strong><\/td>\n<td align=\"LEFT\" valign=\"BOTTOM\"><strong>kuldne retriiver<\/strong><\/td>\n<td align=\"LEFT\" valign=\"BOTTOM\"><strong>Tatjana Zamorskaja<\/strong><\/td>\n<td align=\"CENTER\" valign=\"BOTTOM\"><strong>16p<\/strong><\/td>\n<\/tr>\n<tr class=\"odd\">\n<td align=\"CENTER\" valign=\"BOTTOM\" height=\"20\"><strong>3-4<\/strong><\/td>\n<td align=\"LEFT\" valign=\"BOTTOM\"><strong>Blue-Blooded Captain Basteta<\/strong><\/td>\n<td align=\"LEFT\" valign=\"BOTTOM\"><strong>siledakarvaline retriiver<\/strong><\/td>\n<td align=\"LEFT\" valign=\"BOTTOM\"><strong>Tatjana Zamorskaja<\/strong><\/td>\n<td align=\"CENTER\" valign=\"BOTTOM\"><strong>16p<\/strong><\/td>\n<\/tr>\n<tr>\n<td align=\"CENTER\" valign=\"BOTTOM\" height=\"20\">5<\/td>\n<td align=\"LEFT\" valign=\"BOTTOM\">Double Flame Jamie Shine<\/td>\n<td align=\"LEFT\" valign=\"BOTTOM\">kuldne retriiver<\/td>\n<td align=\"LEFT\" valign=\"BOTTOM\">Kaidi Kobar<\/td>\n<td align=\"CENTER\" valign=\"BOTTOM\">11p<\/td>\n<\/tr>\n<\/tbody>\n<\/table>\n","protected":false},"excerpt":{"rendered":"<p>ERT\u00dc valis Aasta N\u00e4ituse Retriiveri, Aasta Koolituse Retriiveri, Aasta Jahi Retriiveri ning koondarvestuses Aasta Retriiveri. Arvesse l\u00e4ks koeraomaniku valikul maksimaalselt 7 n\u00e4ituse, koolituse ja jahitulemust. Aunimetus Aasta Retriiver 2016: omistatakse koerale, kes on saanud enim punkte katsetel, koolitusel ja n\u00e4itustel, kuid igas kategoorias ei ole tulemused vajalikud kui koondpunktid on k\u00f5rged. Aunimetus Aasta N\u00e4ituseretriiver 2016: [&hellip;]<\/p>\n","protected":false},"author":19,"featured_media":0,"parent":98,"menu_order":10,"comment_status":"closed","ping_status":"closed","template":"","meta":{"footnotes":""},"class_list":["post-17935","page","type-page","status-publish","hentry"],"_links":{"self":[{"href":"https:\/\/www.retriiverid.ee\/en\/wp-json\/wp\/v2\/pages\/17935","targetHints":{"allow":["GET"]}}],"collection":[{"href":"https:\/\/www.retriiverid.ee\/en\/wp-json\/wp\/v2\/pages"}],"about":[{"href":"https:\/\/www.retriiverid.ee\/en\/wp-json\/wp\/v2\/types\/page"}],"author":[{"embeddable":true,"href":"https:\/\/www.retriiverid.ee\/en\/wp-json\/wp\/v2\/users\/19"}],"replies":[{"embeddable":true,"href":"https:\/\/www.retriiverid.ee\/en\/wp-json\/wp\/v2\/comments?post=17935"}],"version-history":[{"count":4,"href":"https:\/\/www.retriiverid.ee\/en\/wp-json\/wp\/v2\/pages\/17935\/revisions"}],"predecessor-version":[{"id":17939,"href":"https:\/\/www.retriiverid.ee\/en\/wp-json\/wp\/v2\/pages\/17935\/revisions\/17939"}],"up":[{"embeddable":true,"href":"https:\/\/www.retriiverid.ee\/en\/wp-json\/wp\/v2\/pages\/98"}],"wp:attachment":[{"href":"https:\/\/www.retriiverid.ee\/en\/wp-json\/wp\/v2\/media?parent=17935"}],"curies":[{"name":"wp","href":"https:\/\/api.w.org\/{rel}","templated":true}]}}