{"id":15101,"date":"2015-11-21T16:38:40","date_gmt":"2015-11-21T13:38:40","guid":{"rendered":"http:\/\/www.retriiverid.ee\/?page_id=15101"},"modified":"2022-10-18T10:36:25","modified_gmt":"2022-10-18T07:36:25","slug":"lemmiklooma-kindlustamine","status":"publish","type":"page","link":"https:\/\/www.retriiverid.ee\/en\/tervis\/lemmiklooma-kindlustamine\/","title":{"rendered":"Lemmiklooma kindlustamine &#8211; kellele ja milleks?"},"content":{"rendered":"<p>&#8221; src=&#8221;<a href=\"http:\/\/www.retriiverid.ee\/wp-content\/uploads\/2010\/07\/super-kutsikas-e1314790566575-150&#215;150.jpg&#8221;\">http:\/\/www.retriiverid.ee\/wp-content\/uploads\/2010\/07\/super-kutsikas-e1314790566575-150&#215;150.jpg&#8221;<\/a> alt=&#8221;,,Ma ei tea maailmast veel midagi&#8221;&#8221; width=&#8221;150&#8243; height=&#8221;150&#8243; \/><\/p>\n<p>Autod, millega s\u00f5idame peavad olema kaetud v\u00e4hemalt kohustusliku liikluskindlustusega.Tihti hangitakse juurde ka kasko kindlustus riskide minimeerimiseks. Inimestel on haigekassa, kuhu iga kuu tehakse sissemakseid, et oleks olemas tervisekindlustus. Paljud on lisaks s\u00f5lminud ka elukindlustuspoliisi. Kas loomade kindlustamise v\u00f5imalused on olematud? Vastuseks on, et ei ole, kuid v\u00f5imalused on oluliselt piiratumad, kui eelmainitud juhtudel.<\/p>\n<p>Loomade kindlustust pakub momendil Eestis vaid IF Eesti Kindlustus ja Ergo Kindlustus. Kindlustada saab vaid tatoveeringu v\u00f5i mikrokiibiga m\u00e4rgistatud loomi. Valida saab erinevate kindlustuspakettide vahel ja kuumaksed algavad m\u00f5nest eurost kuus. Koeri ja kasse saab kindlustada alates 4. elukuust kuni 8. eluaastani. \u00dcle teatud eurose kindlustussumma korral peavad loomal olema t\u00f5upaberid.<\/p>\n<p>Kui Euroopas on suurem osa lemmikloomadest kindlustatud, siis Eestis on kindlustatud lemmikuid veel vaid 500 \u00fcmber. Populaarseimad kindlustatud t\u00f5ud on saksa lambakoer, labradori retriiver ja kuldne retriiver ning \u00fcle 90 protsendi s\u00f5lmitud lepingutest on koerte kindlustamiseks.\u00a0Kindlustada on v\u00f5imalik ka p\u00f5llumajandusloomi.<\/p>\n<p>Hinnake loomaga seotud riske ja pere finatsilisi v\u00f5imalusi juhuks, kui lemmikuga tuleb \u00f5nnetuse v\u00f5i haiguse t\u00f5ttu ootamatult veterinaaride poole p\u00f6\u00f6rduda. Kui mitmetuhandene ootamatu \u00f5nnetusj\u00e4rgne raviarve l\u00f6\u00f6b eelarvesse t\u00f5sisemat sorti augu tuleks kindlasti lemmiklooma kindlustust kaaluda. Kindlasti oleks m\u00f5istlik teenistus- v\u00f5i jahikoerte kindlustamisele m\u00f5tlemine, kuna nende koerte t\u00f6\u00f6 on k\u00f5rgendatud riskiga ja \u00f5nnetused kahjuks suhteliselt sagedased.<\/p>\n<p>Kuna loomadel ei ole haigekassat, siis lemmikloomakindlustus on siinkohal ainsaks v\u00f5imaluseks raviarvete kompenseerimiseks. Ning kui olete planeerinud koera v\u00f5i kassi kindlustus s\u00f5lmida, tuleks kindlasti lugeda l\u00e4bi kogu \u201epeenes kirjas\u201d s\u00e4testatu ja k\u00fcsida kindlustajalt lisak\u00fcsimusi erinevate juhtumite puhuks.<\/p>\n<p>Riskide valik:<\/p>\n<ul>\n<li>Hukkumine haiguse ja \u00f5nnetusjuhtumi tagaj\u00e4rjel<\/li>\n<li>Vargus<\/li>\n<li>R\u00f6\u00f6vimine<\/li>\n<li>Kadumine<\/li>\n<li>Ravikulud<\/li>\n<li>Jahi- v\u00f5i teenistuskoera v\u00e4\u00e4rtuse v\u00e4henemine<\/li>\n<li>Loomaomaniku reisit\u00f5rge<\/li>\n<li>Loomaomaniku vastutuskindlustus<\/li>\n<li>Kuulutamine ja leiutasu<\/li>\n<\/ul>\n<h3>Loe lisaks:<\/h3>\n<ul>\n<li>Siit saad lugeda lisaks <a href=\"https:\/\/ekindlustus.if.ee\/et\/kindlustused\/Lemmikloomakindlustus\" target=\"_blank\">IF Eesti Kindlustuse koera ja kassi kindlustusest<\/a><\/li>\n<li>Siit saad lugeda lisaks <span class=\"removed_link\" title=\"https:\/\/<a href=\"http:\/\/www.ergo.ee\/erakliendile\/loomakindlustus\/lemmikloom?gclid=CIq5zKHRockCFYHhcgod088Mm\">www.ergo.ee\/erakliendile\/loomakindlustus\/lemmikloom?gclid=CIq5zKHRockCFYHhcgod088Mm<\/a>g\">Ergo Kindlustuse lemmiklooma kindlustamisest<\/span><\/li>\n<\/ul>\n","protected":false},"excerpt":{"rendered":"<p>&#8221; src=&#8221;<a href=\"http:\/\/www.retriiverid.ee\/wp-content\/uploads\/2010\/07\/super-kutsikas-e1314790566575-150&#215;150.jpg&#8221;\">http:\/\/www.retriiverid.ee\/wp-content\/uploads\/2010\/07\/super-kutsikas-e1314790566575-150&#215;150.jpg&#8221;<\/a> alt=&#8221;,,Ma ei tea maailmast veel midagi&#8221;&#8221; width=&#8221;150&#8243; height=&#8221;150&#8243; \/> Autod, millega s\u00f5idame peavad olema kaetud v\u00e4hemalt kohustusliku liikluskindlustusega.Tihti hangitakse juurde ka kasko kindlustus riskide minimeerimiseks. Inimestel on haigekassa, kuhu iga kuu tehakse sissemakseid, et oleks olemas tervisekindlustus. Paljud on lisaks s\u00f5lminud ka elukindlustuspoliisi. Kas loomade kindlustamise v\u00f5imalused on olematud? Vastuseks on, et ei [&hellip;]<\/p>\n","protected":false},"author":19,"featured_media":0,"parent":83,"menu_order":20,"comment_status":"closed","ping_status":"open","template":"","meta":{"footnotes":""},"class_list":["post-15101","page","type-page","status-publish","hentry"],"_links":{"self":[{"href":"https:\/\/www.retriiverid.ee\/en\/wp-json\/wp\/v2\/pages\/15101","targetHints":{"allow":["GET"]}}],"collection":[{"href":"https:\/\/www.retriiverid.ee\/en\/wp-json\/wp\/v2\/pages"}],"about":[{"href":"https:\/\/www.retriiverid.ee\/en\/wp-json\/wp\/v2\/types\/page"}],"author":[{"embeddable":true,"href":"https:\/\/www.retriiverid.ee\/en\/wp-json\/wp\/v2\/users\/19"}],"replies":[{"embeddable":true,"href":"https:\/\/www.retriiverid.ee\/en\/wp-json\/wp\/v2\/comments?post=15101"}],"version-history":[{"count":3,"href":"https:\/\/www.retriiverid.ee\/en\/wp-json\/wp\/v2\/pages\/15101\/revisions"}],"predecessor-version":[{"id":20286,"href":"https:\/\/www.retriiverid.ee\/en\/wp-json\/wp\/v2\/pages\/15101\/revisions\/20286"}],"up":[{"embeddable":true,"href":"https:\/\/www.retriiverid.ee\/en\/wp-json\/wp\/v2\/pages\/83"}],"wp:attachment":[{"href":"https:\/\/www.retriiverid.ee\/en\/wp-json\/wp\/v2\/media?parent=15101"}],"curies":[{"name":"wp","href":"https:\/\/api.w.org\/{rel}","templated":true}]}}