{"id":10597,"date":"2012-06-25T23:12:17","date_gmt":"2012-06-25T20:12:17","guid":{"rendered":"http:\/\/www.retriiverid.ee\/?page_id=10597"},"modified":"2013-01-10T14:28:15","modified_gmt":"2013-01-10T11:28:15","slug":"parilikud-silmahaigused-voivad-votta-koeralt-alatiseks-nagemise","status":"publish","type":"page","link":"https:\/\/www.retriiverid.ee\/en\/tervis\/parilikud-silmahaigused-voivad-votta-koeralt-alatiseks-nagemise\/","title":{"rendered":"P\u00e4rilikud silmahaigused v\u00f5ivad v\u00f5tta koeralt alatiseks n\u00e4gemise"},"content":{"rendered":"","protected":false},"excerpt":{"rendered":"","protected":false},"author":19,"featured_media":0,"parent":83,"menu_order":20,"comment_status":"closed","ping_status":"open","template":"","meta":{"footnotes":""},"class_list":["post-10597","page","type-page","status-publish","hentry"],"_links":{"self":[{"href":"https:\/\/www.retriiverid.ee\/en\/wp-json\/wp\/v2\/pages\/10597","targetHints":{"allow":["GET"]}}],"collection":[{"href":"https:\/\/www.retriiverid.ee\/en\/wp-json\/wp\/v2\/pages"}],"about":[{"href":"https:\/\/www.retriiverid.ee\/en\/wp-json\/wp\/v2\/types\/page"}],"author":[{"embeddable":true,"href":"https:\/\/www.retriiverid.ee\/en\/wp-json\/wp\/v2\/users\/19"}],"replies":[{"embeddable":true,"href":"https:\/\/www.retriiverid.ee\/en\/wp-json\/wp\/v2\/comments?post=10597"}],"version-history":[{"count":0,"href":"https:\/\/www.retriiverid.ee\/en\/wp-json\/wp\/v2\/pages\/10597\/revisions"}],"up":[{"embeddable":true,"href":"https:\/\/www.retriiverid.ee\/en\/wp-json\/wp\/v2\/pages\/83"}],"wp:attachment":[{"href":"https:\/\/www.retriiverid.ee\/en\/wp-json\/wp\/v2\/media?parent=10597"}],"curies":[{"name":"wp","href":"https:\/\/api.w.org\/{rel}","templated":true}]}}